{"id":1134,"date":"2018-03-20T12:44:54","date_gmt":"2018-03-20T10:44:54","guid":{"rendered":"https:\/\/suomentulkkauspalvelut.fi\/?page_id=1134"},"modified":"2018-03-20T13:02:21","modified_gmt":"2018-03-20T11:02:21","slug":"pricing","status":"publish","type":"page","link":"https:\/\/suomentulkkauspalvelu.fi\/en\/pricing\/","title":{"rendered":"Pricing"},"content":{"rendered":"<p>[et_pb_section fb_built=&#8221;1&#8243; _builder_version=&#8221;3.0.98&#8243; background_image=&#8221;https:\/\/suomentulkkauspalvelut.fi\/wp-content\/uploads\/Suomen-Tulkkauspalvelut-Oy.jpg&#8221; custom_padding=&#8221;150px||150px|&#8221;][et_pb_row custom_margin=&#8221;|||&#8221; background_color=&#8221;rgba(12,12,12,0.4)&#8221; _builder_version=&#8221;3.0.98&#8243; module_alignment=&#8221;center&#8221; custom_margin_tablet=&#8221;50px||50px|&#8221; custom_margin_phone=&#8221;20px||20px|&#8221; custom_margin_last_edited=&#8221;on|phone&#8221; animation_direction=&#8221;bottom&#8221;][et_pb_column type=&#8221;4_4&#8243; _builder_version=&#8221;3.0.47&#8243; parallax=&#8221;off&#8221; parallax_method=&#8221;on&#8221;][et_pb_text background_layout=&#8221;dark&#8221; _builder_version=&#8221;3.0.92&#8243; text_font=&#8221;||||||||&#8221; link_font=&#8221;|600|||||||&#8221; link_text_color=&#8221;#494949&#8243; header_font=&#8221;|600|||||||&#8221; header_font_size=&#8221;52px&#8221; header_font_size_tablet=&#8221;35px&#8221; header_font_size_phone=&#8221;25px&#8221; header_font_size_last_edited=&#8221;on|phone&#8221; header_2_font=&#8221;|600|||||||&#8221; header_2_font_size=&#8221;50px&#8221; header_2_font_size_phone=&#8221;24px&#8221; header_2_font_size_last_edited=&#8221;on|phone&#8221; header_2_text_color=&#8221;#ffffff&#8221; header_3_font=&#8221;||||||||&#8221; header_3_font_size=&#8221;25px&#8221; header_3_font_size_tablet=&#8221;21px&#8221; header_3_font_size_phone=&#8221;16px&#8221; header_3_font_size_last_edited=&#8221;on|tablet&#8221; text_orientation=&#8221;center&#8221; animation_style=&#8221;slide&#8221; animation_direction=&#8221;top&#8221;]<\/p>\n<h2>PRICING<\/h2>\n<p>[\/et_pb_text][\/et_pb_column][\/et_pb_row][\/et_pb_section][et_pb_section fb_built=&#8221;1&#8243; background_color=&#8221;#ffffff&#8221; _builder_version=&#8221;3.0.105&#8243;][et_pb_row _builder_version=&#8221;3.0.95&#8243;][et_pb_column type=&#8221;4_4&#8243; _builder_version=&#8221;3.0.47&#8243; parallax=&#8221;off&#8221; parallax_method=&#8221;on&#8221;][et_pb_pricing_tables featured_table_header_background_color=&#8221;#0088cc&#8221; header_background_color=&#8221;#1cc954&#8243; bullet_color=&#8221;#0088cc&#8221; featured_table_bullet_color=&#8221;#0088cc&#8221; _builder_version=&#8221;3.0.106&#8243; border_radii=&#8221;on|6px|6px|6px|6px&#8221; border_color_all=&#8221;#efefef&#8221; custom_button=&#8221;on&#8221; button_text_size=&#8221;16px&#8221; button_text_color=&#8221;#0088cc&#8221; button_border_color=&#8221;#0088cc&#8221; button_border_radius=&#8221;25px&#8221; button_font=&#8221;|700|||||||&#8221; button_use_icon=&#8221;off&#8221; button_text_color_hover=&#8221;#ffffff&#8221; button_bg_color_hover=&#8221;#0088cc&#8221; button_border_radius_hover=&#8221;25px&#8221; button_alignment=&#8221;center&#8221;][et_pb_pricing_table title=&#8221;Telephone interpreting&#8221; subtitle=&#8221;-&#8221; currency=&#8221;\u20ac&#8221; per=&#8221;per 30 min&#8221; sum=&#8221;29&#8243; button_url=&#8221;https:\/\/suomentulkkauspalvelut.fi\/#ota-yhteytta&#8221; button_text=&#8221;Ask for an offer!&#8221; pricing_item_excluded_color=&#8221;#e02b20&#8243; _builder_version=&#8221;3.0.106&#8243; header_font=&#8221;||||||||&#8221; currency_frequency_font=&#8221;||||||||&#8221; price_font=&#8221;||||||||&#8221; price_text_color=&#8221;#0088cc&#8221;]<\/p>\n<p>Minimun charge 30 minutes<\/p>\n<p>The exceeding time will be charged at 30 minutes<\/p>\n<p>[\/et_pb_pricing_table][et_pb_pricing_table featured=&#8221;on&#8221; title=&#8221; Community interpreting&#8221; subtitle=&#8221;-&#8221; currency=&#8221;\u20ac&#8221; per=&#8221;h&#8221; sum=&#8221;58&#8243; button_url=&#8221;https:\/\/suomentulkkauspalvelut.fi\/#ota-yhteytta&#8221; button_text=&#8221;Ask for an offer!&#8221; _builder_version=&#8221;3.0.106&#8243; header_font=&#8221;||||||||&#8221; body_font=&#8221;||||||||&#8221; subheader_font=&#8221;||||||||&#8221; currency_frequency_font=&#8221;||||||||&#8221; price_font=&#8221;||||||||&#8221; border_radii=&#8221;on|4px|4px|4px|4px&#8221; custom_button=&#8221;on&#8221; button_text_size=&#8221;16px&#8221; button_text_color=&#8221;#0088cc&#8221; button_border_color=&#8221;#0088cc&#8221; button_border_radius=&#8221;25px&#8221; button_font=&#8221;||||||||&#8221; button_use_icon=&#8221;off&#8221; button_text_color_hover=&#8221;#ffffff&#8221; button_bg_color_hover=&#8221;#0088cc&#8221; button_rel=&#8221;off|off|off|off|off&#8221;]<\/p>\n<p>A minimum charge 1 hour.<\/p>\n<p>The exceeding time will be charged at 30 minutes<\/p>\n<p>[\/et_pb_pricing_table][et_pb_pricing_table title=&#8221;Judicial interpreting, Conference interpreting&#8221; currency=&#8221;\u20ac&#8221; per=&#8221;h&#8221; sum=&#8221;76&#8243; button_url=&#8221;https:\/\/suomentulkkauspalvelut.fi\/#ota-yhteytta&#8221; button_text=&#8221;Ask for an offer!&#8221; _builder_version=&#8221;3.0.106&#8243; subheader_font=&#8221;||||||||&#8221; currency_frequency_font=&#8221;||||||||&#8221; price_font=&#8221;||||||||&#8221;]<\/p>\n<p>Interpreting on the spot minimum charge 3h<\/p>\n<p>The exceeding time will be charged at 30 minutes<\/p>\n<p>[\/et_pb_pricing_table][\/et_pb_pricing_tables][\/et_pb_column][\/et_pb_row][\/et_pb_section][et_pb_section fb_built=&#8221;1&#8243; _builder_version=&#8221;3.0.105&#8243; custom_padding=&#8221;60px|0px|50px|0px&#8221;][et_pb_row custom_padding=&#8221;40px|0px|24px|0px&#8221; _builder_version=&#8221;3.0.105&#8243;][et_pb_column type=&#8221;4_4&#8243; _builder_version=&#8221;3.0.47&#8243; parallax=&#8221;off&#8221; parallax_method=&#8221;on&#8221;][et_pb_text _builder_version=&#8221;3.0.106&#8243; header_font=&#8221;|700|||||||&#8221; header_font_size=&#8221;39px&#8221; header_2_font=&#8221;|700|||||||&#8221; header_2_font_size=&#8221;35px&#8221;]<\/p>\n<h2 style=\"text-align: center;\">TRANSLATION<\/h2>\n<h3 style=\"text-align: center;\"><strong>Would you like to have high-quality and professional interpreting services?<\/strong><\/h3>\n<p style=\"text-align: center;\">Try it \u2013 Asking for an offer isn&#8217;t binding you on anything.<\/p>\n<p style=\"text-align: center;\"><a href=\"mailto:tilaus@suomentulkkauspalvelut.fi\">tilaus@suomentulkkauspalvelut.fi<\/a><\/p>\n<p>[\/et_pb_text][et_pb_button button_url=&#8221;https:\/\/suomentulkkauspalvelut.fi\/#ota-yhteytta&#8221; url_new_window=&#8221;on&#8221; button_text=&#8221;Ask for an offer!&#8221; button_alignment=&#8221;center&#8221; _builder_version=&#8221;3.0.106&#8243; custom_margin=&#8221;20px|||&#8221; custom_margin_tablet=&#8221;20px||50px|&#8221; custom_margin_phone=&#8221;10px||40px|&#8221; custom_margin_last_edited=&#8221;on|phone&#8221; custom_padding=&#8221;|30px||30px&#8221; custom_button=&#8221;on&#8221; button_text_size=&#8221;16px&#8221; button_text_color=&#8221;#0088cc&#8221; button_border_color=&#8221;#0088cc&#8221; button_border_radius=&#8221;25px&#8221; button_font=&#8221;|700|||||||&#8221; button_use_icon=&#8221;off&#8221; button_text_color_hover=&#8221;#ffffff&#8221; button_bg_color_hover=&#8221;#0088cc&#8221; button_border_radius_hover=&#8221;25px&#8221; button_text_size_last_edited=&#8221;on|desktop&#8221;]<\/p>\n<p style=\"text-align: center;\"><strong>Tarvitsetteko laadukasta k\u00e4\u00e4nn\u00f6spalvelua?<\/strong><br \/>\nKlikkaa alla olevaa painiketta ja kerro lis\u00e4\u00e4 k\u00e4\u00e4nn\u00f6sest\u00e4, teemme teille tarjouksen ja voitte sitten p\u00e4\u00e4tt\u00e4\u00e4 hyv\u00e4ksyttek\u00f6 tarjoustamme!<\/p>\n<p style=\"text-align: center;\">Tai s\u00e4hk\u00f6postitse: <a href=\"mailto:tilaus@suomentulkkauspalvelut.fi\">tilaus@suomentulkkauspalvelut.fi<\/a><\/p>\n<p>[\/et_pb_button][et_pb_text _builder_version=&#8221;3.0.106&#8243;][\/et_pb_text][\/et_pb_column][\/et_pb_row][\/et_pb_section]<\/p>\n","protected":false},"excerpt":{"rendered":"<p>PRICING Minimun charge 30 minutes The exceeding time will be charged at 30 minutes A minimum charge 1 hour. The exceeding time will be charged at 30 minutes Interpreting on the spot minimum charge 3h The exceeding time will be charged at 30 minutes TRANSLATION Would you like to have high-quality and professional interpreting services? [&hellip;]<\/p>\n","protected":false},"author":1,"featured_media":0,"parent":0,"menu_order":0,"comment_status":"closed","ping_status":"closed","template":"","meta":{"_et_pb_use_builder":"on","_et_pb_old_content":"","_et_gb_content_width":"","footnotes":""},"categories":[],"class_list":["post-1134","page","type-page","status-publish","hentry"],"_links":{"self":[{"href":"https:\/\/suomentulkkauspalvelu.fi\/en\/wp-json\/wp\/v2\/pages\/1134","targetHints":{"allow":["GET"]}}],"collection":[{"href":"https:\/\/suomentulkkauspalvelu.fi\/en\/wp-json\/wp\/v2\/pages"}],"about":[{"href":"https:\/\/suomentulkkauspalvelu.fi\/en\/wp-json\/wp\/v2\/types\/page"}],"author":[{"embeddable":true,"href":"https:\/\/suomentulkkauspalvelu.fi\/en\/wp-json\/wp\/v2\/users\/1"}],"replies":[{"embeddable":true,"href":"https:\/\/suomentulkkauspalvelu.fi\/en\/wp-json\/wp\/v2\/comments?post=1134"}],"version-history":[{"count":0,"href":"https:\/\/suomentulkkauspalvelu.fi\/en\/wp-json\/wp\/v2\/pages\/1134\/revisions"}],"wp:attachment":[{"href":"https:\/\/suomentulkkauspalvelu.fi\/en\/wp-json\/wp\/v2\/media?parent=1134"}],"wp:term":[{"taxonomy":"category","embeddable":true,"href":"https:\/\/suomentulkkauspalvelu.fi\/en\/wp-json\/wp\/v2\/categories?post=1134"}],"curies":[{"name":"wp","href":"https:\/\/api.w.org\/{rel}","templated":true}]}}