{"id":1145,"date":"2018-03-20T13:21:02","date_gmt":"2018-03-20T11:21:02","guid":{"rendered":"https:\/\/suomentulkkauspalvelut.fi\/?page_id=1145"},"modified":"2018-03-20T15:11:36","modified_gmt":"2018-03-20T13:11:36","slug":"interpreting-finnish-helsinki","status":"publish","type":"page","link":"https:\/\/suomentulkkauspalvelu.fi\/en\/interpreting-finnish-helsinki\/","title":{"rendered":"Interpreter"},"content":{"rendered":"<p>[et_pb_section fb_built=&#8221;1&#8243; _builder_version=&#8221;3.0.91&#8243; background_image=&#8221;https:\/\/suomentulkkauspalvelut.fi\/wp-content\/uploads\/Suomen-Tulkkauspalvelut-Oy.jpg&#8221;][et_pb_row custom_margin=&#8221;80px||80px|&#8221; background_color=&#8221;rgba(12,12,12,0.4)&#8221; _builder_version=&#8221;3.0.105&#8243; module_alignment=&#8221;center&#8221; custom_margin_tablet=&#8221;50px||50px|&#8221; custom_margin_phone=&#8221;20px||20px|&#8221; custom_margin_last_edited=&#8221;on|phone&#8221; animation_direction=&#8221;bottom&#8221;][et_pb_column type=&#8221;4_4&#8243; _builder_version=&#8221;3.0.47&#8243; parallax=&#8221;off&#8221; parallax_method=&#8221;on&#8221;][et_pb_text background_layout=&#8221;dark&#8221; _builder_version=&#8221;3.0.105&#8243; text_font=&#8221;||||||||&#8221; link_font=&#8221;|600|||||||&#8221; link_text_color=&#8221;#494949&#8243; header_font=&#8221;|600|||||||&#8221; header_font_size=&#8221;52px&#8221; header_font_size_tablet=&#8221;35px&#8221; header_font_size_phone=&#8221;25px&#8221; header_font_size_last_edited=&#8221;on|phone&#8221; header_2_font=&#8221;|600|||||||&#8221; header_2_font_size=&#8221;50px&#8221; header_2_font_size_phone=&#8221;24px&#8221; header_2_font_size_last_edited=&#8221;on|phone&#8221; header_2_text_color=&#8221;#ffffff&#8221; header_3_font=&#8221;||||||||&#8221; header_3_font_size=&#8221;25px&#8221; header_3_font_size_tablet=&#8221;21px&#8221; header_3_font_size_phone=&#8221;16px&#8221; header_3_font_size_last_edited=&#8221;on|tablet&#8221; text_orientation=&#8221;center&#8221; animation_style=&#8221;slide&#8221; animation_direction=&#8221;top&#8221;]<\/p>\n<h1>INTERPRETING SERVICE<\/h1>\n<p>[\/et_pb_text][\/et_pb_column][\/et_pb_row][\/et_pb_section][et_pb_section fb_built=&#8221;1&#8243; _builder_version=&#8221;3.0.105&#8243; custom_padding=&#8221;49px|0px|20px|0px&#8221;][et_pb_row custom_padding=&#8221;0px|0px|0px|0px&#8221; _builder_version=&#8221;3.0.105&#8243;][et_pb_column type=&#8221;4_4&#8243; _builder_version=&#8221;3.0.47&#8243; parallax=&#8221;off&#8221; parallax_method=&#8221;on&#8221;][et_pb_text _builder_version=&#8221;3.0.93&#8243; text_font=&#8221;||||||||&#8221; text_font_size_last_edited=&#8221;on|desktop&#8221; header_font=&#8221;|700||on|||||&#8221; header_font_size=&#8221;40px&#8221; header_font_size_tablet=&#8221;25px&#8221; header_font_size_phone=&#8221;18px&#8221; header_font_size_last_edited=&#8221;on|desktop&#8221; header_2_font=&#8221;|700|||||||&#8221; header_2_text_align=&#8221;center&#8221; header_2_font_size=&#8221;45px&#8221; header_2_font_size_tablet=&#8221;29px&#8221; header_2_font_size_phone=&#8221;26px&#8221; header_2_font_size_last_edited=&#8221;on|desktop&#8221; header_2_text_color=&#8221;#6d6d6d&#8221; header_2_letter_spacing_last_edited=&#8221;off|desktop&#8221; text_orientation=&#8221;center&#8221; max_width_last_edited=&#8221;on|phone&#8221; custom_margin_last_edited=&#8221;on|desktop&#8221; animation_style=&#8221;fade&#8221; animation_delay=&#8221;500ms&#8221;]<\/p>\n<h1>Interpreting services in more than 80 languages<\/h1>\n<p>[\/et_pb_text][et_pb_text _builder_version=&#8221;3.0.105&#8243;] <span style=\"font-size: 16px;\">We offer high\u00ad quality and professional interpreting and translation services at a reasonable price throughout Finland.<\/span> <span style=\"font-size: 16px;\">We offer reliable and trained professionals in the field of interpreting and translation to authorities, companies and individuals all around Finland. All the interpreters and translators working in our company are bound by professional secrecy and obligation of confidentiality. <\/span> [\/et_pb_text][et_pb_button _builder_version=&#8221;3.0.105&#8243;][\/et_pb_button][\/et_pb_column][\/et_pb_row][et_pb_row custom_padding=&#8221;0px|0px|0px|0px&#8221; custom_margin=&#8221;|||&#8221; _builder_version=&#8221;3.0.106&#8243; border_radii=&#8221;|40px|40px||&#8221;][et_pb_column type=&#8221;4_4&#8243; _builder_version=&#8221;3.0.47&#8243; parallax=&#8221;off&#8221; parallax_method=&#8221;on&#8221;][et_pb_image src=&#8221;https:\/\/suomentulkkauspalvelut.fi\/wp-content\/uploads\/tulkki-tulkkikeskus-tulkkipalvelut-asioimistulkki.png&#8221; _builder_version=&#8221;3.0.106&#8243; background_color=&#8221;#8e8e8e&#8221;][\/et_pb_image][\/et_pb_column][\/et_pb_row][et_pb_row _builder_version=&#8221;3.0.105&#8243;][et_pb_column type=&#8221;4_4&#8243; _builder_version=&#8221;3.0.47&#8243; parallax=&#8221;off&#8221; parallax_method=&#8221;on&#8221;][et_pb_text _builder_version=&#8221;3.0.106&#8243;]<\/p>\n<h2><\/h2>\n<h2><strong>WE INTERPRETING<br \/>\n<\/strong><\/h2>\n<p><strong><br \/>\nOn-site interpreting<\/strong><br \/>\nThe oldest and most traditional form of interpreting. The interpreter works on-site and facilitates a conversation between two people who lack a common language.<\/p>\n<p><strong>Telephone and video interpreting<br \/>\n<\/strong><span style=\"font-size: 16px;\">Telephone and video interpreting is an economic and an ecological alternative. Telephone or video interpreting is best suited if interpreting is needed quickly or for a short period of time.<\/span><\/p>\n<p class=\"p1\"><strong>Judicial interpreting<br \/>\n<\/strong>Judicial interpreting is needed in different kinds of judicial situations. Judicial interpreting is used in crime\u00ad, dispute\u00ad, application\u00ad and administrative issues. Judicial interpreting requires the interpreter to be absolutely neutral.<\/p>\n<p class=\"p1\"><strong>Message interpreting<\/strong><br \/>\n<span style=\"font-size: 16px;\">Message interpreting is an interpreting service with the help of which we convey a message of your choice. Our interpreter interprets your message by telephone to the language of the customer.<\/span><\/p>\n<p class=\"p1\">\n<p class=\"p1\"><strong>Cultural interpreting<\/strong><br \/>\nA cultural interpreter is a representative of the same culture who functions as a support for an immigrant to guide him\/her in the use of a service system and services as well as taking care of issues of everyday life.<\/p>\n<p class=\"p1\">\n<p class=\"p1\"><strong><span style=\"font-size: 16px;\">Conference interpreting<br \/>\n<\/span><\/strong>Conference interpreting is either simultaneous interpreting or consecutive interpreting in big conference situations. We offer you all the parts of the conference interpreting: interpreting and devices.<\/p>\n<p>[\/et_pb_text][\/et_pb_column][\/et_pb_row][\/et_pb_section][et_pb_section fb_built=&#8221;1&#8243; module_id=&#8221;kielivalikoima&#8221; _builder_version=&#8221;3.0.105&#8243; custom_padding=&#8221;70px|0px|49px|0px&#8221;][et_pb_row _builder_version=&#8221;3.0.105&#8243;][et_pb_column type=&#8221;4_4&#8243; _builder_version=&#8221;3.0.47&#8243; parallax=&#8221;off&#8221; parallax_method=&#8221;on&#8221;][et_pb_text _builder_version=&#8221;3.0.98&#8243; header_font=&#8221;||||||||&#8221; header_2_font=&#8221;||||||||&#8221; header_2_font_size=&#8221;35px&#8221;]<\/p>\n<h2 style=\"text-align: center;\">LANGUAGE SELECTION<\/h2>\n<p>[\/et_pb_text][\/et_pb_column][\/et_pb_row][et_pb_row _builder_version=&#8221;3.0.98&#8243;][et_pb_column type=&#8221;1_4&#8243; _builder_version=&#8221;3.0.47&#8243; parallax=&#8221;off&#8221; parallax_method=&#8221;on&#8221;][et_pb_text _builder_version=&#8221;3.0.98&#8243;]<\/p>\n<ul>\n<li>Albanian<\/li>\n<li>Amhara<\/li>\n<li>Arabic<\/li>\n<li>Arabic of northern <br \/>Africa<\/li>\n<li>Arameic<\/li>\n<li>Azeri<\/li>\n<li>Bahasa<\/li>\n<li>Indonesia<\/li>\n<li>Bahdini<\/li>\n<li>Belarusian, Bengal<\/li>\n<li>Berber<\/li>\n<li>Bini (Edo)<\/li>\n<li>Bosnian<\/li>\n<li>Bulgarian<\/li>\n<li>Cantonese<\/li>\n<li>Croatian, look also Bosnian,<\/li>\n<li>Czech<\/li>\n<li>Dari<\/li>\n<li>Dinka<\/li>\n<li>Dutch<\/li>\n<\/ul>\n<p>[\/et_pb_text][\/et_pb_column][et_pb_column type=&#8221;1_4&#8243; _builder_version=&#8221;3.0.47&#8243; parallax=&#8221;off&#8221; parallax_method=&#8221;on&#8221;][et_pb_text _builder_version=&#8221;3.0.98&#8243;]<\/p>\n<ul>\n<li>English<\/li>\n<li>Estonian<\/li>\n<li>Farsi<\/li>\n<li>Feyli<\/li>\n<li>Fijan<\/li>\n<li>French<\/li>\n<li>Georgian<\/li>\n<li>German<\/li>\n<li>Greek<\/li>\n<li>Gujarati<\/li>\n<li>Hebrew<\/li>\n<li>Hindi<\/li>\n<li>Hungarian<\/li>\n<li>Italian<\/li>\n<li>Japanese<\/li>\n<li>Jarai<\/li>\n<li>Jola<\/li>\n<li>Kambod\u017ea<\/li>\n<li>Karen<\/li>\n<li>Kazakh<\/li>\n<li>Khmer<\/li>\n<li>Kinyarwanda (Rwanda)<\/li>\n<\/ul>\n<p>[\/et_pb_text][\/et_pb_column][et_pb_column type=&#8221;1_4&#8243; _builder_version=&#8221;3.0.47&#8243; parallax=&#8221;off&#8221; parallax_method=&#8221;on&#8221;][et_pb_text _builder_version=&#8221;3.0.98&#8243;]<\/p>\n<ul>\n<li>Kirghiz Kirundi<\/li>\n<li>Kongo<\/li>\n<li>Kurdish (Sorani, Badini, Kurmanji)<\/li>\n<li>Lao<\/li>\n<li>Lari<\/li>\n<li>Latvian<\/li>\n<li>Lingala<\/li>\n<li>Lithuanian<\/li>\n<li>Macedonian Malay<\/li>\n<li>Mandarin Chinese<\/li>\n<li>Mandinka<\/li>\n<li>Mon<\/li>\n<li>Myanmar (Burmese)<\/li>\n<li>Nepalese<\/li>\n<li>Newari<\/li>\n<li>Norwegian<\/li>\n<li>Pasto Afghan<\/li>\n<li>Philipino Tagalog<\/li>\n<li>Polish<\/li>\n<li>Portugese<\/li>\n<li>Punjabi<\/li>\n<\/ul>\n<p>[\/et_pb_text][\/et_pb_column][et_pb_column type=&#8221;1_4&#8243; _builder_version=&#8221;3.0.47&#8243; parallax=&#8221;off&#8221; parallax_method=&#8221;on&#8221;][et_pb_text _builder_version=&#8221;3.0.98&#8243;]<\/p>\n<ul>\n<li>Romanian<\/li>\n<li>Russian<\/li>\n<li>Serbian<\/li>\n<li>Serbo-Croatian<\/li>\n<li>Serer Slovak<\/li>\n<li>Slovene<\/li>\n<li>Somali<\/li>\n<li>Sorani<\/li>\n<li>Spanish<\/li>\n<li>Swahili<\/li>\n<li>Swahili of Kongo<\/li>\n<li>Swedish<\/li>\n<li>Tamili<\/li>\n<li>Thai<\/li>\n<li>Turkish Turkmen<\/li>\n<li>Uyghur<\/li>\n<li>Ukrainian<\/li>\n<li>Urdu<\/li>\n<li>Uzbek<\/li>\n<li>Vietnamese<\/li>\n<li>Wolof<\/li>\n<li>Yoruba<\/li>\n<\/ul>\n<p>[\/et_pb_text][\/et_pb_column][\/et_pb_row][\/et_pb_section][et_pb_section fb_built=&#8221;1&#8243; _builder_version=&#8221;3.0.105&#8243; custom_padding=&#8221;30px|0px|49px|0px&#8221;][et_pb_row _builder_version=&#8221;3.0.98&#8243;][et_pb_column type=&#8221;4_4&#8243; _builder_version=&#8221;3.0.47&#8243; parallax=&#8221;off&#8221; parallax_method=&#8221;on&#8221;][et_pb_text _builder_version=&#8221;3.0.98&#8243; header_font=&#8221;||||||||&#8221; header_2_font=&#8221;||||||||&#8221; header_2_font_size=&#8221;35px&#8221;]<\/p>\n<h2 style=\"text-align: center;\">OUR SERVICES ALL OVER FINLAND<\/h2>\n<p>[\/et_pb_text][\/et_pb_column][\/et_pb_row][et_pb_row _builder_version=&#8221;3.0.98&#8243;][et_pb_column type=&#8221;1_4&#8243; _builder_version=&#8221;3.0.47&#8243; parallax=&#8221;off&#8221; parallax_method=&#8221;on&#8221;][et_pb_text _builder_version=&#8221;3.0.106&#8243;]<\/p>\n<ul>\n<li>Helsinki<\/li>\n<li>Espoo<\/li>\n<li>Tampere<\/li>\n<li>Vantaa<\/li>\n<li>Oulu<\/li>\n<li>Turku<\/li>\n<li>Jyv\u00e4skyl\u00e4<\/li>\n<li>Lahti<\/li>\n<li>Kuopio<\/li>\n<li>Kouvola<\/li>\n<\/ul>\n<p>[\/et_pb_text][\/et_pb_column][et_pb_column type=&#8221;1_4&#8243; _builder_version=&#8221;3.0.47&#8243; parallax=&#8221;off&#8221; parallax_method=&#8221;on&#8221;][et_pb_text _builder_version=&#8221;3.0.98&#8243;]<\/p>\n<ul>\n<li>Pori<\/li>\n<li>Joensuu<\/li>\n<li>Lappeenranta<\/li>\n<li>H\u00e4meenlinna<\/li>\n<li>Vaasa<\/li>\n<li>Rovaniemi<\/li>\n<li>Sein\u00e4joki<\/li>\n<li>Mikkeli<\/li>\n<li>Kotka<\/li>\n<li>Salo<\/li>\n<\/ul>\n<p>[\/et_pb_text][\/et_pb_column][et_pb_column type=&#8221;1_4&#8243; _builder_version=&#8221;3.0.47&#8243; parallax=&#8221;off&#8221; parallax_method=&#8221;on&#8221;][et_pb_text _builder_version=&#8221;3.0.98&#8243;]<\/p>\n<ul>\n<li>Porvoo<\/li>\n<li>Kokkola<\/li>\n<li>Lohja<\/li>\n<li>Hyvink\u00e4\u00e4<\/li>\n<li>Nurmij\u00e4rvi<\/li>\n<li>J\u00e4rvenp\u00e4\u00e4<\/li>\n<li>Rauma<\/li>\n<li>Kirkkonummi<\/li>\n<li>Tuusula<\/li>\n<li>Kajaani<\/li>\n<\/ul>\n<p>[\/et_pb_text][\/et_pb_column][et_pb_column type=&#8221;1_4&#8243; _builder_version=&#8221;3.0.47&#8243; parallax=&#8221;off&#8221; parallax_method=&#8221;on&#8221;][et_pb_text _builder_version=&#8221;3.0.98&#8243;]<\/p>\n<ul>\n<li>Savonlinna<\/li>\n<li>Kerava<\/li>\n<li>Nokia<\/li>\n<li>Yl\u00f6j\u00e4rvi<\/li>\n<li>Kaarina<\/li>\n<li>Kangasala<\/li>\n<li>Riihim\u00e4ki<\/li>\n<li>Vihti<\/li>\n<li>Raasepori<\/li>\n<li>Imatra<\/li>\n<\/ul>\n<p>[\/et_pb_text][\/et_pb_column][\/et_pb_row][\/et_pb_section]<\/p>\n","protected":false},"excerpt":{"rendered":"<p>INTERPRETING SERVICE Interpreting services in more than 80 languages We offer high\u00ad quality and professional interpreting and translation services at a reasonable price throughout Finland. We offer reliable and trained professionals in the field of interpreting and translation to authorities, companies and individuals all around Finland. All the interpreters and translators working in our company [&hellip;]<\/p>\n","protected":false},"author":1,"featured_media":0,"parent":0,"menu_order":0,"comment_status":"closed","ping_status":"closed","template":"","meta":{"_et_pb_use_builder":"on","_et_pb_old_content":"","_et_gb_content_width":"","footnotes":""},"categories":[],"class_list":["post-1145","page","type-page","status-publish","hentry"],"_links":{"self":[{"href":"https:\/\/suomentulkkauspalvelu.fi\/en\/wp-json\/wp\/v2\/pages\/1145","targetHints":{"allow":["GET"]}}],"collection":[{"href":"https:\/\/suomentulkkauspalvelu.fi\/en\/wp-json\/wp\/v2\/pages"}],"about":[{"href":"https:\/\/suomentulkkauspalvelu.fi\/en\/wp-json\/wp\/v2\/types\/page"}],"author":[{"embeddable":true,"href":"https:\/\/suomentulkkauspalvelu.fi\/en\/wp-json\/wp\/v2\/users\/1"}],"replies":[{"embeddable":true,"href":"https:\/\/suomentulkkauspalvelu.fi\/en\/wp-json\/wp\/v2\/comments?post=1145"}],"version-history":[{"count":0,"href":"https:\/\/suomentulkkauspalvelu.fi\/en\/wp-json\/wp\/v2\/pages\/1145\/revisions"}],"wp:attachment":[{"href":"https:\/\/suomentulkkauspalvelu.fi\/en\/wp-json\/wp\/v2\/media?parent=1145"}],"wp:term":[{"taxonomy":"category","embeddable":true,"href":"https:\/\/suomentulkkauspalvelu.fi\/en\/wp-json\/wp\/v2\/categories?post=1145"}],"curies":[{"name":"wp","href":"https:\/\/api.w.org\/{rel}","templated":true}]}}