{"id":1376,"date":"2018-03-31T01:19:48","date_gmt":"2018-03-30T23:19:48","guid":{"rendered":"https:\/\/suomentulkkauspalvelut.fi\/?page_id=1376"},"modified":"2023-10-05T09:21:39","modified_gmt":"2023-10-05T07:21:39","slug":"puhelintulkkaus","status":"publish","type":"page","link":"https:\/\/suomentulkkauspalvelu.fi\/en\/puhelintulkkaus\/","title":{"rendered":"Telephone interpretation"},"content":{"rendered":"<p>[et_pb_section fb_built=&#8221;1&#8243; _builder_version=&#8221;4.16&#8243; background_color=&#8221;#0088cc&#8221; background_image=&#8221;https:\/\/suomentulkkauspalvelut.fi\/wp-content\/uploads\/Suomen-Tulkkauspalvelut-Oy.jpg&#8221; global_colors_info=&#8221;{}&#8221;][et_pb_row _builder_version=&#8221;4.16&#8243; module_alignment=&#8221;center&#8221; custom_margin=&#8221;|||&#8221; custom_margin_tablet=&#8221;50px||50px|&#8221; custom_margin_phone=&#8221;20px||20px|&#8221; custom_margin_last_edited=&#8221;on|phone&#8221; animation_direction=&#8221;bottom&#8221; global_colors_info=&#8221;{}&#8221;][et_pb_column type=&#8221;4_4&#8243; _builder_version=&#8221;4.16&#8243; custom_padding=&#8221;|||&#8221; global_colors_info=&#8221;{}&#8221; custom_padding__hover=&#8221;|||&#8221;][et_pb_text _builder_version=&#8221;4.16&#8243; text_font=&#8221;||||||||&#8221; link_font=&#8221;|600|||||||&#8221; link_text_color=&#8221;#494949&#8243; header_font=&#8221;|600|||||||&#8221; header_font_size=&#8221;52px&#8221; header_2_font=&#8221;|600|||||||&#8221; header_2_text_color=&#8221;#ffffff&#8221; header_2_font_size=&#8221;50px&#8221; header_3_font=&#8221;||||||||&#8221; header_3_font_size=&#8221;25px&#8221; text_orientation=&#8221;center&#8221; background_layout=&#8221;dark&#8221; animation_style=&#8221;slide&#8221; animation_direction=&#8221;top&#8221; header_font_size_tablet=&#8221;35px&#8221; header_font_size_phone=&#8221;25px&#8221; header_font_size_last_edited=&#8221;on|phone&#8221; header_2_font_size_tablet=&#8221;&#8221; header_2_font_size_phone=&#8221;24px&#8221; header_2_font_size_last_edited=&#8221;on|phone&#8221; header_3_font_size_tablet=&#8221;21px&#8221; header_3_font_size_phone=&#8221;16px&#8221; header_3_font_size_last_edited=&#8221;on|tablet&#8221; global_colors_info=&#8221;{}&#8221;]<\/p>\n<h1>PUHELINTULKKAUS<\/h1>\n<p>[\/et_pb_text][\/et_pb_column][\/et_pb_row][\/et_pb_section][et_pb_section fb_built=&#8221;1&#8243; _builder_version=&#8221;4.16&#8243; custom_padding=&#8221;20px|0|40px|0px&#8221; animation_style=&#8221;slide&#8221; animation_direction=&#8221;bottom&#8221; animation_duration=&#8221;700ms&#8221; animation_delay=&#8221;400ms&#8221; global_colors_info=&#8221;{}&#8221;][et_pb_row _builder_version=&#8221;4.16&#8243; custom_padding=&#8221;0|0px|0|0px&#8221; global_colors_info=&#8221;{}&#8221;][et_pb_column type=&#8221;4_4&#8243; _builder_version=&#8221;4.16&#8243; custom_padding=&#8221;|||&#8221; global_colors_info=&#8221;{}&#8221; custom_padding__hover=&#8221;|||&#8221;][et_pb_blurb _builder_version=&#8221;4.16&#8243; global_colors_info=&#8221;{}&#8221;][\/et_pb_blurb][et_pb_text _builder_version=&#8221;4.16&#8243; text_font=&#8221;||||||||&#8221; header_font=&#8221;|700||on|||||&#8221; header_font_size=&#8221;40px&#8221; header_2_font=&#8221;|700|||||||&#8221; header_2_text_align=&#8221;center&#8221; header_2_text_color=&#8221;#6d6d6d&#8221; header_2_font_size=&#8221;45px&#8221; header_3_font=&#8221;|700|||||||&#8221; header_3_text_align=&#8221;left&#8221; header_3_font_size=&#8221;30px&#8221; text_orientation=&#8221;center&#8221; max_width_tablet=&#8221;&#8221; max_width_phone=&#8221;&#8221; max_width_last_edited=&#8221;on|phone&#8221; custom_margin_tablet=&#8221;&#8221; custom_margin_phone=&#8221;&#8221; custom_margin_last_edited=&#8221;on|desktop&#8221; custom_padding=&#8221;0px|||||&#8221; animation_style=&#8221;fade&#8221; animation_delay=&#8221;500ms&#8221; text_font_size_tablet=&#8221;&#8221; text_font_size_phone=&#8221;&#8221; text_font_size_last_edited=&#8221;on|desktop&#8221; header_font_size_tablet=&#8221;25px&#8221; header_font_size_phone=&#8221;18px&#8221; header_font_size_last_edited=&#8221;on|desktop&#8221; header_2_font_size_tablet=&#8221;29px&#8221; header_2_font_size_phone=&#8221;26px&#8221; header_2_font_size_last_edited=&#8221;on|desktop&#8221; header_2_letter_spacing_last_edited=&#8221;off|desktop&#8221; global_colors_info=&#8221;{}&#8221;]<\/p>\n<h3>Puhelintulkkaus yli 80 kielell\u00e4 k\u00e4den ulottuvilla<br \/>\u00a0<\/h3>\n<p>[\/et_pb_text][\/et_pb_column][\/et_pb_row][et_pb_row column_structure=&#8221;1_2,1_2&#8243; _builder_version=&#8221;4.16&#8243; custom_padding=&#8221;0|0px|24px|0px&#8221; global_colors_info=&#8221;{}&#8221;][et_pb_column type=&#8221;1_2&#8243; _builder_version=&#8221;4.16&#8243; custom_padding=&#8221;|||&#8221; global_colors_info=&#8221;{}&#8221; custom_padding__hover=&#8221;|||&#8221;][et_pb_text _builder_version=&#8221;4.16&#8243; header_font=&#8221;||||||||&#8221; header_2_font=&#8221;|600|||||||&#8221; header_2_font_size=&#8221;20px&#8221; global_colors_info=&#8221;{}&#8221;]<\/p>\n<p class=\"p1\"><span class=\"s1\">Kun tulkkausta tarvitaan nopeasti, <\/span><span class=\"s2\">tulkkaus on lyhyehk\u00f6 tai tulkin ei ole v\u00e4ltt\u00e4m\u00e4t\u00f6nt\u00e4 olla paikan p\u00e4\u00e4ll\u00e4,\u00a0<\/span><span class=\"s1\">on\u00a0<\/span><span class=\"s3\">puhelintulkkaus<\/span><span class=\"s1\">\u00a0yleens\u00e4 paras vaihtoehto. <\/span><span class=\"s2\">Puhelintulkkaus on mahdollista saada hyvinkin nopealla aikataululla.<\/span><\/p>\n<p class=\"p1\"><span class=\"s2\">Puhelintulkkaus\u00a0on my\u00f6s taloudellinen ja ymp\u00e4rist\u00f6yst\u00e4v\u00e4llinen valinta.<\/span><\/p>\n<h2 class=\"p1\"><\/h2>\n<h4 class=\"p1\"><\/h4>\n<h4 class=\"p1\"><strong><span class=\"s2\">Puhelintulkkaus sopii erityisesti silloin, kun:<\/span><\/strong><\/h4>\n<ul>\n<li><span class=\"s2\">Tulkkausta tarvitaan lyhyeksi ajaksi<br \/> <\/span><\/li>\n<li><span class=\"s2\">Tulkkausta tarvitaan nopeasti<br \/> <\/span><\/li>\n<li><span class=\"s2\">Kyseisen kielen tai erityisalan tulkkausta ei ole omalla paikkakunnalla saatavilla<\/span><\/li>\n<\/ul>\n<h2 class=\"p1\"><\/h2>\n<h4 class=\"p1\"><strong><span class=\"s2\">Puhelintulkkauksen etuja ovat:<\/span><\/strong><\/h4>\n<ul>\n<li><span class=\"s2\">Ei matkakustannuksia eik\u00e4 matkustamisen aiheuttamia ymp\u00e4rist\u00f6vaikutuksia<br \/> <\/span><\/li>\n<li><span class=\"s2\">Nopea saatavuus, tulkki k\u00e4ytett\u00e4viss\u00e4 alle kymmenness\u00e4 minuutissa tilauksesta<\/span><\/li>\n<li><span class=\"s2\">K\u00e4ytett\u00e4viss\u00e4 on enemm\u00e4n tulkkeja &#8211; erityisesti akuuteissa tulkkaustarpeissa tulkin saatavuus paranee<br \/> <\/span><\/li>\n<li><span class=\"s2\">Parantaa harvinaisten tulkkauskielten saatavuutta<\/span><\/li>\n<li>J\u00e4\u00e4viysriski pienenee &#8211; erityisesti pieniss\u00e4 kieliryhmiss\u00e4 helpottaa arkaluontoisten tilanteiden k\u00e4sittely\u00e4, koska tulkki voidaan varata eri paikkakunnalta<\/li>\n<\/ul>\n<p>[\/et_pb_text][\/et_pb_column][et_pb_column type=&#8221;1_2&#8243; _builder_version=&#8221;4.16&#8243; custom_padding=&#8221;|||&#8221; global_colors_info=&#8221;{}&#8221; custom_padding__hover=&#8221;|||&#8221;][et_pb_image src=&#8221;https:\/\/suomentulkkauspalvelu.fi\/wp-content\/uploads\/Puhelintulkkaus-nopeasti.png&#8221; align_tablet=&#8221;center&#8221; align_phone=&#8221;&#8221; align_last_edited=&#8221;on|desktop&#8221; _builder_version=&#8221;4.16&#8243; global_colors_info=&#8221;{}&#8221;][\/et_pb_image][et_pb_button button_url=&#8221;https:\/\/suomentulkkauspalvelu.fi\/tilaa-tulkki\/&#8221; button_text=&#8221;Varaa tulkki helposti lomakkeella&#8221; button_alignment=&#8221;center&#8221; _builder_version=&#8221;4.21.0&#8243; custom_button=&#8221;on&#8221; button_text_color=&#8221;#0088cc&#8221; button_border_width=&#8221;1px&#8221; button_border_color=&#8221;#0088cc&#8221; button_border_radius=&#8221;25px&#8221; button_font=&#8221;|800|||||||&#8221; button_use_icon=&#8221;off&#8221; custom_margin=&#8221;50px|||&#8221; custom_margin_tablet=&#8221;|||&#8221; custom_margin_phone=&#8221;|||&#8221; custom_margin_last_edited=&#8221;on|phone&#8221; custom_padding=&#8221;|38px||38px&#8221; custom_padding_tablet=&#8221;|30px||30px&#8221; custom_padding_phone=&#8221;|20px||20px&#8221; custom_padding_last_edited=&#8221;on|phone&#8221; hover_enabled=&#8221;0&#8243; button_text_size_tablet=&#8221;&#8221; button_text_size_phone=&#8221;&#8221; button_text_size_last_edited=&#8221;on|phone&#8221; button_text_color_hover=&#8221;#ffffff&#8221; button_border_radius_hover=&#8221;25px&#8221; button_bg_color_hover=&#8221;#0088cc&#8221; global_colors_info=&#8221;{}&#8221; button_text_size__hover_enabled=&#8221;off&#8221; button_one_text_size__hover_enabled=&#8221;off&#8221; button_two_text_size__hover_enabled=&#8221;off&#8221; button_text_color__hover_enabled=&#8221;on&#8221; button_text_color__hover=&#8221;#ffffff&#8221; button_one_text_color__hover_enabled=&#8221;off&#8221; button_two_text_color__hover_enabled=&#8221;off&#8221; button_border_width__hover_enabled=&#8221;off&#8221; button_one_border_width__hover_enabled=&#8221;off&#8221; button_two_border_width__hover_enabled=&#8221;off&#8221; button_border_color__hover_enabled=&#8221;off&#8221; button_one_border_color__hover_enabled=&#8221;off&#8221; button_two_border_color__hover_enabled=&#8221;off&#8221; button_border_radius__hover_enabled=&#8221;on&#8221; button_border_radius__hover=&#8221;25px&#8221; button_one_border_radius__hover_enabled=&#8221;off&#8221; button_two_border_radius__hover_enabled=&#8221;off&#8221; button_letter_spacing__hover_enabled=&#8221;off&#8221; button_one_letter_spacing__hover_enabled=&#8221;off&#8221; button_two_letter_spacing__hover_enabled=&#8221;off&#8221; button_bg_color__hover_enabled=&#8221;on&#8221; button_bg_color__hover=&#8221;#0088cc&#8221; button_one_bg_color__hover_enabled=&#8221;off&#8221; button_two_bg_color__hover_enabled=&#8221;off&#8221; sticky_enabled=&#8221;0&#8243;][\/et_pb_button][et_pb_button button_url=&#8221;tel:+358105745830&#8243; button_text=&#8221;Soita numeroon 010 574 5830&#8243; button_alignment=&#8221;center&#8221; _builder_version=&#8221;4.16&#8243; custom_button=&#8221;on&#8221; button_text_color=&#8221;#0088cc&#8221; button_border_width=&#8221;1px&#8221; button_border_color=&#8221;#0088cc&#8221; button_border_radius=&#8221;25px&#8221; button_font=&#8221;|800|||||||&#8221; button_use_icon=&#8221;off&#8221; custom_margin=&#8221;|||&#8221; custom_margin_tablet=&#8221;|||&#8221; custom_margin_phone=&#8221;|||&#8221; custom_margin_last_edited=&#8221;on|phone&#8221; custom_padding=&#8221;|60px||60px&#8221; custom_padding_tablet=&#8221;|30px||30px&#8221; custom_padding_phone=&#8221;|20px||20px&#8221; custom_padding_last_edited=&#8221;on|phone&#8221; button_text_size_tablet=&#8221;&#8221; button_text_size_phone=&#8221;&#8221; button_text_size_last_edited=&#8221;on|tablet&#8221; button_text_color_hover=&#8221;#ffffff&#8221; button_border_radius_hover=&#8221;25px&#8221; button_bg_color_hover=&#8221;#0088cc&#8221; global_colors_info=&#8221;{}&#8221; button_text_size__hover_enabled=&#8221;off&#8221; button_one_text_size__hover_enabled=&#8221;off&#8221; button_two_text_size__hover_enabled=&#8221;off&#8221; button_text_color__hover_enabled=&#8221;on&#8221; button_text_color__hover=&#8221;#ffffff&#8221; button_one_text_color__hover_enabled=&#8221;off&#8221; button_two_text_color__hover_enabled=&#8221;off&#8221; button_border_width__hover_enabled=&#8221;off&#8221; button_one_border_width__hover_enabled=&#8221;off&#8221; button_two_border_width__hover_enabled=&#8221;off&#8221; button_border_color__hover_enabled=&#8221;off&#8221; button_one_border_color__hover_enabled=&#8221;off&#8221; button_two_border_color__hover_enabled=&#8221;off&#8221; button_border_radius__hover_enabled=&#8221;on&#8221; button_border_radius__hover=&#8221;25px&#8221; button_one_border_radius__hover_enabled=&#8221;off&#8221; button_two_border_radius__hover_enabled=&#8221;off&#8221; button_letter_spacing__hover_enabled=&#8221;off&#8221; button_one_letter_spacing__hover_enabled=&#8221;off&#8221; button_two_letter_spacing__hover_enabled=&#8221;off&#8221; button_bg_color__hover_enabled=&#8221;on&#8221; button_bg_color__hover=&#8221;#0088cc&#8221; button_one_bg_color__hover_enabled=&#8221;off&#8221; button_two_bg_color__hover_enabled=&#8221;off&#8221;][\/et_pb_button][et_pb_button button_url=&#8221;mailto:tilaus@suomentulkkauspalvelu.fi&#8221; button_text=&#8221;tilaus@suomentulkkauspalvelu.fi&#8221; button_alignment=&#8221;center&#8221; _builder_version=&#8221;4.16&#8243; custom_button=&#8221;on&#8221; button_text_color=&#8221;#0088cc&#8221; button_border_width=&#8221;1px&#8221; button_border_color=&#8221;#0088cc&#8221; button_border_radius=&#8221;25px&#8221; button_font=&#8221;|800|||||||&#8221; button_use_icon=&#8221;off&#8221; custom_margin=&#8221;|||&#8221; custom_margin_tablet=&#8221;|||&#8221; custom_margin_phone=&#8221;|||&#8221; custom_margin_last_edited=&#8221;on|phone&#8221; custom_padding=&#8221;|30px||30px&#8221; custom_padding_tablet=&#8221;|30px||30px&#8221; custom_padding_phone=&#8221;|20px||20px&#8221; custom_padding_last_edited=&#8221;on|phone&#8221; button_text_size_tablet=&#8221;&#8221; button_text_size_phone=&#8221;&#8221; button_text_size_last_edited=&#8221;on|desktop&#8221; button_text_color_hover=&#8221;#ffffff&#8221; button_border_radius_hover=&#8221;25px&#8221; button_bg_color_hover=&#8221;#0088cc&#8221; global_colors_info=&#8221;{}&#8221; button_text_size__hover_enabled=&#8221;off&#8221; button_one_text_size__hover_enabled=&#8221;off&#8221; button_two_text_size__hover_enabled=&#8221;off&#8221; button_text_color__hover_enabled=&#8221;on&#8221; button_text_color__hover=&#8221;#ffffff&#8221; button_one_text_color__hover_enabled=&#8221;off&#8221; button_two_text_color__hover_enabled=&#8221;off&#8221; button_border_width__hover_enabled=&#8221;off&#8221; button_one_border_width__hover_enabled=&#8221;off&#8221; button_two_border_width__hover_enabled=&#8221;off&#8221; button_border_color__hover_enabled=&#8221;off&#8221; button_one_border_color__hover_enabled=&#8221;off&#8221; button_two_border_color__hover_enabled=&#8221;off&#8221; button_border_radius__hover_enabled=&#8221;on&#8221; button_border_radius__hover=&#8221;25px&#8221; button_one_border_radius__hover_enabled=&#8221;off&#8221; button_two_border_radius__hover_enabled=&#8221;off&#8221; button_letter_spacing__hover_enabled=&#8221;off&#8221; button_one_letter_spacing__hover_enabled=&#8221;off&#8221; button_two_letter_spacing__hover_enabled=&#8221;off&#8221; button_bg_color__hover_enabled=&#8221;on&#8221; button_bg_color__hover=&#8221;#0088cc&#8221; button_one_bg_color__hover_enabled=&#8221;off&#8221; button_two_bg_color__hover_enabled=&#8221;off&#8221;][\/et_pb_button][et_pb_text _builder_version=&#8221;4.16&#8243; global_colors_info=&#8221;{}&#8221;]<\/p>\n<p style=\"text-align: center;\"><span class=\"s2\"><a href=\"https:\/\/suomentulkkauspalvelu.fi\/ota-yhteytta\/\"><strong>Ota yhteytt\u00e4<\/strong><\/a>, niin kerromme mielell\u00e4mme lis\u00e4\u00e4 tulkkauspalveluistamme!<\/span><\/p>\n<p>[\/et_pb_text][\/et_pb_column][\/et_pb_row][\/et_pb_section]<\/p>\n","protected":false},"excerpt":{"rendered":"<p>PUHELINTULKKAUSPuhelintulkkaus yli 80 kielell\u00e4 k\u00e4den ulottuvilla\u00a0Kun tulkkausta tarvitaan nopeasti, tulkkaus on lyhyehk\u00f6 tai tulkin ei ole v\u00e4ltt\u00e4m\u00e4t\u00f6nt\u00e4 olla paikan p\u00e4\u00e4ll\u00e4,\u00a0on\u00a0puhelintulkkaus\u00a0yleens\u00e4 paras vaihtoehto. Puhelintulkkaus on mahdollista saada hyvinkin nopealla aikataululla. Puhelintulkkaus\u00a0on my\u00f6s taloudellinen ja ymp\u00e4rist\u00f6yst\u00e4v\u00e4llinen valinta. Puhelintulkkaus sopii erityisesti silloin, kun: Tulkkausta tarvitaan lyhyeksi ajaksi Tulkkausta tarvitaan nopeasti Kyseisen kielen tai erityisalan tulkkausta ei ole omalla [&hellip;]<\/p>\n","protected":false},"author":1,"featured_media":0,"parent":0,"menu_order":0,"comment_status":"closed","ping_status":"closed","template":"","meta":{"_et_pb_use_builder":"on","_et_pb_old_content":"","_et_gb_content_width":"","footnotes":""},"categories":[],"class_list":["post-1376","page","type-page","status-publish","hentry"],"_links":{"self":[{"href":"https:\/\/suomentulkkauspalvelu.fi\/en\/wp-json\/wp\/v2\/pages\/1376","targetHints":{"allow":["GET"]}}],"collection":[{"href":"https:\/\/suomentulkkauspalvelu.fi\/en\/wp-json\/wp\/v2\/pages"}],"about":[{"href":"https:\/\/suomentulkkauspalvelu.fi\/en\/wp-json\/wp\/v2\/types\/page"}],"author":[{"embeddable":true,"href":"https:\/\/suomentulkkauspalvelu.fi\/en\/wp-json\/wp\/v2\/users\/1"}],"replies":[{"embeddable":true,"href":"https:\/\/suomentulkkauspalvelu.fi\/en\/wp-json\/wp\/v2\/comments?post=1376"}],"version-history":[{"count":2,"href":"https:\/\/suomentulkkauspalvelu.fi\/en\/wp-json\/wp\/v2\/pages\/1376\/revisions"}],"predecessor-version":[{"id":5194,"href":"https:\/\/suomentulkkauspalvelu.fi\/en\/wp-json\/wp\/v2\/pages\/1376\/revisions\/5194"}],"wp:attachment":[{"href":"https:\/\/suomentulkkauspalvelu.fi\/en\/wp-json\/wp\/v2\/media?parent=1376"}],"wp:term":[{"taxonomy":"category","embeddable":true,"href":"https:\/\/suomentulkkauspalvelu.fi\/en\/wp-json\/wp\/v2\/categories?post=1376"}],"curies":[{"name":"wp","href":"https:\/\/api.w.org\/{rel}","templated":true}]}}