{"id":1916,"date":"2018-10-09T19:04:42","date_gmt":"2018-10-09T17:04:42","guid":{"rendered":"https:\/\/suomentulkkauspalvelu.fi\/?page_id=1916"},"modified":"2023-05-30T15:31:56","modified_gmt":"2023-05-30T13:31:56","slug":"laskutusosoite","status":"publish","type":"page","link":"https:\/\/suomentulkkauspalvelu.fi\/en\/laskutusosoite\/","title":{"rendered":"Billing address"},"content":{"rendered":"<p>[et_pb_section fb_built=&#8221;1&#8243; _builder_version=&#8221;4.16&#8243; background_color=&#8221;#0088cc&#8221; background_image=&#8221;https:\/\/suomentulkkauspalvelut.fi\/wp-content\/uploads\/Suomen-Tulkkauspalvelut-Oy.jpg&#8221; global_colors_info=&#8221;{}&#8221;][et_pb_row _builder_version=&#8221;4.16&#8243; module_alignment=&#8221;center&#8221; custom_margin=&#8221;|||&#8221; custom_margin_tablet=&#8221;50px||50px|&#8221; custom_margin_phone=&#8221;20px||20px|&#8221; custom_margin_last_edited=&#8221;on|phone&#8221; animation_direction=&#8221;bottom&#8221; global_colors_info=&#8221;{}&#8221;][et_pb_column type=&#8221;4_4&#8243; _builder_version=&#8221;4.16&#8243; custom_padding=&#8221;|||&#8221; global_colors_info=&#8221;{}&#8221; custom_padding__hover=&#8221;|||&#8221;][et_pb_text _builder_version=&#8221;4.16&#8243; text_font=&#8221;||||||||&#8221; link_font=&#8221;|600|||||||&#8221; link_text_color=&#8221;#494949&#8243; header_font=&#8221;|600|||||||&#8221; header_font_size=&#8221;52px&#8221; header_2_font=&#8221;|600||on|||||&#8221; header_2_text_color=&#8221;#ffffff&#8221; header_2_font_size=&#8221;50px&#8221; header_3_font=&#8221;||||||||&#8221; header_3_font_size=&#8221;25px&#8221; text_orientation=&#8221;center&#8221; background_layout=&#8221;dark&#8221; animation_style=&#8221;slide&#8221; animation_direction=&#8221;top&#8221; header_font_size_tablet=&#8221;35px&#8221; header_font_size_phone=&#8221;25px&#8221; header_font_size_last_edited=&#8221;on|phone&#8221; header_2_font_size_tablet=&#8221;&#8221; header_2_font_size_phone=&#8221;32px&#8221; header_2_font_size_last_edited=&#8221;on|phone&#8221; header_3_font_size_tablet=&#8221;21px&#8221; header_3_font_size_phone=&#8221;16px&#8221; header_3_font_size_last_edited=&#8221;on|tablet&#8221; global_colors_info=&#8221;{}&#8221;]<\/p>\n<h2><strong>LASKUTUSOSOITE<\/strong><\/h2>\n<p>[\/et_pb_text][\/et_pb_column][\/et_pb_row][\/et_pb_section][et_pb_section fb_built=&#8221;1&#8243; _builder_version=&#8221;4.16&#8243; global_colors_info=&#8221;{}&#8221;][et_pb_row _builder_version=&#8221;4.20.2&#8243; _module_preset=&#8221;default&#8221; global_colors_info=&#8221;{}&#8221;][et_pb_column type=&#8221;4_4&#8243; _builder_version=&#8221;4.20.2&#8243; _module_preset=&#8221;default&#8221; global_colors_info=&#8221;{}&#8221;][et_pb_text _builder_version=&#8221;4.20.4&#8243; _module_preset=&#8221;default&#8221; global_colors_info=&#8221;{}&#8221;]<\/p>\n<p>Hyv\u00e4 yhteisty\u00f6kumppani,<\/p>\n<p>[\/et_pb_text][\/et_pb_column][\/et_pb_row][et_pb_row _builder_version=&#8221;4.16&#8243; global_colors_info=&#8221;{}&#8221;][et_pb_column type=&#8221;4_4&#8243; _builder_version=&#8221;4.16&#8243; custom_padding=&#8221;|||&#8221; global_colors_info=&#8221;{}&#8221; custom_padding__hover=&#8221;|||&#8221;][et_pb_text _builder_version=&#8221;4.21.0&#8243; hover_enabled=&#8221;0&#8243; global_colors_info=&#8221;{}&#8221; sticky_enabled=&#8221;0&#8243;]<\/p>\n<p>&nbsp;<\/p>\n<p>Toivomme, ett\u00e4 l\u00e4het\u00e4tte meille osoittamanne laskut ensisijaisesti verkkolaskuina. Mik\u00e4li yrityksell\u00e4nne ei ole mahdollisuutta toimittaa verkkolaskuja tai l\u00e4hett\u00e4\u00e4 laskuja s\u00e4hk\u00f6postilla, voitte l\u00e4hett\u00e4\u00e4 paperilaskut skannauspalveluosoitteeseen. Emme vastaanota laskuja k\u00e4yntiosoitteeseemme.<\/p>\n<h5><strong>1. Verkkolaskut<\/strong><\/h5>\n<p><span>Verkkolaskuosoite OVT : <strong>003733316087<\/strong><\/span><br \/><span>V\u00e4litt\u00e4j\u00e4n tunnus: 003721291126<\/span><br \/><span>Operaattori: Maventa<\/span><\/p>\n<p><span><\/span><\/p>\n<p><strong><\/strong><\/p>\n<h5><strong>2. Laskujen vastaanotto s\u00e4hk\u00f6postitse skannauspalveluun<\/strong><\/h5>\n<p>Toivomme, ett\u00e4 l\u00e4het\u00e4tte t\u00e4h\u00e4n osoitteeseen ainoastaan laskuja<br \/>Laskut l\u00e4hetet\u00e4\u00e4n palveluun s\u00e4hk\u00f6postin PDF-muotoisina liitetiedostoina ja laskun liitteiden tulee olla samassa tiedostossa itse laskun kanssa.<\/p>\n<p>S\u00e4hk\u00f6postilaskun osoite: <a href=\"mailto:33316087@scan.netvisor.fi\"><span>33316087@scan.netvisor.fi<\/span><\/a><\/p>\n<p>\u2022 Voit l\u00e4hett\u00e4\u00e4 useita laskuja yhdess\u00e4 s\u00e4hk\u00f6postiviestiss\u00e4, kunhan jokainen lasku on erillisen\u00e4 liitetiedostona. Kaikilla tiedostoilla tulee olla eri nimi.<br \/>\u2022 Yhden s\u00e4hk\u00f6postin maksimikoko on 5Mb.<br \/>\u2022 PDF-tiedostojen tulee olla aitoja PDF-dokumentteja (PDF- versio 1.3 tai uudempi).<br \/>\u2022 PDF-tiedostot eiv\u00e4t saa olla lukittuja tai salasanalla suojattuja.<br \/>\u2022 Dokumentin ulkomitta voi olla maksimissaan 210 x 297 mm.<br \/>\u2022 Liitteen nimen sallitut merkit ovat tavallisia kirjoitusmerkkej\u00e4, a-z, A-Z, 0-9. Eth\u00e4n k\u00e4yt\u00e4 erikoismerkkej\u00e4 liitteiden nime\u00e4miseen<\/p>\n<p>&nbsp;<\/p>\n<h5><strong>3. Laskujen vastaanotto postitse skannauspalveluun<\/strong><\/h5>\n<p>Osoitetietojen tulee olla t\u00e4ydellisin\u00e4 sek\u00e4 laskussa ett\u00e4 kirjekuoressa, jotta lasku voidaan v\u00e4litt\u00e4\u00e4 nopeasti ja luotettavasti vastaanottajalleen.<\/p>\n<p>Suomen Tulkkauspalvelu Oy<br \/><span>33316087<\/span><br \/><span>PL 100<br \/>80020 Kollektor Scan<br \/><\/span><\/p>\n<p><span><\/span><\/p>\n<p>\u2022 L\u00e4het\u00e4th\u00e4n skannausosoitteeseen ainoastaan laskumateriaalia. N\u00e4m\u00e4 postit luetaan automaattisesti yrityksemme reskontraan, eik\u00e4 mik\u00e4\u00e4n muu materiaali (esimerkiksi kuitit, liikelahjat, luottokortit ja p\u00e4\u00e4syliput) saavuta vastaanottajaansa t\u00e4t\u00e4 kautta.<br \/>\u2022 K\u00e4yt\u00e4th\u00e4n mieluiten tekstiss\u00e4 vain mustaa v\u00e4ri\u00e4 valkoisella pohjalla: se antaa selkeimm\u00e4n lopputuloksen laskun tietojen tunnistusta varten.<br \/>\u2022 Eth\u00e4n k\u00e4yt\u00e4 niittej\u00e4 skannauspalveluun l\u00e4hetetyiss\u00e4 laskuissa.<\/p>\n<p><strong>Laskumerkinn\u00e4t<\/strong><\/p>\n<p>Laskulla on oltava lakiin perustuvien tietojen lis\u00e4ksi viitetietona ty\u00f6n toimitusp\u00e4iv\u00e4m\u00e4\u00e4r\u00e4.<\/p>\n<p>Maksuehto 14 pv netto, mik\u00e4li ei ole toisin sovittu.<\/p>\n<p><span>Y-tunnus: 3331608-7<\/span><strong><\/strong><\/p>\n<p><strong><\/strong><\/p>\n<p>[\/et_pb_text][\/et_pb_column][\/et_pb_row][\/et_pb_section]<\/p>\n","protected":false},"excerpt":{"rendered":"<p>LASKUTUSOSOITEHyv\u00e4 yhteisty\u00f6kumppani,&nbsp; Toivomme, ett\u00e4 l\u00e4het\u00e4tte meille osoittamanne laskut ensisijaisesti verkkolaskuina. Mik\u00e4li yrityksell\u00e4nne ei ole mahdollisuutta toimittaa verkkolaskuja tai l\u00e4hett\u00e4\u00e4 laskuja s\u00e4hk\u00f6postilla, voitte l\u00e4hett\u00e4\u00e4 paperilaskut skannauspalveluosoitteeseen. Emme vastaanota laskuja k\u00e4yntiosoitteeseemme. 1. Verkkolaskut Verkkolaskuosoite OVT : 003733316087V\u00e4litt\u00e4j\u00e4n tunnus: 003721291126Operaattori: Maventa 2. Laskujen vastaanotto s\u00e4hk\u00f6postitse skannauspalveluun Toivomme, ett\u00e4 l\u00e4het\u00e4tte t\u00e4h\u00e4n osoitteeseen ainoastaan laskujaLaskut l\u00e4hetet\u00e4\u00e4n palveluun s\u00e4hk\u00f6postin PDF-muotoisina liitetiedostoina [&hellip;]<\/p>\n","protected":false},"author":1,"featured_media":0,"parent":0,"menu_order":0,"comment_status":"closed","ping_status":"closed","template":"","meta":{"_et_pb_use_builder":"on","_et_pb_old_content":"","_et_gb_content_width":"","footnotes":""},"categories":[],"class_list":["post-1916","page","type-page","status-publish","hentry"],"_links":{"self":[{"href":"https:\/\/suomentulkkauspalvelu.fi\/en\/wp-json\/wp\/v2\/pages\/1916","targetHints":{"allow":["GET"]}}],"collection":[{"href":"https:\/\/suomentulkkauspalvelu.fi\/en\/wp-json\/wp\/v2\/pages"}],"about":[{"href":"https:\/\/suomentulkkauspalvelu.fi\/en\/wp-json\/wp\/v2\/types\/page"}],"author":[{"embeddable":true,"href":"https:\/\/suomentulkkauspalvelu.fi\/en\/wp-json\/wp\/v2\/users\/1"}],"replies":[{"embeddable":true,"href":"https:\/\/suomentulkkauspalvelu.fi\/en\/wp-json\/wp\/v2\/comments?post=1916"}],"version-history":[{"count":7,"href":"https:\/\/suomentulkkauspalvelu.fi\/en\/wp-json\/wp\/v2\/pages\/1916\/revisions"}],"predecessor-version":[{"id":5156,"href":"https:\/\/suomentulkkauspalvelu.fi\/en\/wp-json\/wp\/v2\/pages\/1916\/revisions\/5156"}],"wp:attachment":[{"href":"https:\/\/suomentulkkauspalvelu.fi\/en\/wp-json\/wp\/v2\/media?parent=1916"}],"wp:term":[{"taxonomy":"category","embeddable":true,"href":"https:\/\/suomentulkkauspalvelu.fi\/en\/wp-json\/wp\/v2\/categories?post=1916"}],"curies":[{"name":"wp","href":"https:\/\/api.w.org\/{rel}","templated":true}]}}