{"id":2200,"date":"2018-11-21T20:28:49","date_gmt":"2018-11-21T18:28:49","guid":{"rendered":"https:\/\/suomentulkkauspalvelu.fi\/?page_id=2200"},"modified":"2021-07-16T11:29:06","modified_gmt":"2021-07-16T09:29:06","slug":"konsekutiivitulkkaus","status":"publish","type":"page","link":"https:\/\/suomentulkkauspalvelu.fi\/en\/konsekutiivitulkkaus\/","title":{"rendered":"Consecutive interpreting"},"content":{"rendered":"<p>[et_pb_section fb_built=&#8221;1&#8243; _builder_version=&#8221;3.22&#8243; background_color=&#8221;#0088cc&#8221;][et_pb_row _builder_version=&#8221;3.25&#8243; module_alignment=&#8221;center&#8221; custom_margin=&#8221;|||&#8221; custom_margin_tablet=&#8221;50px||50px|&#8221; custom_margin_phone=&#8221;20px||20px|&#8221; custom_margin_last_edited=&#8221;on|phone&#8221; animation_direction=&#8221;bottom&#8221;][et_pb_column type=&#8221;4_4&#8243; _builder_version=&#8221;3.25&#8243; custom_padding=&#8221;|||&#8221; custom_padding__hover=&#8221;|||&#8221;][et_pb_text _builder_version=&#8221;3.27.4&#8243; text_font=&#8221;|||on|||||&#8221; link_font=&#8221;|600|||||||&#8221; link_text_color=&#8221;#494949&#8243; header_font=&#8221;|600|||||||&#8221; header_font_size=&#8221;52px&#8221; header_2_font=&#8221;|600|||||||&#8221; header_2_text_color=&#8221;#ffffff&#8221; header_2_font_size=&#8221;50px&#8221; header_3_font=&#8221;||||||||&#8221; header_3_font_size=&#8221;25px&#8221; text_orientation=&#8221;center&#8221; background_layout=&#8221;dark&#8221; animation_style=&#8221;slide&#8221; animation_direction=&#8221;top&#8221; header_font_size_tablet=&#8221;35px&#8221; header_font_size_phone=&#8221;25px&#8221; header_font_size_last_edited=&#8221;on|phone&#8221; header_2_font_size_tablet=&#8221;&#8221; header_2_font_size_phone=&#8221;24px&#8221; header_2_font_size_last_edited=&#8221;on|phone&#8221; header_3_font_size_tablet=&#8221;21px&#8221; header_3_font_size_phone=&#8221;16px&#8221; header_3_font_size_last_edited=&#8221;on|tablet&#8221;]<\/p>\n<h1>Konsekutiivitulkkaus<\/h1>\n<p>[\/et_pb_text][\/et_pb_column][\/et_pb_row][\/et_pb_section][et_pb_section fb_built=&#8221;1&#8243; _builder_version=&#8221;3.22&#8243; custom_padding=&#8221;49px|0px|20px|0px|false|false&#8221;][et_pb_row _builder_version=&#8221;3.25&#8243; custom_padding=&#8221;24px|0px|40px|0px|false|false&#8221;][et_pb_column type=&#8221;4_4&#8243; _builder_version=&#8221;3.25&#8243; custom_padding=&#8221;|||&#8221; custom_padding__hover=&#8221;|||&#8221;][et_pb_text _builder_version=&#8221;3.27.4&#8243; text_font=&#8221;||||||||&#8221; header_font=&#8221;||||||||&#8221; header_2_font=&#8221;||||||||&#8221;]<\/p>\n<h2><strong>Varaa kaksikieliseen konferenssiin konsekutiivitulkkaus<\/strong><\/h2>\n<p><strong><\/strong><\/p>\n<p>Kaksikielisen konferenssin tulkkaus hoituu parhaiten laadukkaan konsekutiivi- eli per\u00e4kk\u00e4istulkkauksen avulla. Tarjoa kaikille osallistujille mahdollisuus ymm\u00e4rt\u00e4\u00e4 konferenssin tai muun puhetilaisuuden sis\u00e4lt\u00f6.<\/p>\n<p>Konsekutiivitulkkaus tarkoittaa sit\u00e4, ett\u00e4 puhuja ja tulkki esiintyv\u00e4t vuorotellen 1-5 minuutin ajan. T\u00e4m\u00e4 menetelm\u00e4 on selke\u00e4sti paras vaihtoehto\u00a0 kaksikielisiin tapahtumiin, joissa k\u00e4\u00e4nt\u00e4miselle on varattu riitt\u00e4v\u00e4sti aikaa. Ammattimaiset tulkkimme ovat varmoja esiintyji\u00e4 ja selke\u00e4sanaisia puhujia, joten konferenssi tai muu puhetilaisuus hoituu kokenein ottein.<\/p>\n<p>Kerro meille, millaista tilaisuutta olet j\u00e4rjest\u00e4m\u00e4ss\u00e4 ja me etsimme sinulle sopivan ratkaisun!<\/p>\n<p>[\/et_pb_text][et_pb_button button_url=&#8221;https:\/\/suomentulkkauspalvelu.fi\/simultaanitulkkaus-laitteisto\/&#8221; button_text=&#8221;PYYD\u00c4 TARJOUS&#8221; button_alignment=&#8221;left&#8221; _builder_version=&#8221;3.17.6&#8243; custom_button=&#8221;on&#8221; button_text_size=&#8221;16px&#8221; button_text_color=&#8221;#ffffff&#8221; button_bg_color=&#8221;#0088cc&#8221; button_border_width=&#8221;0px&#8221; button_border_color=&#8221;#0088cc&#8221; button_border_radius=&#8221;3px&#8221; button_font=&#8221;|700|||||||&#8221; button_use_icon=&#8221;off&#8221; custom_margin=&#8221;20px|||&#8221; custom_margin_tablet=&#8221;20px||50px|&#8221; custom_margin_phone=&#8221;10px||40px|&#8221; custom_margin_last_edited=&#8221;on|phone&#8221; custom_padding=&#8221;7px|20px|7px|20px&#8221; button_text_size_tablet=&#8221;14px&#8221; button_text_size_phone=&#8221;14px&#8221; button_text_size_last_edited=&#8221;on|phone&#8221; box_shadow_style=&#8221;preset5&#8243; box_shadow_vertical=&#8221;4px&#8221; box_shadow_blur=&#8221;1px&#8221; box_shadow_spread=&#8221;0px&#8221; box_shadow_color=&#8221;#36758c&#8221; button_text_color_hover=&#8221;#ffffff&#8221; button_border_radius_hover=&#8221;25px&#8221; button_bg_color_hover=&#8221;#0088cc&#8221; button_text_size__hover_enabled=&#8221;off&#8221; button_one_text_size__hover_enabled=&#8221;off&#8221; button_two_text_size__hover_enabled=&#8221;off&#8221; button_text_color__hover_enabled=&#8221;on&#8221; button_text_color__hover=&#8221;#ffffff&#8221; button_one_text_color__hover_enabled=&#8221;off&#8221; button_two_text_color__hover_enabled=&#8221;off&#8221; button_border_width__hover_enabled=&#8221;off&#8221; button_one_border_width__hover_enabled=&#8221;off&#8221; button_two_border_width__hover_enabled=&#8221;off&#8221; button_border_color__hover_enabled=&#8221;off&#8221; button_one_border_color__hover_enabled=&#8221;off&#8221; button_two_border_color__hover_enabled=&#8221;off&#8221; button_border_radius__hover_enabled=&#8221;on&#8221; button_border_radius__hover=&#8221;3px&#8221; button_one_border_radius__hover_enabled=&#8221;off&#8221; button_two_border_radius__hover_enabled=&#8221;off&#8221; button_letter_spacing__hover_enabled=&#8221;off&#8221; button_one_letter_spacing__hover_enabled=&#8221;off&#8221; button_two_letter_spacing__hover_enabled=&#8221;off&#8221; button_bg_color__hover_enabled=&#8221;on&#8221; button_bg_color__hover=&#8221;rgba(0,135,204,0.86)&#8221; button_one_bg_color__hover_enabled=&#8221;off&#8221; button_two_bg_color__hover_enabled=&#8221;off&#8221;][\/et_pb_button][\/et_pb_column][\/et_pb_row][et_pb_row _builder_version=&#8221;3.25&#8243; custom_padding=&#8221;24px|0px|40px|0px|false|false&#8221; link_option_url=&#8221;https:\/\/suomentulkkauspalvelu.fi\/simultaanitulkkaus-vai-konsekutiivitulkkaus\/&#8221; custom_padding__hover_enabled=&#8221;on&#8221; padding_1__hover=&#8221;1px|||||&#8221;][et_pb_column type=&#8221;4_4&#8243; _builder_version=&#8221;3.25&#8243; custom_padding=&#8221;0px|||&#8221; custom_padding__hover=&#8221;|||&#8221;][et_pb_text _builder_version=&#8221;3.27.4&#8243; text_font=&#8221;||||||||&#8221; text_text_color=&#8221;#ffffff&#8221; text_font_size=&#8221;17px&#8221; header_font=&#8221;||||||||&#8221; header_3_font=&#8221;|800|||||||&#8221; header_3_text_align=&#8221;center&#8221; header_3_text_color=&#8221;#ffffff&#8221; header_3_font_size=&#8221;32px&#8221; background_color=&#8221;#ff7e65&#8243; text_orientation=&#8221;center&#8221; custom_margin=&#8221;||&#8221; custom_padding=&#8221;25px|20px|20px|20px&#8221; header_3_font_size_tablet=&#8221;25px&#8221; header_3_font_size_phone=&#8221;25px&#8221; header_3_font_size_last_edited=&#8221;on|phone&#8221; border_radii=&#8221;on|3px|3px|3px|3px&#8221; box_shadow_style=&#8221;preset3&#8243; custom_padding__hover_enabled=&#8221;on&#8221; box_shadow_spread__hover_enabled=&#8221;on&#8221; box_shadow_spread__hover=&#8221;5px&#8221; transform_styles__hover_enabled=&#8221;on&#8221; transform_scale__hover_enabled=&#8221;on&#8221; transform_translate__hover_enabled=&#8221;on&#8221; transform_rotate__hover_enabled=&#8221;on&#8221; transform_skew__hover_enabled=&#8221;on&#8221; transform_origin__hover_enabled=&#8221;on&#8221; transform_scale__hover=&#8221;103%|103%&#8221;]<\/p>\n<h3>Simultaani-, kuiskaus- vai konsekutiivitulkkaus?<\/h3>\n<p>Valitse oikea tulkkauspalvelu tilaisuuteesi!<\/p>\n<p>[\/et_pb_text][\/et_pb_column][\/et_pb_row][et_pb_row _builder_version=&#8221;3.25&#8243; custom_padding=&#8221;40px|0px|70px|0px|false|false&#8221;][et_pb_column type=&#8221;4_4&#8243; _builder_version=&#8221;3.25&#8243; custom_padding=&#8221;|||&#8221; custom_padding__hover=&#8221;|||&#8221;][et_pb_text _builder_version=&#8221;3.27.4&#8243; text_font=&#8221;||||||||&#8221; header_font=&#8221;||||||||&#8221; header_2_font=&#8221;||||||||&#8221;]<\/p>\n<h4><strong>Mit\u00e4 laitteita konsekutiivitulkkaus vaatii?<\/strong><\/h4>\n<p>Per\u00e4kk\u00e4istulkkauksessa ei tarvita erillisi\u00e4 tulkkauslaitteita, mutta mikrofonit ja \u00e4\u00e4nentoistolaitteet voivat olla tarpeen, jotta taataan puhujille ja yleis\u00f6lle hyv\u00e4 kuuluvuus. Toimitamme kaikki tarvittavat laitteet paikan p\u00e4\u00e4lle, jotta konferenssi sujuu mahdollisimman mutkattomasti.<\/p>\n<p>Kannattaa huomioida, ett\u00e4 konsekutiivitulkkaus vaatii kaksinkertaisen ajan, sill\u00e4 k\u00e4yt\u00e4nn\u00f6ss\u00e4 kaikki puheet pidet\u00e4\u00e4n kaksi kertaa. Lis\u00e4ksi on hyv\u00e4 huomioida, ett\u00e4 yksi tulkki pystyy k\u00e4\u00e4nt\u00e4m\u00e4\u00e4n kerrallaan tunnin verran, joten pidempiin tilaisuuksiin on hyv\u00e4 varata useampi tulkki.<\/p>\n<p>[\/et_pb_text][et_pb_button button_url=&#8221;https:\/\/suomentulkkauspalvelu.fi\/simultaanitulkkaus-laitteisto\/&#8221; button_text=&#8221;PYYD\u00c4 TARJOUS&#8221; button_alignment=&#8221;left&#8221; _builder_version=&#8221;3.17.6&#8243; custom_button=&#8221;on&#8221; button_text_size=&#8221;16px&#8221; button_text_color=&#8221;#ffffff&#8221; button_bg_color=&#8221;#0088cc&#8221; button_border_width=&#8221;0px&#8221; button_border_color=&#8221;#0088cc&#8221; button_border_radius=&#8221;3px&#8221; button_font=&#8221;|700|||||||&#8221; button_use_icon=&#8221;off&#8221; custom_margin=&#8221;20px|||&#8221; custom_margin_tablet=&#8221;20px||50px|&#8221; custom_margin_phone=&#8221;10px||40px|&#8221; custom_margin_last_edited=&#8221;on|phone&#8221; custom_padding=&#8221;7px|20px|7px|20px&#8221; button_text_size_tablet=&#8221;14px&#8221; button_text_size_phone=&#8221;14px&#8221; button_text_size_last_edited=&#8221;on|phone&#8221; box_shadow_style=&#8221;preset5&#8243; box_shadow_vertical=&#8221;4px&#8221; box_shadow_blur=&#8221;1px&#8221; box_shadow_spread=&#8221;0px&#8221; box_shadow_color=&#8221;#36758c&#8221; button_text_color_hover=&#8221;#ffffff&#8221; button_border_radius_hover=&#8221;25px&#8221; button_bg_color_hover=&#8221;#0088cc&#8221; button_text_size__hover_enabled=&#8221;off&#8221; button_one_text_size__hover_enabled=&#8221;off&#8221; button_two_text_size__hover_enabled=&#8221;off&#8221; button_text_color__hover_enabled=&#8221;on&#8221; button_text_color__hover=&#8221;#ffffff&#8221; button_one_text_color__hover_enabled=&#8221;off&#8221; button_two_text_color__hover_enabled=&#8221;off&#8221; button_border_width__hover_enabled=&#8221;off&#8221; button_one_border_width__hover_enabled=&#8221;off&#8221; button_two_border_width__hover_enabled=&#8221;off&#8221; button_border_color__hover_enabled=&#8221;off&#8221; button_one_border_color__hover_enabled=&#8221;off&#8221; button_two_border_color__hover_enabled=&#8221;off&#8221; button_border_radius__hover_enabled=&#8221;on&#8221; button_border_radius__hover=&#8221;3px&#8221; button_one_border_radius__hover_enabled=&#8221;off&#8221; button_two_border_radius__hover_enabled=&#8221;off&#8221; button_letter_spacing__hover_enabled=&#8221;off&#8221; button_one_letter_spacing__hover_enabled=&#8221;off&#8221; button_two_letter_spacing__hover_enabled=&#8221;off&#8221; button_bg_color__hover_enabled=&#8221;on&#8221; button_bg_color__hover=&#8221;rgba(0,135,204,0.86)&#8221; button_one_bg_color__hover_enabled=&#8221;off&#8221; button_two_bg_color__hover_enabled=&#8221;off&#8221;][\/et_pb_button][\/et_pb_column][\/et_pb_row][et_pb_row _builder_version=&#8221;3.25&#8243;][et_pb_column type=&#8221;4_4&#8243; _builder_version=&#8221;3.25&#8243; custom_padding=&#8221;|||&#8221; custom_padding__hover=&#8221;|||&#8221;][et_pb_text _builder_version=&#8221;3.27.4&#8243; text_font=&#8221;||||||||&#8221; header_font=&#8221;||||||||&#8221; header_2_font=&#8221;||||||||&#8221;]<\/p>\n<h4><strong>Mit\u00e4 muita tulkkausmenetelmi\u00e4 puhetilaisuuksissa voidaan k\u00e4ytt\u00e4\u00e4?<\/strong><\/h4>\n<p>Tutustu my\u00f6s muihin tulkkausvaihtoehtoihin, joita voit hy\u00f6dynt\u00e4\u00e4 monikielisess\u00e4 konferenssissa tai muussa puhetapahtumassa. Ammattitaitoiset tulkkimme auttavat sinua kaikissa tilanteissa. Jos tilaisuudessa on monikielist\u00e4 yleis\u00f6\u00e4 ja aikaa on rajatusti, valitse simultaanitulkkaus, jossa puhuja ja tulkki puhuvat yht\u00e4 aikaa ja k\u00e4\u00e4nn\u00f6s menee suoraan kuulijan kuulokkeisiin. Jos yleis\u00f6ss\u00e4 on vain muutama tulkkia tarvitseva ihminen, on kuiskaustulkkaus hyv\u00e4 valinta.<\/p>\n<p>&#8211; <strong><a href=\"https:\/\/suomentulkkauspalvelu.fi\/simultaanitulkkaus\/\">Simultaanitulkkaus<\/a><\/strong><\/p>\n<p>&#8211; <strong><a href=\"https:\/\/suomentulkkauspalvelu.fi\/kuiskaustulkkaus\/\">Kuiskaustulkkaus<\/a><\/strong><\/p>\n<p>&nbsp;<\/p>\n<p>[\/et_pb_text][\/et_pb_column][\/et_pb_row][\/et_pb_section][et_pb_section fb_built=&#8221;1&#8243; _builder_version=&#8221;3.22&#8243; custom_padding=&#8221;0px|0px|49px|0px|false|false&#8221;][et_pb_row _builder_version=&#8221;3.25&#8243; background_color=&#8221;#0088cc&#8221;][et_pb_column type=&#8221;4_4&#8243; _builder_version=&#8221;3.25&#8243; custom_padding=&#8221;|||&#8221; custom_padding__hover=&#8221;|||&#8221;][et_pb_text _builder_version=&#8221;3.27.4&#8243; text_font=&#8221;||||||||&#8221; text_text_color=&#8221;#ffffff&#8221; header_font=&#8221;||||||||&#8221; header_text_color=&#8221;#ffffff&#8221; header_4_font=&#8221;||||||||&#8221; header_4_text_color=&#8221;#ffffff&#8221; text_orientation=&#8221;center&#8221;]<\/p>\n<h4><strong>Tarvitsetko laadukasta ja ammattitaitoista konsekutiivitulkkausta?<\/strong><\/h4>\n<p>Klikkaa alla olevaa nappia ja kerro meille tulevasta tapahtumastasi. Teemme teille tarjouksen!<\/p>\n<p>[\/et_pb_text][et_pb_button button_url=&#8221;https:\/\/suomentulkkauspalvelu.fi\/simultaanitulkkaus-laitteisto\/&#8221; button_text=&#8221;PYYD\u00c4 MAKSUTON TARJOUS&#8221; button_alignment=&#8221;center&#8221; _builder_version=&#8221;3.17.6&#8243; custom_button=&#8221;on&#8221; button_text_size=&#8221;16px&#8221; button_text_color=&#8221;#000000&#8243; button_bg_color=&#8221;#ffffff&#8221; button_border_width=&#8221;0px&#8221; button_border_color=&#8221;#ffffff&#8221; button_border_radius=&#8221;3px&#8221; button_font=&#8221;|700|||||||&#8221; button_use_icon=&#8221;off&#8221; custom_margin=&#8221;20px|||&#8221; custom_margin_tablet=&#8221;20px||50px|&#8221; custom_margin_phone=&#8221;10px||40px|&#8221; custom_margin_last_edited=&#8221;on|phone&#8221; custom_padding=&#8221;7px|20px|7px|20px&#8221; button_text_size_tablet=&#8221;14px&#8221; button_text_size_phone=&#8221;14px&#8221; button_text_size_last_edited=&#8221;on|phone&#8221; box_shadow_style=&#8221;preset5&#8243; box_shadow_vertical=&#8221;4px&#8221; box_shadow_blur=&#8221;1px&#8221; box_shadow_spread=&#8221;0px&#8221; box_shadow_color=&#8221;#36758c&#8221; button_text_color_hover=&#8221;#ffffff&#8221; button_border_radius_hover=&#8221;25px&#8221; button_bg_color_hover=&#8221;#0088cc&#8221; button_text_size__hover_enabled=&#8221;off&#8221; button_one_text_size__hover_enabled=&#8221;off&#8221; button_two_text_size__hover_enabled=&#8221;off&#8221; button_text_color__hover_enabled=&#8221;on&#8221; button_text_color__hover=&#8221;#ffffff&#8221; button_one_text_color__hover_enabled=&#8221;off&#8221; button_two_text_color__hover_enabled=&#8221;off&#8221; button_border_width__hover_enabled=&#8221;off&#8221; button_one_border_width__hover_enabled=&#8221;off&#8221; button_two_border_width__hover_enabled=&#8221;off&#8221; button_border_color__hover_enabled=&#8221;off&#8221; button_one_border_color__hover_enabled=&#8221;off&#8221; button_two_border_color__hover_enabled=&#8221;off&#8221; button_border_radius__hover_enabled=&#8221;on&#8221; button_border_radius__hover=&#8221;3px&#8221; button_one_border_radius__hover_enabled=&#8221;off&#8221; button_two_border_radius__hover_enabled=&#8221;off&#8221; button_letter_spacing__hover_enabled=&#8221;off&#8221; button_one_letter_spacing__hover_enabled=&#8221;off&#8221; button_two_letter_spacing__hover_enabled=&#8221;off&#8221; button_bg_color__hover_enabled=&#8221;on&#8221; button_bg_color__hover=&#8221;rgba(0,135,204,0.86)&#8221; button_one_bg_color__hover_enabled=&#8221;off&#8221; button_two_bg_color__hover_enabled=&#8221;off&#8221;]<\/p>\n<p><strong>Mit\u00e4 muita tulkkausmenetelmi\u00e4 puhetilaisuuksissa voidaan k\u00e4ytt\u00e4\u00e4?<\/strong><\/p>\n<p>Tutustu my\u00f6s muihin tulkkausvaihtoehtoihin, joita voit hy\u00f6dynt\u00e4\u00e4 monikielisess\u00e4 konferenssissa tai muussa puhetapahtumassa. Ammattitaitoiset tulkkimme auttavat sinua kaikissa tilanteissa. Jos tilaisuudessa on monikielist\u00e4 yleis\u00f6\u00e4 ja aikaa on rajatusti, valitse simultaanitulkkaus, jossa puhuja ja tulkki puhuvat yht\u00e4 aikaa ja k\u00e4\u00e4nn\u00f6s menee suoraan kuulijan kuulokkeisiin. Jos yleis\u00f6ss\u00e4 on vain muutama tulkkia tarvitseva ihminen, on kuiskaustulkkaus hyv\u00e4 valinta.<\/p>\n<p>&#8211; Simultaanitulkkaus (linkki)<\/p>\n<p>&#8211; Kuiskaustulkkaus (linkki)<\/p>\n<p>&nbsp;<\/p>\n<p>Tarvitsetko laadukasta ja ammattitaitoista konsekutiivitulkkausta?<\/p>\n<p>Klikkaa alla olevaa nappia ja kerro meille tulevasta tapahtumastasi. Teemme teille tarjouksen!<\/p>\n<p>[\/et_pb_button][\/et_pb_column][\/et_pb_row][\/et_pb_section]<\/p>\n","protected":false},"excerpt":{"rendered":"<p>Konsekutiivitulkkaus Varaa kaksikieliseen konferenssiin konsekutiivitulkkaus Kaksikielisen konferenssin tulkkaus hoituu parhaiten laadukkaan konsekutiivi- eli per\u00e4kk\u00e4istulkkauksen avulla. Tarjoa kaikille osallistujille mahdollisuus ymm\u00e4rt\u00e4\u00e4 konferenssin tai muun puhetilaisuuden sis\u00e4lt\u00f6. Konsekutiivitulkkaus tarkoittaa sit\u00e4, ett\u00e4 puhuja ja tulkki esiintyv\u00e4t vuorotellen 1-5 minuutin ajan. T\u00e4m\u00e4 menetelm\u00e4 on selke\u00e4sti paras vaihtoehto\u00a0 kaksikielisiin tapahtumiin, joissa k\u00e4\u00e4nt\u00e4miselle on varattu riitt\u00e4v\u00e4sti aikaa. Ammattimaiset tulkkimme ovat varmoja [&hellip;]<\/p>\n","protected":false},"author":1,"featured_media":0,"parent":0,"menu_order":0,"comment_status":"closed","ping_status":"closed","template":"","meta":{"_et_pb_use_builder":"on","_et_pb_old_content":"","_et_gb_content_width":"","footnotes":""},"categories":[],"class_list":["post-2200","page","type-page","status-publish","hentry"],"_links":{"self":[{"href":"https:\/\/suomentulkkauspalvelu.fi\/en\/wp-json\/wp\/v2\/pages\/2200","targetHints":{"allow":["GET"]}}],"collection":[{"href":"https:\/\/suomentulkkauspalvelu.fi\/en\/wp-json\/wp\/v2\/pages"}],"about":[{"href":"https:\/\/suomentulkkauspalvelu.fi\/en\/wp-json\/wp\/v2\/types\/page"}],"author":[{"embeddable":true,"href":"https:\/\/suomentulkkauspalvelu.fi\/en\/wp-json\/wp\/v2\/users\/1"}],"replies":[{"embeddable":true,"href":"https:\/\/suomentulkkauspalvelu.fi\/en\/wp-json\/wp\/v2\/comments?post=2200"}],"version-history":[{"count":1,"href":"https:\/\/suomentulkkauspalvelu.fi\/en\/wp-json\/wp\/v2\/pages\/2200\/revisions"}],"predecessor-version":[{"id":5020,"href":"https:\/\/suomentulkkauspalvelu.fi\/en\/wp-json\/wp\/v2\/pages\/2200\/revisions\/5020"}],"wp:attachment":[{"href":"https:\/\/suomentulkkauspalvelu.fi\/en\/wp-json\/wp\/v2\/media?parent=2200"}],"wp:term":[{"taxonomy":"category","embeddable":true,"href":"https:\/\/suomentulkkauspalvelu.fi\/en\/wp-json\/wp\/v2\/categories?post=2200"}],"curies":[{"name":"wp","href":"https:\/\/api.w.org\/{rel}","templated":true}]}}