{"id":2206,"date":"2018-11-21T20:35:28","date_gmt":"2018-11-21T18:35:28","guid":{"rendered":"https:\/\/suomentulkkauspalvelu.fi\/?page_id=2206"},"modified":"2021-07-16T10:29:30","modified_gmt":"2021-07-16T08:29:30","slug":"kuiskaustulkkaus","status":"publish","type":"page","link":"https:\/\/suomentulkkauspalvelu.fi\/en\/kuiskaustulkkaus\/","title":{"rendered":"Whisper interpretation"},"content":{"rendered":"<p>[et_pb_section fb_built=&#8221;1&#8243; _builder_version=&#8221;3.22.3&#8243; background_color=&#8221;#0088cc&#8221;][et_pb_row _builder_version=&#8221;3.25&#8243; module_alignment=&#8221;center&#8221; custom_margin=&#8221;|||&#8221; custom_margin_tablet=&#8221;50px||50px|&#8221; custom_margin_phone=&#8221;20px||20px|&#8221; custom_margin_last_edited=&#8221;on|phone&#8221; animation_direction=&#8221;bottom&#8221;][et_pb_column type=&#8221;4_4&#8243; _builder_version=&#8221;3.25&#8243; custom_padding=&#8221;|||&#8221; custom_padding__hover=&#8221;|||&#8221;][et_pb_text _builder_version=&#8221;3.27.4&#8243; text_font=&#8221;|||on|||||&#8221; link_font=&#8221;|600|||||||&#8221; link_text_color=&#8221;#494949&#8243; header_font=&#8221;|600|||||||&#8221; header_font_size=&#8221;52px&#8221; header_2_font=&#8221;|600|||||||&#8221; header_2_text_color=&#8221;#ffffff&#8221; header_2_font_size=&#8221;50px&#8221; header_3_font=&#8221;||||||||&#8221; header_3_font_size=&#8221;25px&#8221; text_orientation=&#8221;center&#8221; background_layout=&#8221;dark&#8221; animation_style=&#8221;slide&#8221; animation_direction=&#8221;top&#8221; header_font_size_tablet=&#8221;35px&#8221; header_font_size_phone=&#8221;25px&#8221; header_font_size_last_edited=&#8221;on|phone&#8221; header_2_font_size_tablet=&#8221;&#8221; header_2_font_size_phone=&#8221;24px&#8221; header_2_font_size_last_edited=&#8221;on|phone&#8221; header_3_font_size_tablet=&#8221;21px&#8221; header_3_font_size_phone=&#8221;16px&#8221; header_3_font_size_last_edited=&#8221;on|tablet&#8221;]<\/p>\n<h1>Kuiskaustulkkaus<\/h1>\n<p>[\/et_pb_text][\/et_pb_column][\/et_pb_row][\/et_pb_section][et_pb_section fb_built=&#8221;1&#8243; _builder_version=&#8221;3.22.3&#8243;][et_pb_row _builder_version=&#8221;3.25&#8243; custom_padding=&#8221;||60px|||&#8221;][et_pb_column type=&#8221;4_4&#8243; _builder_version=&#8221;3.25&#8243; custom_padding=&#8221;|||&#8221; custom_padding__hover=&#8221;|||&#8221;][et_pb_text _builder_version=&#8221;3.27.4&#8243; text_font=&#8221;||||||||&#8221; header_font=&#8221;||||||||&#8221; header_2_font=&#8221;||||||||&#8221;]<\/p>\n<h2><strong>Varaa konferenssiin kuiskaustulkkaus<\/strong><\/h2>\n<p><strong><\/strong><\/p>\n<p>Jos puhetilaisuudessa on enint\u00e4\u00e4n kaksi tulkkausta tarvitsevaa henkil\u00f6\u00e4, paras valinta on kuiskaustulkkaus. Meid\u00e4n kauttamme varaat k\u00e4tev\u00e4sti laadukkaan kuiskaustulkkauksen, jossa tulkkimme k\u00e4\u00e4nt\u00e4\u00e4 l\u00e4hell\u00e4\u00e4n istuville ihmisille esiintyj\u00e4n puhetta samanaikaisesti kuiskaamalla tai hiljaisella \u00e4\u00e4nell\u00e4. Tarjoa kaikille tilaisuuteen osallistuville mahdollisuus ymm\u00e4rt\u00e4\u00e4 esityksi\u00e4 omalla kielell\u00e4\u00e4n.<\/p>\n<p>Kuiskaustulkkaus toimii parhaiten 1-2 henkil\u00f6lle. Jos tulkkausta tarvitsevia on enemm\u00e4n, kannattaa tutustua muihin tulkkipalveluihimme. Autamme sinua kaikissa tilanteissa, joten kerro meille, millaista tilaisuutta olet j\u00e4rjest\u00e4m\u00e4ss\u00e4 ja millaista tulkkausapua kaipaat!<\/p>\n<p>[\/et_pb_text][et_pb_button button_url=&#8221;https:\/\/suomentulkkauspalvelu.fi\/simultaanitulkkaus-laitteisto\/&#8221; button_text=&#8221;PYYD\u00c4 TARJOUS&#8221; button_alignment=&#8221;left&#8221; _builder_version=&#8221;3.17.6&#8243; custom_button=&#8221;on&#8221; button_text_size=&#8221;16px&#8221; button_text_color=&#8221;#ffffff&#8221; button_bg_color=&#8221;#0088cc&#8221; button_border_width=&#8221;0px&#8221; button_border_color=&#8221;#0088cc&#8221; button_border_radius=&#8221;3px&#8221; button_font=&#8221;|700|||||||&#8221; button_use_icon=&#8221;off&#8221; custom_margin=&#8221;20px|||&#8221; custom_margin_tablet=&#8221;20px||50px|&#8221; custom_margin_phone=&#8221;10px||40px|&#8221; custom_margin_last_edited=&#8221;on|phone&#8221; custom_padding=&#8221;7px|20px|7px|20px&#8221; button_text_size_tablet=&#8221;14px&#8221; button_text_size_phone=&#8221;14px&#8221; button_text_size_last_edited=&#8221;on|phone&#8221; box_shadow_style=&#8221;preset5&#8243; box_shadow_vertical=&#8221;4px&#8221; box_shadow_blur=&#8221;1px&#8221; box_shadow_spread=&#8221;0px&#8221; box_shadow_color=&#8221;#36758c&#8221; button_text_color_hover=&#8221;#ffffff&#8221; button_border_radius_hover=&#8221;25px&#8221; button_bg_color_hover=&#8221;#0088cc&#8221; button_text_size__hover_enabled=&#8221;off&#8221; button_one_text_size__hover_enabled=&#8221;off&#8221; button_two_text_size__hover_enabled=&#8221;off&#8221; button_text_color__hover_enabled=&#8221;on&#8221; button_text_color__hover=&#8221;#ffffff&#8221; button_one_text_color__hover_enabled=&#8221;off&#8221; button_two_text_color__hover_enabled=&#8221;off&#8221; button_border_width__hover_enabled=&#8221;off&#8221; button_one_border_width__hover_enabled=&#8221;off&#8221; button_two_border_width__hover_enabled=&#8221;off&#8221; button_border_color__hover_enabled=&#8221;off&#8221; button_one_border_color__hover_enabled=&#8221;off&#8221; button_two_border_color__hover_enabled=&#8221;off&#8221; button_border_radius__hover_enabled=&#8221;on&#8221; button_border_radius__hover=&#8221;3px&#8221; button_one_border_radius__hover_enabled=&#8221;off&#8221; button_two_border_radius__hover_enabled=&#8221;off&#8221; button_letter_spacing__hover_enabled=&#8221;off&#8221; button_one_letter_spacing__hover_enabled=&#8221;off&#8221; button_two_letter_spacing__hover_enabled=&#8221;off&#8221; button_bg_color__hover_enabled=&#8221;on&#8221; button_bg_color__hover=&#8221;rgba(0,135,204,0.86)&#8221; button_one_bg_color__hover_enabled=&#8221;off&#8221; button_two_bg_color__hover_enabled=&#8221;off&#8221;][\/et_pb_button][\/et_pb_column][\/et_pb_row][et_pb_row _builder_version=&#8221;3.25&#8243; custom_padding=&#8221;||60px|||&#8221;][et_pb_column type=&#8221;4_4&#8243; _builder_version=&#8221;3.25&#8243; custom_padding=&#8221;|||&#8221; custom_padding__hover=&#8221;|||&#8221;][et_pb_text _builder_version=&#8221;3.27.4&#8243; text_font=&#8221;||||||||&#8221; header_font=&#8221;||||||||&#8221; header_2_font=&#8221;||||||||&#8221;]<\/p>\n<h4><strong>Mit\u00e4 laitteita kuiskaustulkkaus vaatii?<\/strong><\/h4>\n<p>Kuiskaustulkkauksessa ei tarvita erillisi\u00e4 tulkkauslaitteita, sill\u00e4 tulkkaus tapahtuu hiljaisella \u00e4\u00e4nell\u00e4 muutamalle l\u00e4hell\u00e4 istuvalle ihmiselle. Kannattaa huomioida, ett\u00e4 kuiskaustulkkaus onnistuu vain, jos tulkkausta tarvitsevia ihmisi\u00e4 on enint\u00e4\u00e4n kaksi. Jos yleis\u00f6ss\u00e4 on useampia tulkkausta tarvitsevia, kannattaa tutustua simultaanitulkkauspalveluumme, jonka laitteisto mahdollistaa kuulokkeiden kautta tapahtuvan tulkkauksen.<\/p>\n<p>Kuiskaustulkkauksessa on hyv\u00e4 huomioida l\u00e4hell\u00e4 istuvat ihmiset, jotta heid\u00e4n keskittymisens\u00e4 ei h\u00e4iriinny. Lis\u00e4ksi kannattaa muistaa, ett\u00e4 kuiskaaminen on \u00e4\u00e4nihuulille raskasta, joten pidemp\u00e4\u00e4n tilaisuuteen kannattaa varata useampi tulkki.<\/p>\n<p>[\/et_pb_text][et_pb_button button_url=&#8221;https:\/\/suomentulkkauspalvelu.fi\/simultaanitulkkaus-laitteisto\/&#8221; button_text=&#8221;PYYD\u00c4 TARJOUS&#8221; button_alignment=&#8221;left&#8221; _builder_version=&#8221;3.17.6&#8243; custom_button=&#8221;on&#8221; button_text_size=&#8221;16px&#8221; button_text_color=&#8221;#ffffff&#8221; button_bg_color=&#8221;#0088cc&#8221; button_border_width=&#8221;0px&#8221; button_border_color=&#8221;#0088cc&#8221; button_border_radius=&#8221;3px&#8221; button_font=&#8221;|700|||||||&#8221; button_use_icon=&#8221;off&#8221; custom_margin=&#8221;20px|||&#8221; custom_margin_tablet=&#8221;20px||50px|&#8221; custom_margin_phone=&#8221;10px||40px|&#8221; custom_margin_last_edited=&#8221;on|phone&#8221; custom_padding=&#8221;7px|20px|7px|20px&#8221; button_text_size_tablet=&#8221;14px&#8221; button_text_size_phone=&#8221;14px&#8221; button_text_size_last_edited=&#8221;on|phone&#8221; box_shadow_style=&#8221;preset5&#8243; box_shadow_vertical=&#8221;4px&#8221; box_shadow_blur=&#8221;1px&#8221; box_shadow_spread=&#8221;0px&#8221; box_shadow_color=&#8221;#36758c&#8221; button_text_color_hover=&#8221;#ffffff&#8221; button_border_radius_hover=&#8221;25px&#8221; button_bg_color_hover=&#8221;#0088cc&#8221; button_text_size__hover_enabled=&#8221;off&#8221; button_one_text_size__hover_enabled=&#8221;off&#8221; button_two_text_size__hover_enabled=&#8221;off&#8221; button_text_color__hover_enabled=&#8221;on&#8221; button_text_color__hover=&#8221;#ffffff&#8221; button_one_text_color__hover_enabled=&#8221;off&#8221; button_two_text_color__hover_enabled=&#8221;off&#8221; button_border_width__hover_enabled=&#8221;off&#8221; button_one_border_width__hover_enabled=&#8221;off&#8221; button_two_border_width__hover_enabled=&#8221;off&#8221; button_border_color__hover_enabled=&#8221;off&#8221; button_one_border_color__hover_enabled=&#8221;off&#8221; button_two_border_color__hover_enabled=&#8221;off&#8221; button_border_radius__hover_enabled=&#8221;on&#8221; button_border_radius__hover=&#8221;3px&#8221; button_one_border_radius__hover_enabled=&#8221;off&#8221; button_two_border_radius__hover_enabled=&#8221;off&#8221; button_letter_spacing__hover_enabled=&#8221;off&#8221; button_one_letter_spacing__hover_enabled=&#8221;off&#8221; button_two_letter_spacing__hover_enabled=&#8221;off&#8221; button_bg_color__hover_enabled=&#8221;on&#8221; button_bg_color__hover=&#8221;rgba(0,135,204,0.86)&#8221; button_one_bg_color__hover_enabled=&#8221;off&#8221; button_two_bg_color__hover_enabled=&#8221;off&#8221;][\/et_pb_button][\/et_pb_column][\/et_pb_row][et_pb_row _builder_version=&#8221;3.25&#8243; custom_padding=&#8221;||0px|||&#8221;][et_pb_column type=&#8221;4_4&#8243; _builder_version=&#8221;3.25&#8243; custom_padding=&#8221;|||&#8221; custom_padding__hover=&#8221;|||&#8221;][et_pb_text _builder_version=&#8221;3.27.4&#8243; text_font=&#8221;||||||||&#8221; header_font=&#8221;||||||||&#8221; header_2_font=&#8221;||||||||&#8221;]<\/p>\n<h4><strong>Mit\u00e4 muita tulkkausmenetelmi\u00e4 voit tilata?<\/strong><\/h4>\n<p>Kannattaa tutustua my\u00f6s muihin tulkkausvaihtoehtoihimme, joita voi k\u00e4ytt\u00e4\u00e4 monikielisess\u00e4 konferenssissa tai muussa puhetapahtumassa. Tulkkimme ovat ammattitaitoisia ja kokeneita, ja puhuvat useita kieli\u00e4. Jos tilaisuudessa on monikielist\u00e4 v\u00e4ke\u00e4 ja aikaa on rajatusti, valitse simultaanitulkkaus, jossa puhuja ja tulkki puhuvat yht\u00e4 aikaa ja tulkkaus kulkeutuu suoraan kuulijan kuulokkeisiin. Jos tilaisuus on selke\u00e4sti kaksikielinen ja aikaa on enemm\u00e4n, kannattaa tutustua konsekutiivitulkkaukseen, jossa puhuja ja tulkki puhuvat vuorotellen.<\/p>\n<p style=\"text-align: center;\">[\/et_pb_text][\/et_pb_column][\/et_pb_row][et_pb_row column_structure=&#8221;1_2,1_2&#8243; _builder_version=&#8221;3.25.4&#8243; custom_padding=&#8221;||70px|||&#8221;][et_pb_column type=&#8221;1_2&#8243; _builder_version=&#8221;3.25.4&#8243;][et_pb_button button_url=&#8221;https:\/\/suomentulkkauspalvelu.fi\/simultaanitulkkaus\/&#8221; button_text=&#8221;Simultaanitulkkaus&#8221; button_alignment=&#8221;right&#8221; _builder_version=&#8221;3.26.3&#8243; custom_button=&#8221;on&#8221; button_text_size=&#8221;20px&#8221; button_text_color=&#8221;#ffffff&#8221; button_bg_color=&#8221;#0088cc&#8221; button_border_width=&#8221;0px&#8221; button_border_color=&#8221;#0067dd&#8221; button_border_radius=&#8221;3px&#8221; button_font=&#8221;|700||on|||||&#8221; button_use_icon=&#8221;off&#8221; custom_margin=&#8221;|||&#8221; custom_margin_tablet=&#8221;20px||50px|&#8221; custom_margin_phone=&#8221;10px||40px|&#8221; custom_margin_last_edited=&#8221;on|phone&#8221; custom_padding=&#8221;20px|35px|20px|35px&#8221; button_text_size_tablet=&#8221;14px&#8221; button_text_size_phone=&#8221;14px&#8221; button_text_size_last_edited=&#8221;on|phone&#8221; button_text_color_hover=&#8221;#ffffff&#8221; button_border_radius_hover=&#8221;25px&#8221; button_bg_color_hover=&#8221;#0088cc&#8221; button_one_text_size__hover_enabled=&#8221;off&#8221; button_two_text_size__hover_enabled=&#8221;off&#8221; button_text_color__hover_enabled=&#8221;on&#8221; button_text_color__hover=&#8221;#ffffff&#8221; button_one_text_color__hover_enabled=&#8221;off&#8221; button_two_text_color__hover_enabled=&#8221;off&#8221; button_border_width__hover_enabled=&#8221;off&#8221; button_one_border_width__hover_enabled=&#8221;off&#8221; button_two_border_width__hover_enabled=&#8221;off&#8221; button_border_color__hover_enabled=&#8221;off&#8221; button_one_border_color__hover_enabled=&#8221;off&#8221; button_two_border_color__hover_enabled=&#8221;off&#8221; button_border_radius__hover_enabled=&#8221;on&#8221; button_border_radius__hover=&#8221;3px&#8221; button_one_border_radius__hover_enabled=&#8221;off&#8221; button_two_border_radius__hover_enabled=&#8221;off&#8221; button_letter_spacing__hover_enabled=&#8221;off&#8221; button_one_letter_spacing__hover_enabled=&#8221;off&#8221; button_two_letter_spacing__hover_enabled=&#8221;off&#8221; button_bg_color__hover_enabled=&#8221;on&#8221; button_bg_color__hover=&#8221;rgba(255,126,101,0.86)&#8221; button_one_bg_color__hover_enabled=&#8221;off&#8221; button_two_bg_color__hover_enabled=&#8221;off&#8221; box_shadow_color__hover_enabled=&#8221;on&#8221; button_bg_use_color_gradient__hover=&#8221;off&#8221; button_bg_color_gradient_start__hover=&#8221;#0088cc&#8221; button_bg_color_gradient_end__hover=&#8221;#6f00ef&#8221; transform_styles__hover_enabled=&#8221;on&#8221; transform_scale__hover_enabled=&#8221;on&#8221; transform_translate__hover_enabled=&#8221;on&#8221; transform_rotate__hover_enabled=&#8221;on&#8221; transform_skew__hover_enabled=&#8221;on&#8221; transform_origin__hover_enabled=&#8221;on&#8221;][\/et_pb_button][\/et_pb_column][et_pb_column type=&#8221;1_2&#8243; _builder_version=&#8221;3.25.4&#8243;][et_pb_button button_url=&#8221;https:\/\/suomentulkkauspalvelu.fi\/konsekutiivitulkkaus\/&#8221; button_text=&#8221;Konsekutiivitulkkaus&#8221; button_alignment=&#8221;left&#8221; _builder_version=&#8221;3.25.4&#8243; custom_button=&#8221;on&#8221; button_text_size=&#8221;20px&#8221; button_text_color=&#8221;#ffffff&#8221; button_bg_color=&#8221;#0088cc&#8221; button_border_width=&#8221;0px&#8221; button_border_color=&#8221;#0067dd&#8221; button_border_radius=&#8221;3px&#8221; button_font=&#8221;|700||on|||||&#8221; button_use_icon=&#8221;off&#8221; custom_margin=&#8221;|||&#8221; custom_margin_tablet=&#8221;20px||50px|&#8221; custom_margin_phone=&#8221;10px||40px|&#8221; custom_margin_last_edited=&#8221;on|phone&#8221; custom_padding=&#8221;20px|35px|20px|35px&#8221; button_text_size_tablet=&#8221;14px&#8221; button_text_size_phone=&#8221;14px&#8221; button_text_size_last_edited=&#8221;on|phone&#8221; button_text_color_hover=&#8221;#ffffff&#8221; button_border_radius_hover=&#8221;25px&#8221; button_bg_color_hover=&#8221;#0088cc&#8221; button_one_text_size__hover_enabled=&#8221;off&#8221; button_two_text_size__hover_enabled=&#8221;off&#8221; button_text_color__hover_enabled=&#8221;on&#8221; button_text_color__hover=&#8221;#ffffff&#8221; button_one_text_color__hover_enabled=&#8221;off&#8221; button_two_text_color__hover_enabled=&#8221;off&#8221; button_border_width__hover_enabled=&#8221;off&#8221; button_one_border_width__hover_enabled=&#8221;off&#8221; button_two_border_width__hover_enabled=&#8221;off&#8221; button_border_color__hover_enabled=&#8221;off&#8221; button_one_border_color__hover_enabled=&#8221;off&#8221; button_two_border_color__hover_enabled=&#8221;off&#8221; button_border_radius__hover_enabled=&#8221;on&#8221; button_border_radius__hover=&#8221;3px&#8221; button_one_border_radius__hover_enabled=&#8221;off&#8221; button_two_border_radius__hover_enabled=&#8221;off&#8221; button_letter_spacing__hover_enabled=&#8221;off&#8221; button_one_letter_spacing__hover_enabled=&#8221;off&#8221; button_two_letter_spacing__hover_enabled=&#8221;off&#8221; button_bg_color__hover_enabled=&#8221;on&#8221; button_bg_color__hover=&#8221;rgba(255,126,101,0.86)&#8221; button_one_bg_color__hover_enabled=&#8221;off&#8221; button_two_bg_color__hover_enabled=&#8221;off&#8221; box_shadow_color__hover_enabled=&#8221;on&#8221; button_bg_use_color_gradient__hover=&#8221;off&#8221; button_bg_color_gradient_start__hover=&#8221;#0088cc&#8221; button_bg_color_gradient_end__hover=&#8221;#6f00ef&#8221;][\/et_pb_button][\/et_pb_column][\/et_pb_row][et_pb_row _builder_version=&#8221;3.25&#8243;][et_pb_column type=&#8221;4_4&#8243; _builder_version=&#8221;3.25&#8243; custom_padding=&#8221;|||&#8221; custom_padding__hover=&#8221;|||&#8221;][et_pb_text _builder_version=&#8221;3.27.4&#8243;]<\/p>\n<h3>Tarvitsetko laadukasta ja ammattitaitoista konsekutiivitulkkausta?<\/h3>\n<p>Klikkaa alla olevaa nappia ja kerro meille tulevasta tapahtumastasi. Teemme teille tarjouksen!<\/p>\n<p>[\/et_pb_text][et_pb_button button_url=&#8221;https:\/\/suomentulkkauspalvelu.fi\/simultaanitulkkaus-laitteisto\/&#8221; button_text=&#8221;PYYD\u00c4 MAKSUTON TARJOUS&#8221; button_alignment=&#8221;center&#8221; _builder_version=&#8221;3.17.6&#8243; custom_button=&#8221;on&#8221; button_text_size=&#8221;16px&#8221; button_text_color=&#8221;#ffffff&#8221; button_bg_color=&#8221;#0088cc&#8221; button_border_width=&#8221;0px&#8221; button_border_color=&#8221;#0088cc&#8221; button_border_radius=&#8221;3px&#8221; button_font=&#8221;|700|||||||&#8221; button_use_icon=&#8221;off&#8221; custom_margin=&#8221;20px|||&#8221; custom_margin_tablet=&#8221;20px||50px|&#8221; custom_margin_phone=&#8221;10px||40px|&#8221; custom_margin_last_edited=&#8221;on|phone&#8221; custom_padding=&#8221;7px|20px|7px|20px&#8221; button_text_size_tablet=&#8221;14px&#8221; button_text_size_phone=&#8221;14px&#8221; button_text_size_last_edited=&#8221;on|phone&#8221; box_shadow_style=&#8221;preset5&#8243; box_shadow_vertical=&#8221;4px&#8221; box_shadow_blur=&#8221;1px&#8221; box_shadow_spread=&#8221;0px&#8221; box_shadow_color=&#8221;#36758c&#8221; button_text_color_hover=&#8221;#ffffff&#8221; button_border_radius_hover=&#8221;25px&#8221; button_bg_color_hover=&#8221;#0088cc&#8221; button_text_size__hover_enabled=&#8221;off&#8221; button_one_text_size__hover_enabled=&#8221;off&#8221; button_two_text_size__hover_enabled=&#8221;off&#8221; button_text_color__hover_enabled=&#8221;on&#8221; button_text_color__hover=&#8221;#ffffff&#8221; button_one_text_color__hover_enabled=&#8221;off&#8221; button_two_text_color__hover_enabled=&#8221;off&#8221; button_border_width__hover_enabled=&#8221;off&#8221; button_one_border_width__hover_enabled=&#8221;off&#8221; button_two_border_width__hover_enabled=&#8221;off&#8221; button_border_color__hover_enabled=&#8221;off&#8221; button_one_border_color__hover_enabled=&#8221;off&#8221; button_two_border_color__hover_enabled=&#8221;off&#8221; button_border_radius__hover_enabled=&#8221;on&#8221; button_border_radius__hover=&#8221;3px&#8221; button_one_border_radius__hover_enabled=&#8221;off&#8221; button_two_border_radius__hover_enabled=&#8221;off&#8221; button_letter_spacing__hover_enabled=&#8221;off&#8221; button_one_letter_spacing__hover_enabled=&#8221;off&#8221; button_two_letter_spacing__hover_enabled=&#8221;off&#8221; button_bg_color__hover_enabled=&#8221;on&#8221; button_bg_color__hover=&#8221;rgba(0,135,204,0.86)&#8221; button_one_bg_color__hover_enabled=&#8221;off&#8221; button_two_bg_color__hover_enabled=&#8221;off&#8221;]<\/p>\n<p><strong>Mit\u00e4 muita tulkkausmenetelmi\u00e4 puhetilaisuuksissa voidaan k\u00e4ytt\u00e4\u00e4?<\/strong><\/p>\n<p>Tutustu my\u00f6s muihin tulkkausvaihtoehtoihin, joita voit hy\u00f6dynt\u00e4\u00e4 monikielisess\u00e4 konferenssissa tai muussa puhetapahtumassa. Ammattitaitoiset tulkkimme auttavat sinua kaikissa tilanteissa. Jos tilaisuudessa on monikielist\u00e4 yleis\u00f6\u00e4 ja aikaa on rajatusti, valitse simultaanitulkkaus, jossa puhuja ja tulkki puhuvat yht\u00e4 aikaa ja k\u00e4\u00e4nn\u00f6s menee suoraan kuulijan kuulokkeisiin. Jos yleis\u00f6ss\u00e4 on vain muutama tulkkia tarvitseva ihminen, on kuiskaustulkkaus hyv\u00e4 valinta.<\/p>\n<p>&#8211; Simultaanitulkkaus (linkki)<\/p>\n<p>&#8211; Kuiskaustulkkaus (linkki)<\/p>\n<p>&nbsp;<\/p>\n<p>Tarvitsetko laadukasta ja ammattitaitoista konsekutiivitulkkausta?<\/p>\n<p>Klikkaa alla olevaa nappia ja kerro meille tulevasta tapahtumastasi. Teemme teille tarjouksen!<\/p>\n<p>[\/et_pb_button][\/et_pb_column][\/et_pb_row][et_pb_row _builder_version=&#8221;3.25&#8243; link_option_url=&#8221;https:\/\/suomentulkkauspalvelu.fi\/simultaanitulkkaus-vai-konsekutiivitulkkaus\/&#8221; custom_padding__hover_enabled=&#8221;on&#8221; padding_1__hover=&#8221;1px|||||&#8221;][et_pb_column type=&#8221;4_4&#8243; _builder_version=&#8221;3.25&#8243; custom_padding=&#8221;0px|||&#8221; custom_padding__hover=&#8221;|||&#8221;][et_pb_text _builder_version=&#8221;3.27.4&#8243; text_font=&#8221;||||||||&#8221; text_text_color=&#8221;#ffffff&#8221; text_font_size=&#8221;17px&#8221; header_font=&#8221;||||||||&#8221; header_3_font=&#8221;|800|||||||&#8221; header_3_text_align=&#8221;center&#8221; header_3_text_color=&#8221;#ffffff&#8221; header_3_font_size=&#8221;32px&#8221; background_color=&#8221;#ff7e65&#8243; text_orientation=&#8221;center&#8221; custom_margin=&#8221;||&#8221; custom_padding=&#8221;50px|50px|50px|50px&#8221; hover_enabled=&#8221;1&#8243; border_radii=&#8221;on|5px|5px|5px|5px&#8221; custom_padding__hover_enabled=&#8221;on&#8221; box_shadow_spread__hover_enabled=&#8221;on&#8221; box_shadow_spread__hover=&#8221;5px&#8221;]<\/p>\n<h3>Simultaani-, kuiskaus- vai konsekutiivitulkkaus?<\/h3>\n<p>Valitse oikea tulkkauspalvelu tilaisuuteesi!<\/p>\n<p>[\/et_pb_text][\/et_pb_column][\/et_pb_row][\/et_pb_section]<\/p>\n","protected":false},"excerpt":{"rendered":"<p>Kuiskaustulkkaus Varaa konferenssiin kuiskaustulkkaus Jos puhetilaisuudessa on enint\u00e4\u00e4n kaksi tulkkausta tarvitsevaa henkil\u00f6\u00e4, paras valinta on kuiskaustulkkaus. Meid\u00e4n kauttamme varaat k\u00e4tev\u00e4sti laadukkaan kuiskaustulkkauksen, jossa tulkkimme k\u00e4\u00e4nt\u00e4\u00e4 l\u00e4hell\u00e4\u00e4n istuville ihmisille esiintyj\u00e4n puhetta samanaikaisesti kuiskaamalla tai hiljaisella \u00e4\u00e4nell\u00e4. Tarjoa kaikille tilaisuuteen osallistuville mahdollisuus ymm\u00e4rt\u00e4\u00e4 esityksi\u00e4 omalla kielell\u00e4\u00e4n. Kuiskaustulkkaus toimii parhaiten 1-2 henkil\u00f6lle. Jos tulkkausta tarvitsevia on enemm\u00e4n, kannattaa [&hellip;]<\/p>\n","protected":false},"author":1,"featured_media":0,"parent":0,"menu_order":0,"comment_status":"closed","ping_status":"closed","template":"","meta":{"_et_pb_use_builder":"on","_et_pb_old_content":"","_et_gb_content_width":"","footnotes":""},"categories":[],"class_list":["post-2206","page","type-page","status-publish","hentry"],"_links":{"self":[{"href":"https:\/\/suomentulkkauspalvelu.fi\/en\/wp-json\/wp\/v2\/pages\/2206","targetHints":{"allow":["GET"]}}],"collection":[{"href":"https:\/\/suomentulkkauspalvelu.fi\/en\/wp-json\/wp\/v2\/pages"}],"about":[{"href":"https:\/\/suomentulkkauspalvelu.fi\/en\/wp-json\/wp\/v2\/types\/page"}],"author":[{"embeddable":true,"href":"https:\/\/suomentulkkauspalvelu.fi\/en\/wp-json\/wp\/v2\/users\/1"}],"replies":[{"embeddable":true,"href":"https:\/\/suomentulkkauspalvelu.fi\/en\/wp-json\/wp\/v2\/comments?post=2206"}],"version-history":[{"count":1,"href":"https:\/\/suomentulkkauspalvelu.fi\/en\/wp-json\/wp\/v2\/pages\/2206\/revisions"}],"predecessor-version":[{"id":5014,"href":"https:\/\/suomentulkkauspalvelu.fi\/en\/wp-json\/wp\/v2\/pages\/2206\/revisions\/5014"}],"wp:attachment":[{"href":"https:\/\/suomentulkkauspalvelu.fi\/en\/wp-json\/wp\/v2\/media?parent=2206"}],"wp:term":[{"taxonomy":"category","embeddable":true,"href":"https:\/\/suomentulkkauspalvelu.fi\/en\/wp-json\/wp\/v2\/categories?post=2206"}],"curies":[{"name":"wp","href":"https:\/\/api.w.org\/{rel}","templated":true}]}}