{"id":2219,"date":"2018-11-21T21:07:03","date_gmt":"2018-11-21T19:07:03","guid":{"rendered":"https:\/\/suomentulkkauspalvelu.fi\/?page_id=2219"},"modified":"2023-10-05T09:25:00","modified_gmt":"2023-10-05T07:25:00","slug":"oikeustulkkaus","status":"publish","type":"page","link":"https:\/\/suomentulkkauspalvelu.fi\/en\/oikeustulkkaus\/","title":{"rendered":"Legal interpretation"},"content":{"rendered":"<p>[et_pb_section fb_built=&#8221;1&#8243; _builder_version=&#8221;4.16&#8243; background_image=&#8221;https:\/\/suomentulkkauspalvelu.fi\/wp-content\/uploads\/Oikeustulkkaus.jpg&#8221; custom_margin=&#8221;||||false|false&#8221; custom_padding=&#8221;150px||150px||true|false&#8221; global_colors_info=&#8221;{}&#8221;][et_pb_row _builder_version=&#8221;4.16&#8243; background_color=&#8221;rgba(12,12,12,0.4)&#8221; global_colors_info=&#8221;{}&#8221;][et_pb_column type=&#8221;4_4&#8243; _builder_version=&#8221;4.16&#8243; global_colors_info=&#8221;{}&#8221;][et_pb_text _builder_version=&#8221;4.16&#8243; header_font=&#8221;|700||on|||||&#8221; header_text_align=&#8221;center&#8221; header_text_color=&#8221;#ffffff&#8221; header_font_size=&#8221;52px&#8221; global_colors_info=&#8221;{}&#8221;]<\/p>\n<h1>OIKEUSTULKKAUS<\/h1>\n<p>[\/et_pb_text][\/et_pb_column][\/et_pb_row][\/et_pb_section][et_pb_section fb_built=&#8221;1&#8243; _builder_version=&#8221;4.16&#8243; global_colors_info=&#8221;{}&#8221;][et_pb_row _builder_version=&#8221;4.16&#8243; global_colors_info=&#8221;{}&#8221;][et_pb_column type=&#8221;4_4&#8243; _builder_version=&#8221;4.16&#8243; global_colors_info=&#8221;{}&#8221;][et_pb_text _builder_version=&#8221;4.16&#8243; header_2_font=&#8221;|700|||||||&#8221; global_colors_info=&#8221;{}&#8221;]<\/p>\n<h2>Asianmukainen, luottamuksellinen ja puolueeton \u2013 eli turvallinen \u2013 oikeustulkkaus on jokaisen oikeus!<\/h2>\n<p>[\/et_pb_text][et_pb_text _builder_version=&#8221;4.16&#8243; global_colors_info=&#8221;{}&#8221;]<\/p>\n<p style=\"text-align: center;\"><em>Asianmukainen, luottamuksellinen ja puolueeton oikeustulkkaus on oikeudellisten viranomaisasioiden keski\u00f6ss\u00e4 \u2013 jokaisella tulee olla mahdollisuus asioida oikeusturvansa kannalta keskeisiss\u00e4 asioissa turvallisesti omalla \u00e4idinkielell\u00e4\u00e4n!<\/em><\/p>\n<p>[\/et_pb_text][et_pb_text _builder_version=&#8221;4.16&#8243; global_colors_info=&#8221;{}&#8221;]<\/p>\n<p>Oikeustulkkauksen turvallisuuden osalta avainasemassa ovat ehdoton luottamuksellisuus, puolueettomuus, salassapitovelvollisuus ja vaitiolovelvollisuus. Kaikki oikeustulkkimme t\u00e4ytt\u00e4v\u00e4t oikeustulkkaukseen vaadittavat tiukat kriteerit; he ovat ehdottoman ammattitaitoisia ja p\u00e4tevi\u00e4, luotettavia ja puolueettomia sek\u00e4 vaitiolovelvollisia ja salassapitovelvollisia alan ammattilaisia. Luottamuksesi on meille ykk\u00f6sasia, joten varmistamme sen ehdottoman toteutumisen.<\/p>\n<p>Teemme asianmukaista, ammattimaista ja puolueetonta oikeustulkkausta, jonka tarkoituksena on taata asiakkaan oikeusturvan toteutuminen. Tulkkaus tapahtuu oikeusistuimessa kansalaisten oikeusturvaan liittyviss\u00e4 asioissa, joita ovat erilaiset oikeudelliset viranomaisasiat, kuten esimerkiksi tuomioistuinten, poliisin ja maahanmuuttoviraston prosessit. T\u00e4llaiset tilanteet ovat yh\u00e4 yleisempi\u00e4 kansainv\u00e4listymisen lis\u00e4\u00e4ntyess\u00e4, jolloin niihin vaadittavien asianmukaisten, luotettavien ja puolueettomien tulkkauspalveluiden sek\u00e4 ammattitaitoisten ja osaavien tulkkien merkitys korostuu entisest\u00e4\u00e4n. Luottamuksellisuus ja puolueettomuus eiv\u00e4t ole neuvoteltavissa olevia asioita, vaan niiden toteutumisen varmistaminen on meille ehdotonta.<\/p>\n<p>[\/et_pb_text][et_pb_button button_url=&#8221;https:\/\/suomentulkkauspalvelu.fi\/tilaa-tulkki\/&#8221; button_text=&#8221;VARAA TULKKI&#8221; button_alignment=&#8221;left&#8221; _builder_version=&#8221;4.21.0&#8243; custom_button=&#8221;on&#8221; button_text_size=&#8221;16px&#8221; button_text_color=&#8221;#ffffff&#8221; button_bg_color=&#8221;#0088cc&#8221; button_border_width=&#8221;0px&#8221; button_border_color=&#8221;#0088cc&#8221; button_border_radius=&#8221;3px&#8221; button_font=&#8221;|700|||||||&#8221; button_use_icon=&#8221;off&#8221; custom_margin=&#8221;20px|||&#8221; custom_margin_tablet=&#8221;20px||50px|&#8221; custom_margin_phone=&#8221;10px||40px|&#8221; custom_margin_last_edited=&#8221;on|phone&#8221; custom_padding=&#8221;7px|20px|7px|20px&#8221; hover_enabled=&#8221;0&#8243; button_text_size_tablet=&#8221;14px&#8221; button_text_size_phone=&#8221;14px&#8221; button_text_size_last_edited=&#8221;on|phone&#8221; box_shadow_style=&#8221;preset5&#8243; box_shadow_vertical=&#8221;4px&#8221; box_shadow_blur=&#8221;1px&#8221; box_shadow_spread=&#8221;0px&#8221; box_shadow_color=&#8221;#36758c&#8221; button_text_color_hover=&#8221;#ffffff&#8221; button_border_radius_hover=&#8221;25px&#8221; button_bg_color_hover=&#8221;#0088cc&#8221; global_colors_info=&#8221;{}&#8221; button_text_size__hover_enabled=&#8221;off&#8221; button_one_text_size__hover_enabled=&#8221;off&#8221; button_two_text_size__hover_enabled=&#8221;off&#8221; button_text_color__hover_enabled=&#8221;on&#8221; button_text_color__hover=&#8221;#ffffff&#8221; button_one_text_color__hover_enabled=&#8221;off&#8221; button_two_text_color__hover_enabled=&#8221;off&#8221; button_border_width__hover_enabled=&#8221;off&#8221; button_one_border_width__hover_enabled=&#8221;off&#8221; button_two_border_width__hover_enabled=&#8221;off&#8221; button_border_color__hover_enabled=&#8221;off&#8221; button_one_border_color__hover_enabled=&#8221;off&#8221; button_two_border_color__hover_enabled=&#8221;off&#8221; button_border_radius__hover_enabled=&#8221;on&#8221; button_border_radius__hover=&#8221;3px&#8221; button_one_border_radius__hover_enabled=&#8221;off&#8221; button_two_border_radius__hover_enabled=&#8221;off&#8221; button_letter_spacing__hover_enabled=&#8221;off&#8221; button_one_letter_spacing__hover_enabled=&#8221;off&#8221; button_two_letter_spacing__hover_enabled=&#8221;off&#8221; button_bg_color__hover_enabled=&#8221;on&#8221; button_bg_color__hover=&#8221;rgba(0,135,204,0.86)&#8221; button_one_bg_color__hover_enabled=&#8221;off&#8221; button_two_bg_color__hover_enabled=&#8221;off&#8221; sticky_enabled=&#8221;0&#8243;][\/et_pb_button][\/et_pb_column][\/et_pb_row][et_pb_row column_structure=&#8221;3_5,2_5&#8243; _builder_version=&#8221;4.16&#8243; global_colors_info=&#8221;{}&#8221;][et_pb_column type=&#8221;3_5&#8243; _builder_version=&#8221;4.16&#8243; global_colors_info=&#8221;{}&#8221;][et_pb_text _builder_version=&#8221;4.16&#8243; header_3_font=&#8221;|600|||||||&#8221; global_colors_info=&#8221;{}&#8221;]<\/p>\n<h3>Ammattitaitoista oikeustulkkausta oikeusturvasi toteutumisen varmistamiseksi<\/h3>\n<p>[\/et_pb_text][et_pb_text _builder_version=&#8221;4.16&#8243; global_colors_info=&#8221;{}&#8221;]<\/p>\n<p>Oikeustulkkauksen kannalta on ensiarvoisen t\u00e4rke\u00e4\u00e4, ett\u00e4 tulkilla on oikeustulkkaukseen vaadittava ammattitaito, asianmukainen kokemus sek\u00e4 vankka hallinta kieliparin molempien kielten osalta. Oikeustulkin on ymm\u00e4rrett\u00e4v\u00e4 my\u00f6s eri kulttuurien erityispiirteet sek\u00e4 juridiset ja oikeudelliset lainalaisuudet sek\u00e4 osattava reagoida nopeasti, tilannetajuisesti ja eettisesti haastavissakin tilanteissa. Oikeustulkkimme ovat kokeneita alan ammattilaisia, jotka hallitsevat juridisen ammattikielen ja vakiintuneet ilmaukset molemmilla ty\u00f6kielill\u00e4\u00e4n sek\u00e4 hoitavat tulkkauksen ammattitaitoisesti, vastuullisesti, puolueettomasti ja luottamuksellisesti.<\/p>\n<p>Tulkin avulla asiakas voi edustaa itse\u00e4\u00e4n omalla \u00e4idinkielell\u00e4\u00e4n, mik\u00e4 on keskeisin asia v\u00e4\u00e4rinymm\u00e4rrysten v\u00e4ltt\u00e4miseksi. Lis\u00e4ksi tuomioistuimessa asioiminen omalla \u00e4idinkielell\u00e4 on ihmisoikeus. Eth\u00e4n sin\u00e4 haluaisi joutua selvitt\u00e4m\u00e4\u00e4n oikeusturvasi kannalta kriittisi\u00e4 asioita ymm\u00e4rt\u00e4m\u00e4tt\u00e4 t\u00e4ysin niiden sis\u00e4lt\u00f6\u00e4? Oikeustulkkauksen osalta v\u00e4\u00e4rinymm\u00e4rryksiin ei ole varaa.<\/p>\n<p>Olemme luotettava ja puolueeton toimija, joka haluaa varmistaa kansalaisten oikeusturvan toteutumisen. Kokeneet, ammattitaitoiset ja luotettavat oikeustulkkimme pit\u00e4v\u00e4t huolen sinun oikeusturvasi toteutumisesta tilanteessa kuin tilanteessa. <a href=\"https:\/\/suomentulkkauspalvelu.fi\/ota-yhteytta\/\">Ota meihin yhteytt\u00e4 jo t\u00e4n\u00e4\u00e4n!<\/a><\/p>\n<p>[\/et_pb_text][\/et_pb_column][et_pb_column type=&#8221;2_5&#8243; _builder_version=&#8221;4.16&#8243; global_colors_info=&#8221;{}&#8221;][et_pb_testimonial author=&#8221;Pasi Leinonen&#8221; company_name=&#8221;Asianajotoimisto Pasi Markus Leinonen Oy&#8221; portrait_url=&#8221;https:\/\/suomentulkkauspalvelu.fi\/wp-content\/uploads\/Oikeustukkaus.png&#8221; _builder_version=&#8221;4.16&#8243; background_color=&#8221;#fafafa&#8221; animation_style=&#8221;fold&#8221; animation_delay=&#8221;1400ms&#8221; box_shadow_style=&#8221;preset1&#8243; global_colors_info=&#8221;{}&#8221;]<\/p>\n<p>\u201dTilaukseni puhelintulkkauksesta sujui parhaalla mahdollisella tavalla. Kiitos tulkille.\u201d<\/p>\n<p><img loading=\"lazy\" decoding=\"async\" src=\"https:\/\/suomentulkkauspalvelu.fi\/wp-content\/uploads\/stars_.png\" width=\"129\" height=\"26\" alt=\"\" class=\"wp-image-4247 alignnone size-full\" \/><\/p>\n<p>[\/et_pb_testimonial][et_pb_button button_url=&#8221;https:\/\/suomentulkkauspalvelu.fi\/kokemuksia\/&#8221; button_text=&#8221;Asiakkaidemme kokemuksia&#8221; button_alignment=&#8221;center&#8221; _builder_version=&#8221;4.16&#8243; custom_button=&#8221;on&#8221; button_text_size=&#8221;17px&#8221; button_border_width=&#8221;2px&#8221; button_border_radius=&#8221;25px&#8221; button_use_icon=&#8221;off&#8221; custom_padding=&#8221;|30px||30px|false|false&#8221; box_shadow_style=&#8221;preset3&#8243; global_colors_info=&#8221;{}&#8221; button_text_color__hover_enabled=&#8221;on&#8221; button_text_color__hover=&#8221;#ffffff&#8221; button_bg_color__hover_enabled=&#8221;on&#8221; button_bg_color__hover=&#8221;#0088cc&#8221; button_bg_enable_color__hover=&#8221;on&#8221; button_border_color__hover_enabled=&#8221;on&#8221; button_border_color__hover=&#8221;#0088cc&#8221;][\/et_pb_button][\/et_pb_column][\/et_pb_row][et_pb_row _builder_version=&#8221;4.16&#8243; global_colors_info=&#8221;{}&#8221;][et_pb_column type=&#8221;4_4&#8243; _builder_version=&#8221;4.16&#8243; global_colors_info=&#8221;{}&#8221;][et_pb_text _builder_version=&#8221;4.16&#8243; global_colors_info=&#8221;{}&#8221;]<\/p>\n<h4 style=\"text-align: center;\">TILAA PUOLUEETON JA LUOTTAMUKSELLINEN OIKEUSTULKKAUS<\/h4>\n<p>[\/et_pb_text][et_pb_button button_url=&#8221;https:\/\/suomentulkkauspalvelu.fi\/tilaa-tulkki\/&#8221; button_text=&#8221;VARAA TULKKI&#8221; button_alignment=&#8221;center&#8221; _builder_version=&#8221;4.21.0&#8243; custom_button=&#8221;on&#8221; button_text_size=&#8221;16px&#8221; button_text_color=&#8221;#ffffff&#8221; button_bg_color=&#8221;#0088cc&#8221; button_border_width=&#8221;0px&#8221; button_border_color=&#8221;#0088cc&#8221; button_border_radius=&#8221;3px&#8221; button_font=&#8221;|700|||||||&#8221; button_use_icon=&#8221;off&#8221; custom_margin=&#8221;20px|||&#8221; custom_margin_tablet=&#8221;20px||50px|&#8221; custom_margin_phone=&#8221;10px||40px|&#8221; custom_margin_last_edited=&#8221;on|phone&#8221; custom_padding=&#8221;7px|20px|7px|20px&#8221; hover_enabled=&#8221;0&#8243; button_text_size_tablet=&#8221;14px&#8221; button_text_size_phone=&#8221;14px&#8221; button_text_size_last_edited=&#8221;on|phone&#8221; box_shadow_style=&#8221;preset5&#8243; box_shadow_vertical=&#8221;4px&#8221; box_shadow_blur=&#8221;1px&#8221; box_shadow_spread=&#8221;0px&#8221; box_shadow_color=&#8221;#36758c&#8221; button_text_color_hover=&#8221;#ffffff&#8221; button_border_radius_hover=&#8221;25px&#8221; button_bg_color_hover=&#8221;#0088cc&#8221; global_colors_info=&#8221;{}&#8221; button_text_size__hover_enabled=&#8221;off&#8221; button_one_text_size__hover_enabled=&#8221;off&#8221; button_two_text_size__hover_enabled=&#8221;off&#8221; button_text_color__hover_enabled=&#8221;on&#8221; button_text_color__hover=&#8221;#ffffff&#8221; button_one_text_color__hover_enabled=&#8221;off&#8221; button_two_text_color__hover_enabled=&#8221;off&#8221; button_border_width__hover_enabled=&#8221;off&#8221; button_one_border_width__hover_enabled=&#8221;off&#8221; button_two_border_width__hover_enabled=&#8221;off&#8221; button_border_color__hover_enabled=&#8221;off&#8221; button_one_border_color__hover_enabled=&#8221;off&#8221; button_two_border_color__hover_enabled=&#8221;off&#8221; button_border_radius__hover_enabled=&#8221;on&#8221; button_border_radius__hover=&#8221;3px&#8221; button_one_border_radius__hover_enabled=&#8221;off&#8221; button_two_border_radius__hover_enabled=&#8221;off&#8221; button_letter_spacing__hover_enabled=&#8221;off&#8221; button_one_letter_spacing__hover_enabled=&#8221;off&#8221; button_two_letter_spacing__hover_enabled=&#8221;off&#8221; button_bg_color__hover_enabled=&#8221;on&#8221; button_bg_color__hover=&#8221;rgba(0,135,204,0.86)&#8221; button_one_bg_color__hover_enabled=&#8221;off&#8221; button_two_bg_color__hover_enabled=&#8221;off&#8221; sticky_enabled=&#8221;0&#8243;][\/et_pb_button][\/et_pb_column][\/et_pb_row][et_pb_row _builder_version=&#8221;4.16&#8243; global_colors_info=&#8221;{}&#8221;][et_pb_column type=&#8221;4_4&#8243; _builder_version=&#8221;4.16&#8243; global_colors_info=&#8221;{}&#8221;][et_pb_text _builder_version=&#8221;4.16&#8243; header_3_font=&#8221;|700|||||||&#8221; global_colors_info=&#8221;{}&#8221;]<\/p>\n<h3>Miten oikeustulkkaus eroaa muista tulkkausmuodoista?<\/h3>\n<p>[\/et_pb_text][et_pb_text _builder_version=&#8221;4.16&#8243; global_colors_info=&#8221;{}&#8221;]<\/p>\n<p>Oikeustulkkaus eroaa muista tulkkausmuodoista ennen kaikkea sen osalta, ett\u00e4 siin\u00e4 k\u00e4sitell\u00e4\u00e4n usein arkaluontoisia ja luottamuksellisia, oikeusturvan kannalta keskeisi\u00e4 asioita. Oikeustulkkaus on <a href=\"https:\/\/suomentulkkauspalvelu.fi\/asioimistulkkaus\/\">asioimistulkkausta<\/a> vaativampi muoto, sill\u00e4 oikeudellisiin aiheisiin, kuten rikosten k\u00e4sittelyyn, liittyv\u00e4 tulkkaus vaatii tulkilta erityisen vankkaa kokemusta ja osaamista sek\u00e4 henkist\u00e4 vahvuutta. Oikeustulkin valmistautumista auttaa, mik\u00e4li h\u00e4nell\u00e4 on mahdollisuus tutustua esimerkiksi rikoksen k\u00e4sittelyyn liittyviin materiaaleihin etuk\u00e4teen.<\/p>\n<p>Ehdoton luottamuksellisuus, vaitiolovelvollisuus, salassapitovelvollisuus ja puolueettomuus ovat kaiken l\u00e4ht\u00f6kohtana oikeustulkkauksessa ja sen turvallisuuden varmistamisessa. Oikeustulkkausta hoitavat vain kokeneet ammattitulkit, jotka tuntevat juridiset sanastot ja k\u00e4yt\u00e4nn\u00f6t. P\u00e4tev\u00e4t tulkkimme tarjoavat asianmukaista, ammattitaitoista ja laadukasta tulkkausta juuri sinun tarpeisiisi. Panostamme ennen kaikkea oikeustulkkauksen luottamuksellisuuteen, puolueettomuuteen, vaitiolovelvollisuuteen ja salassapitovelvollisuuteen. Kaikki tulkkimme ovat vahvistaneet salassapitovelvollisuutensa ja vaitiolovelvollisuutensa allekirjoituksillaan sek\u00e4 ovat sitoutuneet toimimaan luottamuksellisesti ja puolueettomasti. Takaamme ehdottoman turvallisen oikeustulkkauksen sinun oikeusturvasi kannalta merkitt\u00e4vien asioiden hoitamisessa.<\/p>\n<p>[\/et_pb_text][\/et_pb_column][\/et_pb_row][et_pb_row _builder_version=&#8221;4.16&#8243; global_colors_info=&#8221;{}&#8221;][et_pb_column type=&#8221;4_4&#8243; _builder_version=&#8221;4.16&#8243; global_colors_info=&#8221;{}&#8221;][et_pb_text _builder_version=&#8221;4.16&#8243; header_4_font=&#8221;|600|||||||&#8221; global_colors_info=&#8221;{}&#8221;]<\/p>\n<h4>Oikeustulkkauksen tulee t\u00e4ytt\u00e4\u00e4 seuraavat kriteerit:<\/h4>\n<p>[\/et_pb_text][\/et_pb_column][\/et_pb_row][et_pb_row column_structure=&#8221;2_5,3_5&#8243; _builder_version=&#8221;4.16&#8243; global_colors_info=&#8221;{}&#8221;][et_pb_column type=&#8221;2_5&#8243; _builder_version=&#8221;4.16&#8243; global_colors_info=&#8221;{}&#8221;][et_pb_text _builder_version=&#8221;4.16&#8243; global_colors_info=&#8221;{}&#8221;]<\/p>\n<ul>\n<li>Luottamuksellisuus<\/li>\n<li>Puolueettomuus<\/li>\n<li>Vaitiolovelvollisuus<\/li>\n<li>Salassapitovelvollisuus<\/li>\n<li>Asianmukaisuus<\/li>\n<li>Ammattitaito<\/li>\n<li>Laatu<\/li>\n<li>Turvallisuus<\/li>\n<\/ul>\n<p>[\/et_pb_text][\/et_pb_column][et_pb_column type=&#8221;3_5&#8243; _builder_version=&#8221;4.16&#8243; global_colors_info=&#8221;{}&#8221;][et_pb_text _builder_version=&#8221;4.16&#8243; global_colors_info=&#8221;{}&#8221;]<\/p>\n<p>Korostamme kaikkien tulkkausmuotojemme osalta tulkkauksen asianmukaisuutta, ammattitaitoa ja laatua. Oikeustulkkauksen osalta t\u00e4rke\u00e4\u00e4 ennen kaikkea on luottamuksellisuus ja puolueettomuus sek\u00e4 salassapito- ja vaitiolovelvollisuus asianomaisten keskuudessa. Oikeusturvan kanssa ei tule leikki\u00e4 &#8211; sinun oikeusturvasi on meille ensiarvoisen t\u00e4rke\u00e4ss\u00e4 asemassa! <br \/><strong><a href=\"https:\/\/suomentulkkauspalvelu.fi\/ota-yhteytta\/\">Ota yhteytt\u00e4<\/a><\/strong>, niin autamme sinua sen turvallisessa toteutumisessa.<\/p>\n<p>[\/et_pb_text][et_pb_button button_url=&#8221;https:\/\/suomentulkkauspalvelu.fi\/tilaa-tulkki\/&#8221; button_text=&#8221;TILAA TURVALLINEN OIKEUSTULKKAUS&#8221; button_alignment=&#8221;left&#8221; _builder_version=&#8221;4.16&#8243; custom_button=&#8221;on&#8221; button_text_size=&#8221;16px&#8221; button_text_color=&#8221;#ffffff&#8221; button_bg_color=&#8221;#0088cc&#8221; button_border_width=&#8221;0px&#8221; button_border_color=&#8221;#0088cc&#8221; button_border_radius=&#8221;3px&#8221; button_font=&#8221;|700|||||||&#8221; button_use_icon=&#8221;off&#8221; custom_margin=&#8221;20px|||&#8221; custom_margin_tablet=&#8221;20px||50px|&#8221; custom_margin_phone=&#8221;10px||40px|&#8221; custom_margin_last_edited=&#8221;on|phone&#8221; custom_padding=&#8221;7px|20px|7px|20px&#8221; button_text_size_tablet=&#8221;14px&#8221; button_text_size_phone=&#8221;14px&#8221; button_text_size_last_edited=&#8221;on|phone&#8221; box_shadow_style=&#8221;preset5&#8243; box_shadow_vertical=&#8221;4px&#8221; box_shadow_blur=&#8221;1px&#8221; box_shadow_spread=&#8221;0px&#8221; box_shadow_color=&#8221;#36758c&#8221; button_text_color_hover=&#8221;#ffffff&#8221; button_border_radius_hover=&#8221;25px&#8221; button_bg_color_hover=&#8221;#0088cc&#8221; global_colors_info=&#8221;{}&#8221; button_text_size__hover_enabled=&#8221;off&#8221; button_one_text_size__hover_enabled=&#8221;off&#8221; button_two_text_size__hover_enabled=&#8221;off&#8221; button_text_color__hover_enabled=&#8221;on&#8221; button_text_color__hover=&#8221;#ffffff&#8221; button_one_text_color__hover_enabled=&#8221;off&#8221; button_two_text_color__hover_enabled=&#8221;off&#8221; button_border_width__hover_enabled=&#8221;off&#8221; button_one_border_width__hover_enabled=&#8221;off&#8221; button_two_border_width__hover_enabled=&#8221;off&#8221; button_border_color__hover_enabled=&#8221;off&#8221; button_one_border_color__hover_enabled=&#8221;off&#8221; button_two_border_color__hover_enabled=&#8221;off&#8221; button_border_radius__hover_enabled=&#8221;on&#8221; button_border_radius__hover=&#8221;3px&#8221; button_one_border_radius__hover_enabled=&#8221;off&#8221; button_two_border_radius__hover_enabled=&#8221;off&#8221; button_letter_spacing__hover_enabled=&#8221;off&#8221; button_one_letter_spacing__hover_enabled=&#8221;off&#8221; button_two_letter_spacing__hover_enabled=&#8221;off&#8221; button_bg_color__hover_enabled=&#8221;on&#8221; button_bg_color__hover=&#8221;rgba(0,135,204,0.86)&#8221; button_one_bg_color__hover_enabled=&#8221;off&#8221; button_two_bg_color__hover_enabled=&#8221;off&#8221;][\/et_pb_button][\/et_pb_column][\/et_pb_row][et_pb_row column_structure=&#8221;1_2,1_2&#8243; _builder_version=&#8221;4.16&#8243; global_colors_info=&#8221;{}&#8221;][et_pb_column type=&#8221;1_2&#8243; _builder_version=&#8221;4.16&#8243; global_colors_info=&#8221;{}&#8221;][et_pb_text _builder_version=&#8221;4.16&#8243; global_colors_info=&#8221;{}&#8221;]<\/p>\n<h4>Valitse oikea tulkkausmuoto ja asianmukaiset tulkkauslaitteet tarpeesi mukaan<\/h4>\n<p>[\/et_pb_text][et_pb_text _builder_version=&#8221;4.16&#8243; global_colors_info=&#8221;{}&#8221;]<\/p>\n<p>Tutustu my\u00f6s muihin ammattitaitoisiin tulkkauspalveluihimme:<\/p>\n<ul>\n<li>Asioiden hoitoa helpottavaan <a href=\"https:\/\/suomentulkkauspalvelu.fi\/asioimistulkkaus\/\">asioimistulkkaukseen<\/a><\/li>\n<li><a href=\"https:\/\/suomentulkkauspalvelu.fi\/konferenssitulkkaus\/\">Konferenssitulkkauksemme<\/a> eri muotoihin<\/li>\n<li>Monikielisten konferenssien <a href=\"https:\/\/suomentulkkauspalvelu.fi\/simultaanitulkkaus\/\">simultaanitulkkaukseen<\/a> eli samanaikaistulkkaukseen<\/li>\n<li>Kaksikielisten kokousten <a href=\"https:\/\/suomentulkkauspalvelu.fi\/konsekutiivitulkkaus\/\">konsekutiivitulkkaukseen<\/a> eli per\u00e4kk\u00e4istulkkaukseen<\/li>\n<li>Pienempien tilaisuuksien <a href=\"https:\/\/suomentulkkauspalvelu.fi\/kuiskaustulkkaus\/\">kuiskaustulkkaukseen<\/a><\/li>\n<li>Laadukkaisiin <a href=\"https:\/\/suomentulkkauspalvelu.fi\/tulkkauslaitteet\/\">tulkkauslaitteisiimme<\/a><\/li>\n<\/ul>\n<p>[\/et_pb_text][\/et_pb_column][et_pb_column type=&#8221;1_2&#8243; _builder_version=&#8221;4.16&#8243; global_colors_info=&#8221;{}&#8221;][et_pb_image src=&#8221;https:\/\/suomentulkkauspalvelu.fi\/wp-content\/uploads\/Oikeustulkkaus_hinta.jpg&#8221; _builder_version=&#8221;4.16&#8243; global_colors_info=&#8221;{}&#8221;][\/et_pb_image][\/et_pb_column][\/et_pb_row][et_pb_row _builder_version=&#8221;4.16&#8243; global_colors_info=&#8221;{}&#8221;][et_pb_column type=&#8221;4_4&#8243; _builder_version=&#8221;4.16&#8243; global_colors_info=&#8221;{}&#8221;][et_pb_text _builder_version=&#8221;4.16&#8243; global_colors_info=&#8221;{}&#8221;]<\/p>\n<p><strong><a href=\"https:\/\/suomentulkkauspalvelu.fi\/ota-yhteytta\/\">Ota yhteytt\u00e4<\/a><\/strong>, niin kerromme mielell\u00e4mme lis\u00e4\u00e4 laajalla <strong><a href=\"https:\/\/suomentulkkauspalvelu.fi\/kielivalikoima\/\">kielivalikoimallamme<\/a><\/strong> varustetuista, ammattitaitoisista tulkkauspalveluistamme ja tarjoamme juuri sinun tarpeisiisi sopivan kokonaisuuden!<\/p>\n<p>Suomen Tulkkauspalvelu Oy tarjoaa ehdottoman luottamuksellista ja puolueetonta oikeustulkkausta niin vaitiolovelvollisuutta kuin salassapitovelvollisuutta korostaen \u2013 varmistamme ehdottoman turvallisen oikeustulkkauksen toteutumisen asianmukaisesti, ammattitaitoisesti ja laadukkaasti!<\/p>\n<p>[\/et_pb_text][\/et_pb_column][\/et_pb_row][\/et_pb_section]<\/p>\n","protected":false},"excerpt":{"rendered":"<p>OIKEUSTULKKAUSAsianmukainen, luottamuksellinen ja puolueeton \u2013 eli turvallinen \u2013 oikeustulkkaus on jokaisen oikeus!Asianmukainen, luottamuksellinen ja puolueeton oikeustulkkaus on oikeudellisten viranomaisasioiden keski\u00f6ss\u00e4 \u2013 jokaisella tulee olla mahdollisuus asioida oikeusturvansa kannalta keskeisiss\u00e4 asioissa turvallisesti omalla \u00e4idinkielell\u00e4\u00e4n!Oikeustulkkauksen turvallisuuden osalta avainasemassa ovat ehdoton luottamuksellisuus, puolueettomuus, salassapitovelvollisuus ja vaitiolovelvollisuus. Kaikki oikeustulkkimme t\u00e4ytt\u00e4v\u00e4t oikeustulkkaukseen vaadittavat tiukat kriteerit; he ovat ehdottoman ammattitaitoisia ja [&hellip;]<\/p>\n","protected":false},"author":1,"featured_media":0,"parent":0,"menu_order":0,"comment_status":"closed","ping_status":"closed","template":"","meta":{"_et_pb_use_builder":"on","_et_pb_old_content":"","_et_gb_content_width":"","footnotes":""},"categories":[],"class_list":["post-2219","page","type-page","status-publish","hentry"],"_links":{"self":[{"href":"https:\/\/suomentulkkauspalvelu.fi\/en\/wp-json\/wp\/v2\/pages\/2219","targetHints":{"allow":["GET"]}}],"collection":[{"href":"https:\/\/suomentulkkauspalvelu.fi\/en\/wp-json\/wp\/v2\/pages"}],"about":[{"href":"https:\/\/suomentulkkauspalvelu.fi\/en\/wp-json\/wp\/v2\/types\/page"}],"author":[{"embeddable":true,"href":"https:\/\/suomentulkkauspalvelu.fi\/en\/wp-json\/wp\/v2\/users\/1"}],"replies":[{"embeddable":true,"href":"https:\/\/suomentulkkauspalvelu.fi\/en\/wp-json\/wp\/v2\/comments?post=2219"}],"version-history":[{"count":3,"href":"https:\/\/suomentulkkauspalvelu.fi\/en\/wp-json\/wp\/v2\/pages\/2219\/revisions"}],"predecessor-version":[{"id":5195,"href":"https:\/\/suomentulkkauspalvelu.fi\/en\/wp-json\/wp\/v2\/pages\/2219\/revisions\/5195"}],"wp:attachment":[{"href":"https:\/\/suomentulkkauspalvelu.fi\/en\/wp-json\/wp\/v2\/media?parent=2219"}],"wp:term":[{"taxonomy":"category","embeddable":true,"href":"https:\/\/suomentulkkauspalvelu.fi\/en\/wp-json\/wp\/v2\/categories?post=2219"}],"curies":[{"name":"wp","href":"https:\/\/api.w.org\/{rel}","templated":true}]}}