{"id":2227,"date":"2018-11-21T21:22:09","date_gmt":"2018-11-21T19:22:09","guid":{"rendered":"https:\/\/suomentulkkauspalvelu.fi\/?page_id=2227"},"modified":"2026-01-16T14:52:25","modified_gmt":"2026-01-16T12:52:25","slug":"kielivalikoima","status":"publish","type":"page","link":"https:\/\/suomentulkkauspalvelu.fi\/en\/kielivalikoima\/","title":{"rendered":"Language selection"},"content":{"rendered":"<p>[et_pb_section fb_built=&#8221;1&#8243; _builder_version=&#8221;4.16&#8243; background_color=&#8221;#0088cc&#8221; global_colors_info=&#8221;{}&#8221;][et_pb_row _builder_version=&#8221;4.16&#8243; module_alignment=&#8221;center&#8221; custom_margin=&#8221;|||&#8221; custom_margin_tablet=&#8221;50px||50px|&#8221; custom_margin_phone=&#8221;20px||20px|&#8221; custom_margin_last_edited=&#8221;on|phone&#8221; animation_direction=&#8221;bottom&#8221; global_colors_info=&#8221;{}&#8221;][et_pb_column type=&#8221;4_4&#8243; _builder_version=&#8221;4.16&#8243; custom_padding=&#8221;|||&#8221; global_colors_info=&#8221;{}&#8221; custom_padding__hover=&#8221;|||&#8221;][et_pb_text _builder_version=&#8221;4.16&#8243; text_font=&#8221;|||on|||||&#8221; link_font=&#8221;|600|||||||&#8221; link_text_color=&#8221;#494949&#8243; header_font=&#8221;|600|||||||&#8221; header_font_size=&#8221;52px&#8221; header_2_font=&#8221;|600|||||||&#8221; header_2_text_color=&#8221;#ffffff&#8221; header_2_font_size=&#8221;50px&#8221; header_3_font=&#8221;||||||||&#8221; header_3_font_size=&#8221;25px&#8221; text_orientation=&#8221;center&#8221; background_layout=&#8221;dark&#8221; animation_style=&#8221;slide&#8221; animation_direction=&#8221;top&#8221; header_font_size_tablet=&#8221;35px&#8221; header_font_size_phone=&#8221;25px&#8221; header_font_size_last_edited=&#8221;on|phone&#8221; header_2_font_size_tablet=&#8221;&#8221; header_2_font_size_phone=&#8221;24px&#8221; header_2_font_size_last_edited=&#8221;on|phone&#8221; header_3_font_size_tablet=&#8221;21px&#8221; header_3_font_size_phone=&#8221;16px&#8221; header_3_font_size_last_edited=&#8221;on|tablet&#8221; global_colors_info=&#8221;{}&#8221;]<\/p>\n<h1><strong>Kielivalikoima ja kaupungit<\/strong><\/h1>\n<p>[\/et_pb_text][\/et_pb_column][\/et_pb_row][\/et_pb_section][et_pb_section fb_built=&#8221;1&#8243; module_id=&#8221;kielivalikoima&#8221; _builder_version=&#8221;4.16&#8243; custom_padding=&#8221;40px|0px|49px|0px&#8221; global_colors_info=&#8221;{}&#8221;][et_pb_row _builder_version=&#8221;4.16&#8243; global_colors_info=&#8221;{}&#8221;][et_pb_column type=&#8221;4_4&#8243; _builder_version=&#8221;4.16&#8243; custom_padding=&#8221;|||&#8221; global_colors_info=&#8221;{}&#8221; custom_padding__hover=&#8221;|||&#8221;][et_pb_text _builder_version=&#8221;4.16&#8243; header_font=&#8221;||||||||&#8221; header_2_font=&#8221;|600|||||||&#8221; header_2_font_size=&#8221;30px&#8221; global_colors_info=&#8221;{}&#8221;]<\/p>\n<h2 style=\"text-align: center;\"><strong>Laaja kielivalikoimamme<\/strong><\/h2>\n<p>[\/et_pb_text][\/et_pb_column][\/et_pb_row][et_pb_row column_structure=&#8221;1_4,1_4,1_4,1_4&#8243; _builder_version=&#8221;4.16&#8243; custom_padding=&#8221;24px|0px|60px|0px|false|false&#8221; global_colors_info=&#8221;{}&#8221;][et_pb_column type=&#8221;1_4&#8243; _builder_version=&#8221;4.16&#8243; custom_padding=&#8221;|||&#8221; global_colors_info=&#8221;{}&#8221; custom_padding__hover=&#8221;|||&#8221;][et_pb_text _builder_version=&#8221;4.16&#8243; global_colors_info=&#8221;{}&#8221;]<\/p>\n<ul>\n<li>albania<\/li>\n<li>amhara<\/li>\n<li>arabia<\/li>\n<li>arabia poh.-afr.<\/li>\n<li>aramea<\/li>\n<li>armenia<\/li>\n<li>azeri<\/li>\n<li>bahasa indonesia<\/li>\n<li>badini<\/li>\n<li>bemba<\/li>\n<li>bengali<\/li>\n<li>berberi<\/li>\n<li>bini (edo)<\/li>\n<li>bosnia<\/li>\n<li>bulgaria<\/li>\n<li>burma<\/li>\n<li>dari<\/li>\n<li>englanti<\/li>\n<li>espanja<\/li>\n<li>feili<\/li>\n<li>fid\u017ei<\/li>\n<li>fulani<\/li>\n<li>georgia<\/li>\n<li>heprea<\/li>\n<li>hindi<\/li>\n<li>hollanti<\/li>\n<\/ul>\n<p>[\/et_pb_text][\/et_pb_column][et_pb_column type=&#8221;1_4&#8243; _builder_version=&#8221;4.16&#8243; custom_padding=&#8221;|||&#8221; global_colors_info=&#8221;{}&#8221; custom_padding__hover=&#8221;|||&#8221;][et_pb_text _builder_version=&#8221;4.27.5&#8243; global_colors_info=&#8221;{}&#8221;]<\/p>\n<ul>\n<li>igbo, ibo<\/li>\n<li>ishan \/ esan<\/li>\n<li>italia<\/li>\n<li>japani<\/li>\n<li>jola<\/li>\n<li>joruba (yoruba)<\/li>\n<li>kantoninkiina<\/li>\n<li>kaonde<\/li>\n<li>karen<\/li>\n<li>kazakki, kasakki<\/li>\n<li>kikuyu<\/li>\n<li>kinjaruanda<\/li>\n<li>kirgiisi<\/li>\n<li>kirundi<\/li>\n<li>Kongon swahili<\/li>\n<li>korea<\/li>\n<li>kreikka<\/li>\n<li>kroatia ks my\u00f6s bosnia<\/li>\n<li>kurdi (sorani, badini, kurmand\u017ei)<\/li>\n<li>lamba<\/li>\n<li>lao<\/li>\n<li>lari<\/li>\n<li>latvia<\/li>\n<li>liettua<\/li>\n<li>lingala<\/li>\n<\/ul>\n<p>[\/et_pb_text][\/et_pb_column][et_pb_column type=&#8221;1_4&#8243; _builder_version=&#8221;4.16&#8243; custom_padding=&#8221;|||&#8221; global_colors_info=&#8221;{}&#8221; custom_padding__hover=&#8221;|||&#8221;][et_pb_text _builder_version=&#8221;4.27.5&#8243; hover_enabled=&#8221;0&#8243; global_colors_info=&#8221;{}&#8221; sticky_enabled=&#8221;0&#8243;]<\/p>\n<ul>\n<li><span style=\"font-size: 14px;\">luganda<\/span><\/li>\n<li>malaiji<\/li>\n<li>mandariinikiina<\/li>\n<li>mandinka<\/li>\n<li>mon<\/li>\n<li>myanmar (burma)<\/li>\n<li>nepali<\/li>\n<li>newari<\/li>\n<li>norja<\/li>\n<li>nuer<\/li>\n<li>\n<p class=\"p1\">nyanja<\/p>\n<\/li>\n<li>oromo<\/li>\n<li>pand\u017eabi (punjabi)<\/li>\n<li>pasto, afgaani<\/li>\n<li>persia (farsi)<\/li>\n<li>pilipino<\/li>\n<li>portugali<\/li>\n<li>puola<\/li>\n<li>ranska<\/li>\n<li>romania<\/li>\n<li>ruotsi<\/li>\n<li>saksa<\/li>\n<li>serbia<\/li>\n<li>serbokroatia<\/li>\n<li>serer<\/li>\n<li>sinhali (singaleesi tai sinhala)<\/li>\n<\/ul>\n<p>[\/et_pb_text][\/et_pb_column][et_pb_column type=&#8221;1_4&#8243; _builder_version=&#8221;4.16&#8243; custom_padding=&#8221;|||&#8221; global_colors_info=&#8221;{}&#8221; custom_padding__hover=&#8221;|||&#8221;][et_pb_text _builder_version=&#8221;4.27.5&#8243; hover_enabled=&#8221;0&#8243; global_colors_info=&#8221;{}&#8221; sticky_enabled=&#8221;0&#8243;]<\/p>\n<ul>\n<li>slovakki<\/li>\n<li>sloveeni<\/li>\n<li>somali<\/li>\n<li>swahili<\/li>\n<li>tad\u017eikin\/tadziki<\/li>\n<li>tamili<\/li>\n<li>tagalog<\/li>\n<li>thai<\/li>\n<li>tigrinja<\/li>\n<li>tsekki<\/li>\n<li>turkki<\/li>\n<li>turkmeeni<\/li>\n<li>uiguuri<\/li>\n<li>ukraina<\/li>\n<li>unkari<\/li>\n<li>urdu<\/li>\n<li>uzbekki, usbekki<\/li>\n<li>valkoven\u00e4j\u00e4<\/li>\n<li>ven\u00e4j\u00e4<\/li>\n<li>vietnam<\/li>\n<li>viro<\/li>\n<li>wolof<\/li>\n<\/ul>\n<p>[\/et_pb_text][\/et_pb_column][\/et_pb_row][et_pb_row _builder_version=&#8221;4.16&#8243; global_colors_info=&#8221;{}&#8221;][et_pb_column type=&#8221;4_4&#8243; _builder_version=&#8221;4.16&#8243; custom_padding=&#8221;|||&#8221; global_colors_info=&#8221;{}&#8221; custom_padding__hover=&#8221;|||&#8221;][et_pb_text _builder_version=&#8221;4.16&#8243; text_font=&#8221;||||||||&#8221; header_font=&#8221;||||||||&#8221; header_3_font=&#8221;||||||||&#8221; header_3_font_size=&#8221;27px&#8221; global_colors_info=&#8221;{}&#8221;]<\/p>\n<h3 style=\"text-align: center;\"><strong>Toimimme ymp\u00e4ri Suomen<\/strong><\/h3>\n<p>[\/et_pb_text][\/et_pb_column][\/et_pb_row][et_pb_row column_structure=&#8221;1_4,1_4,1_4,1_4&#8243; _builder_version=&#8221;4.16&#8243; global_colors_info=&#8221;{}&#8221;][et_pb_column type=&#8221;1_4&#8243; _builder_version=&#8221;4.16&#8243; custom_padding=&#8221;|||&#8221; global_colors_info=&#8221;{}&#8221; custom_padding__hover=&#8221;|||&#8221;][et_pb_text _builder_version=&#8221;4.16&#8243; global_colors_info=&#8221;{}&#8221;]<\/p>\n<ul>\n<li>Helsinki<\/li>\n<li>Espoo<\/li>\n<li>Tampere<\/li>\n<li>Vantaa<\/li>\n<li>Oulu<\/li>\n<li>Turku<\/li>\n<li>Jyv\u00e4skyl\u00e4<\/li>\n<li>Lahti<\/li>\n<li>Kuopio<\/li>\n<li>Kouvola<\/li>\n<\/ul>\n<p>[\/et_pb_text][\/et_pb_column][et_pb_column type=&#8221;1_4&#8243; _builder_version=&#8221;4.16&#8243; custom_padding=&#8221;|||&#8221; global_colors_info=&#8221;{}&#8221; custom_padding__hover=&#8221;|||&#8221;][et_pb_text _builder_version=&#8221;4.16&#8243; global_colors_info=&#8221;{}&#8221;]<\/p>\n<ul>\n<li>Pori<\/li>\n<li>Joensuu<\/li>\n<li>Lappeenranta<\/li>\n<li>H\u00e4meenlinna<\/li>\n<li>Vaasa<\/li>\n<li>Rovaniemi<\/li>\n<li>Sein\u00e4joki<\/li>\n<li>Mikkeli<\/li>\n<li>Kotka<\/li>\n<li>Salo<\/li>\n<\/ul>\n<p>[\/et_pb_text][\/et_pb_column][et_pb_column type=&#8221;1_4&#8243; _builder_version=&#8221;4.16&#8243; custom_padding=&#8221;|||&#8221; global_colors_info=&#8221;{}&#8221; custom_padding__hover=&#8221;|||&#8221;][et_pb_text _builder_version=&#8221;4.16&#8243; global_colors_info=&#8221;{}&#8221;]<\/p>\n<ul>\n<li>Porvoo<\/li>\n<li>Kokkola<\/li>\n<li>Lohja<\/li>\n<li>Hyvink\u00e4\u00e4<\/li>\n<li>Nurmij\u00e4rvi<\/li>\n<li>J\u00e4rvenp\u00e4\u00e4<\/li>\n<li>Rauma<\/li>\n<li>Kirkkonummi<\/li>\n<li>Tuusula<\/li>\n<li>Kajaani<\/li>\n<\/ul>\n<p>[\/et_pb_text][\/et_pb_column][et_pb_column type=&#8221;1_4&#8243; _builder_version=&#8221;4.16&#8243; custom_padding=&#8221;|||&#8221; global_colors_info=&#8221;{}&#8221; custom_padding__hover=&#8221;|||&#8221;][et_pb_text _builder_version=&#8221;4.16&#8243; global_colors_info=&#8221;{}&#8221;]<\/p>\n<ul>\n<li>Savonlinna<\/li>\n<li>Kerava<\/li>\n<li>Nokia<\/li>\n<li>Yl\u00f6j\u00e4rvi<\/li>\n<li>Kaarina<\/li>\n<li>Kangasala<\/li>\n<li>Riihim\u00e4ki<\/li>\n<li>Vihti<\/li>\n<li>Raasepori<\/li>\n<li>Imatra<\/li>\n<\/ul>\n<p>[\/et_pb_text][\/et_pb_column][\/et_pb_row][\/et_pb_section]<\/p>\n","protected":false},"excerpt":{"rendered":"<p>Kielivalikoima ja kaupungitLaaja kielivalikoimamme albania amhara arabia arabia poh.-afr. aramea armenia azeri bahasa indonesia badini bemba bengali berberi bini (edo) bosnia bulgaria burma dari englanti espanja feili fid\u017ei fulani georgia heprea hindi hollanti igbo, ibo ishan \/ esan italia japani jola joruba (yoruba) kantoninkiina kaonde karen kazakki, kasakki kikuyu kinjaruanda kirgiisi kirundi Kongon swahili korea [&hellip;]<\/p>\n","protected":false},"author":1,"featured_media":0,"parent":0,"menu_order":0,"comment_status":"closed","ping_status":"closed","template":"","meta":{"_et_pb_use_builder":"on","_et_pb_old_content":"","_et_gb_content_width":"","footnotes":""},"categories":[],"class_list":["post-2227","page","type-page","status-publish","hentry"],"_links":{"self":[{"href":"https:\/\/suomentulkkauspalvelu.fi\/en\/wp-json\/wp\/v2\/pages\/2227","targetHints":{"allow":["GET"]}}],"collection":[{"href":"https:\/\/suomentulkkauspalvelu.fi\/en\/wp-json\/wp\/v2\/pages"}],"about":[{"href":"https:\/\/suomentulkkauspalvelu.fi\/en\/wp-json\/wp\/v2\/types\/page"}],"author":[{"embeddable":true,"href":"https:\/\/suomentulkkauspalvelu.fi\/en\/wp-json\/wp\/v2\/users\/1"}],"replies":[{"embeddable":true,"href":"https:\/\/suomentulkkauspalvelu.fi\/en\/wp-json\/wp\/v2\/comments?post=2227"}],"version-history":[{"count":18,"href":"https:\/\/suomentulkkauspalvelu.fi\/en\/wp-json\/wp\/v2\/pages\/2227\/revisions"}],"predecessor-version":[{"id":5563,"href":"https:\/\/suomentulkkauspalvelu.fi\/en\/wp-json\/wp\/v2\/pages\/2227\/revisions\/5563"}],"wp:attachment":[{"href":"https:\/\/suomentulkkauspalvelu.fi\/en\/wp-json\/wp\/v2\/media?parent=2227"}],"wp:term":[{"taxonomy":"category","embeddable":true,"href":"https:\/\/suomentulkkauspalvelu.fi\/en\/wp-json\/wp\/v2\/categories?post=2227"}],"curies":[{"name":"wp","href":"https:\/\/api.w.org\/{rel}","templated":true}]}}