{"id":3370,"date":"2019-02-23T08:15:06","date_gmt":"2019-02-23T06:15:06","guid":{"rendered":"https:\/\/suomentulkkauspalvelu.fi\/?page_id=3370"},"modified":"2020-01-14T17:46:43","modified_gmt":"2020-01-14T15:46:43","slug":"auktorisoitu-kaantaja-viralliset-kaannokset","status":"publish","type":"page","link":"https:\/\/suomentulkkauspalvelu.fi\/en\/auktorisoitu-kaantaja-viralliset-kaannokset\/","title":{"rendered":"Authorised translator"},"content":{"rendered":"<p>[et_pb_section fb_built=&#8221;1&#8243; _builder_version=&#8221;3.22.3&#8243; background_color=&#8221;#0088cc&#8221;][et_pb_row _builder_version=&#8221;3.25&#8243; module_alignment=&#8221;center&#8221; custom_margin=&#8221;|||&#8221; custom_margin_tablet=&#8221;50px||50px|&#8221; custom_margin_phone=&#8221;20px||20px|&#8221; custom_margin_last_edited=&#8221;on|phone&#8221; animation_direction=&#8221;bottom&#8221;][et_pb_column type=&#8221;4_4&#8243; _builder_version=&#8221;3.25&#8243; custom_padding=&#8221;|||&#8221; custom_padding__hover=&#8221;|||&#8221;][et_pb_text _builder_version=&#8221;3.27.4&#8243; text_font=&#8221;|||on|||||&#8221; link_font=&#8221;|600|||||||&#8221; link_text_color=&#8221;#494949&#8243; header_font=&#8221;|700|||||||&#8221; header_font_size=&#8221;52px&#8221; header_2_font=&#8221;|600|||||||&#8221; header_2_text_color=&#8221;#ffffff&#8221; header_2_font_size=&#8221;50px&#8221; header_3_font=&#8221;||||||||&#8221; header_3_font_size=&#8221;25px&#8221; text_orientation=&#8221;center&#8221; background_layout=&#8221;dark&#8221; animation_style=&#8221;slide&#8221; animation_direction=&#8221;top&#8221; header_font_size_tablet=&#8221;45px&#8221; header_font_size_phone=&#8221;28px&#8221; header_font_size_last_edited=&#8221;on|phone&#8221; header_2_font_size_tablet=&#8221;&#8221; header_2_font_size_phone=&#8221;24px&#8221; header_2_font_size_last_edited=&#8221;on|phone&#8221; header_3_font_size_tablet=&#8221;21px&#8221; header_3_font_size_phone=&#8221;16px&#8221; header_3_font_size_last_edited=&#8221;on|tablet&#8221;]<\/p>\n<h1>Auktorisoitu k\u00e4\u00e4nt\u00e4j\u00e4<\/h1>\n<p>[\/et_pb_text][\/et_pb_column][\/et_pb_row][\/et_pb_section][et_pb_section fb_built=&#8221;1&#8243; _builder_version=&#8221;3.22.3&#8243;][et_pb_row _builder_version=&#8221;3.25&#8243; custom_padding=&#8221;24px|0px|60px|0px|false|false&#8221;][et_pb_column type=&#8221;4_4&#8243; _builder_version=&#8221;3.25&#8243; custom_padding=&#8221;|||&#8221; custom_padding__hover=&#8221;|||&#8221;][et_pb_text _builder_version=&#8221;3.27.4&#8243; text_font=&#8221;||||||||&#8221; header_font=&#8221;||||||||&#8221; header_2_font=&#8221;||||||||&#8221;]<\/p>\n<h2><strong>N\u00e4iss\u00e4 tilanteissa tarvitset virallisen k\u00e4\u00e4nn\u00f6ksen, jonka tekee auktorisoitu k\u00e4\u00e4nt\u00e4j\u00e4<\/strong><\/h2>\n<p>Kun eteen tulee tilanne, ett\u00e4 tarvitset laillisesti p\u00e4tev\u00e4n k\u00e4\u00e4nn\u00f6ksen tietyst\u00e4 dokumentista, on syyt\u00e4 k\u00e4\u00e4nty\u00e4 auktorisoidun k\u00e4\u00e4nt\u00e4j\u00e4n puoleen.\u00a0Auktorisoitu k\u00e4\u00e4nt\u00e4j\u00e4 vahvistaa k\u00e4\u00e4nn\u00f6ksen niin, ett\u00e4 se on laillisesti p\u00e4tev\u00e4 eli sill\u00e4 on sama todistusvoima kuin alkuper\u00e4isell\u00e4 asiakirjalla.<\/p>\n<p>Auktorisoitu k\u00e4\u00e4nt\u00e4j\u00e4 k\u00e4\u00e4nt\u00e4\u00e4 viralliset dokumentit kielelt\u00e4 toiselle. Yleisin tilanne on se, ett\u00e4 henkil\u00f6 hakee kouluun ulkomaille ja oppilaitos vaatii laillisesti p\u00e4tev\u00e4n todistuksen aiemmista opinnoista kohdemaan kielell\u00e4. Siihen ei siis riit\u00e4 mik\u00e4 tahansa k\u00e4\u00e4nn\u00f6s, vaan usein paperiin vaaditaan auktorisoidun k\u00e4\u00e4nt\u00e4j\u00e4n leima. Se vahvistaa, ett\u00e4 dokumentti on laillisesti p\u00e4tev\u00e4 ja samanlainen kuin alkuper\u00e4inen asiakirja.<\/p>\n<p>Auktorisoitu k\u00e4\u00e4nt\u00e4j\u00e4 on erillisen tutkinnon suorittanut henkil\u00f6, joten kuka tahansa k\u00e4\u00e4nt\u00e4j\u00e4 ei pysty tekem\u00e4\u00e4n laillisesti p\u00e4tevi\u00e4 k\u00e4\u00e4nn\u00f6ksi\u00e4. Koulutodistusten lis\u00e4ksi auktorisoidun k\u00e4\u00e4nt\u00e4j\u00e4n palveluita voidaan tarvita tilanteissa, jotka liittyv\u00e4t oikeuden p\u00e4\u00e4t\u00f6ksiin, aviopapereihin, perint\u00f6\u00f6n tai muihin vastaaviin dokumentteihin. Kannattaa aina kuitenkin varmistaa etuk\u00e4teen, vaaditaanko tilanteessa auktorisoidun k\u00e4\u00e4nt\u00e4j\u00e4n leimaa vai ei \u2013 aina sit\u00e4 ei nimitt\u00e4in vaadita.<\/p>\n<p>Suurin osa laillisesti p\u00e4tevist\u00e4 k\u00e4\u00e4nn\u00f6ksist\u00e4 tehd\u00e4\u00e4n yksityishenkil\u00f6ille, lakitoimistoille ja viranomaisille. N\u00e4m\u00e4 dokumentit ovat yleens\u00e4 salassa pidett\u00e4vi\u00e4 ja koskevat oikeusprosessia tai oikeuden p\u00e4\u00e4t\u00f6st\u00e4, joka on syyst\u00e4 tai toisesta toimitettava toiseen maahan kohdemaan kielell\u00e4.<\/p>\n<p>[\/et_pb_text][\/et_pb_column][\/et_pb_row][et_pb_row module_id=&#8221;alwaysontop&#8221; _builder_version=&#8221;3.25&#8243; custom_padding=&#8221;28px|0px|60px|0px|false|false&#8221;][et_pb_column type=&#8221;4_4&#8243; _builder_version=&#8221;3.25&#8243; custom_padding=&#8221;|||&#8221; custom_padding__hover=&#8221;|||&#8221;][et_pb_text module_id=&#8221;auktorisoitu-kaantajan-saatavuus&#8221; _builder_version=&#8221;3.27.4&#8243; custom_padding=&#8221;20px||&#8221;]<\/p>\n<h3 style=\"text-align: center;\"><strong>Tarkista auktorisoidun k\u00e4\u00e4nn\u00f6ksen saatavuus<\/strong><\/h3>\n<p>[\/et_pb_text][et_pb_text _builder_version=&#8221;3.27.4&#8243;]<\/p>\n<p style=\"text-align: center;\">[translators]<\/p>\n<p>[\/et_pb_text][\/et_pb_column][\/et_pb_row][et_pb_row column_structure=&#8221;2_3,1_3&#8243; _builder_version=&#8221;3.25&#8243; custom_padding=&#8221;||70px|||&#8221;][et_pb_column type=&#8221;2_3&#8243; _builder_version=&#8221;3.25&#8243; custom_padding=&#8221;|||&#8221; custom_padding__hover=&#8221;|||&#8221;][et_pb_text _builder_version=&#8221;3.27.4&#8243;]<\/p>\n<h4><strong>N\u00e4iss\u00e4 tilanteissa voit tarvita auktorisoidun k\u00e4\u00e4nt\u00e4j\u00e4n palveluita:<\/strong><\/h4>\n<ul>\n<li>Olet hakemassa ulkomaille kouluun ja oppilaitos vaatii aikaisemmat todistukset kohdemaan kielell\u00e4<\/li>\n<li>Olet mennyt naimisiin tai eronnut ulkomaalaisen henkil\u00f6n kanssa, ja paperit on toimitettava toisen osapuolen kotimaahan<\/li>\n<li>Liiketoimintaan liittyv\u00e4t asiat eri maiden v\u00e4lill\u00e4 (esim. yrityksen rekister\u00f6innit)<\/li>\n<li>Pankkiasiat, kuten tiliotteet, maasta toiseen<\/li>\n<li>Perint\u00f6asiat eri maiden v\u00e4lill\u00e4<\/li>\n<li>Oikeusprosessit tai oikeuden p\u00e4\u00e4t\u00f6kset eri maiden v\u00e4lill\u00e4<\/li>\n<\/ul>\n<p>Tarvitsetko apua? Ota meihin <a href=\"https:\/\/suomentulkkauspalvelu.fi\/kaannostoimisto-tarjouspyynto\/\">yhteytt\u00e4<\/a>!<\/p>\n<p>[\/et_pb_text][\/et_pb_column][et_pb_column type=&#8221;1_3&#8243; _builder_version=&#8221;3.25&#8243; custom_padding=&#8221;|||&#8221; custom_padding__hover=&#8221;|||&#8221;][et_pb_image src=&#8221;https:\/\/suomentulkkauspalvelu.fi\/wp-content\/uploads\/auktorisoitu_kaantaja_leima.jpg&#8221; align_tablet=&#8221;center&#8221; align_phone=&#8221;&#8221; align_last_edited=&#8221;on|desktop&#8221; _builder_version=&#8221;3.23&#8243;][\/et_pb_image][\/et_pb_column][\/et_pb_row][et_pb_row column_structure=&#8221;3_4,1_4&#8243; _builder_version=&#8221;3.25&#8243; custom_padding=&#8221;||60px|||&#8221;][et_pb_column type=&#8221;3_4&#8243; _builder_version=&#8221;3.25&#8243; custom_padding=&#8221;|||&#8221; custom_padding__hover=&#8221;|||&#8221;][et_pb_text _builder_version=&#8221;3.27.4&#8243;]<\/p>\n<h4><strong>Miten <g class=\"gr_ gr_4 gr-alert gr_spell gr_inline_cards gr_run_anim ContextualSpelling\" id=\"4\" data-gr-id=\"4\">tilaan<\/g> <g class=\"gr_ gr_5 gr-alert gr_spell gr_inline_cards gr_run_anim ContextualSpelling\" id=\"5\" data-gr-id=\"5\">auktorisoidun<\/g> k\u00e4\u00e4nn\u00f6ksen?<\/strong><\/h4>\n<ul>\n<li>Varmista vastaanottajalta, tarvitsetko auktorisoidun k\u00e4\u00e4nn\u00f6ksen vai riitt\u00e4\u00e4k\u00f6 tavallinen k\u00e4\u00e4nn\u00f6s<\/li>\n<li><strong><a href=\"#auktorisoitu-kaantajan-saatavuus\">Varmista kyseisen kielen saatavuus <\/a><\/strong>k\u00e4\u00e4nn\u00f6spalvelusta, sill\u00e4 auktorisoituja k\u00e4\u00e4nn\u00f6ksi\u00e4 ei voida tehd\u00e4 kaikilla kielill\u00e4<\/li>\n<li>Jos kohdemaan kielell\u00e4 ei voi saada auktorisoitua k\u00e4\u00e4nn\u00f6st\u00e4, tiedustele vastaanottajalta, riitt\u00e4\u00e4k\u00f6 tavallinen k\u00e4\u00e4nn\u00f6s k\u00e4\u00e4nn\u00f6spalvelun tarjoajan leimalla tai auktorisoitu k\u00e4\u00e4nn\u00f6s esimerkiksi englannin kielell\u00e4<\/li>\n<li>Kun toimitat dokumentin k\u00e4\u00e4nnett\u00e4v\u00e4ksi, ota huomioon, ett\u00e4 sen <strong>EI tarvitse<\/strong> olla alkuper\u00e4inen kappale (Suomen Tulkkauspalvelu ei turvallisuussyist\u00e4 mielell\u00e4\u00e4n edes ota alkuper\u00e4iskappaleita vastaan)<\/li>\n<li>Voit toimittaa <strong>skannatun dokumentin s\u00e4hk\u00f6isesti<\/strong> ja toimitetun <strong>aineiston on oltava laadukasta, sill\u00e4 se liitet\u00e4\u00e4n tulostettuna k\u00e4\u00e4nn\u00f6ksen yhteyteen<\/strong><\/li>\n<li>Huonolaatuisen dokumentin k\u00e4\u00e4nt\u00e4minen on hitaampaa, joten se saattaa tulla my\u00f6s tilaajalleen kalliimmaksi<\/li>\n<li>Auktorisoidun k\u00e4\u00e4nn\u00f6ksen hinta riippuu kohdekielest\u00e4, dokumentin pituudesta ja toimitetun dokumentin laadusta, <a href=\"https:\/\/suomentulkkauspalvelu.fi\/kaannostoimisto-tarjouspyynto\/\">pyyd\u00e4 maksuton tarjous<\/a><\/li>\n<li>Jos mahdollista, auktorisoitu k\u00e4\u00e4nn\u00f6s kannattaa tilata hyviss\u00e4 ajoin<\/li>\n<li>Pystymme kuitenkin tuottamaan auktorisoidut k\u00e4\u00e4nn\u00f6kset my\u00f6s pikatoimituksena, jopa 24h:n sis\u00e4ll\u00e4 tilauksen vahvistuksesta yleisimmill\u00e4 kielill\u00e4 (saattaa vaikuttaa hintaan)<\/li>\n<li>Toimitamme k\u00e4\u00e4nnetyt dokumentit sek\u00e4 s\u00e4hk\u00f6isen\u00e4 ett\u00e4 paperisena versiona postin kautta<\/li>\n<\/ul>\n<p>[\/et_pb_text][\/et_pb_column][et_pb_column type=&#8221;1_4&#8243; _builder_version=&#8221;3.25&#8243; custom_padding=&#8221;|||&#8221; custom_padding__hover=&#8221;|||&#8221;][et_pb_image src=&#8221;https:\/\/suomentulkkauspalvelu.fi\/wp-content\/uploads\/auktorisoitu_kaantaja.jpeg&#8221; align_tablet=&#8221;center&#8221; align_phone=&#8221;&#8221; align_last_edited=&#8221;on|desktop&#8221; _builder_version=&#8221;3.23&#8243;][\/et_pb_image][\/et_pb_column][\/et_pb_row][et_pb_row _builder_version=&#8221;3.25&#8243;][et_pb_column type=&#8221;4_4&#8243; _builder_version=&#8221;3.25&#8243; custom_padding=&#8221;|||&#8221; custom_padding__hover=&#8221;|||&#8221;][et_pb_text _builder_version=&#8221;3.27.4&#8243;]<\/p>\n<h4><strong>Tarvitsetko auktorisoidun k\u00e4\u00e4nt\u00e4j\u00e4n palveluita?<\/strong><\/h4>\n<p>[\/et_pb_text][et_pb_button button_url=&#8221;https:\/\/suomentulkkauspalvelu.fi\/kaannostoimisto-tarjouspyynto\/&#8221; button_text=&#8221;PYYD\u00c4 MAKSUTON TARJOUS&#8221; button_alignment=&#8221;left&#8221; _builder_version=&#8221;3.19.15&#8243; custom_button=&#8221;on&#8221; button_text_size=&#8221;16px&#8221; button_text_color=&#8221;#ffffff&#8221; button_bg_color=&#8221;#0088cc&#8221; button_border_width=&#8221;0px&#8221; button_border_color=&#8221;#0088cc&#8221; button_border_radius=&#8221;3px&#8221; button_font=&#8221;|700|||||||&#8221; button_use_icon=&#8221;off&#8221; custom_margin=&#8221;20px|||&#8221; custom_margin_tablet=&#8221;20px||50px|&#8221; custom_margin_phone=&#8221;10px||40px|&#8221; custom_margin_last_edited=&#8221;on|phone&#8221; custom_padding=&#8221;7px|20px|7px|20px&#8221; button_text_size_tablet=&#8221;14px&#8221; button_text_size_phone=&#8221;14px&#8221; button_text_size_last_edited=&#8221;on|phone&#8221; box_shadow_style=&#8221;preset5&#8243; box_shadow_vertical=&#8221;4px&#8221; box_shadow_blur=&#8221;1px&#8221; box_shadow_spread=&#8221;0px&#8221; box_shadow_color=&#8221;#36758c&#8221; button_text_color_hover=&#8221;#ffffff&#8221; button_border_radius_hover=&#8221;25px&#8221; button_bg_color_hover=&#8221;#0088cc&#8221; button_text_size__hover_enabled=&#8221;off&#8221; button_one_text_size__hover_enabled=&#8221;off&#8221; button_two_text_size__hover_enabled=&#8221;off&#8221; button_text_color__hover_enabled=&#8221;on&#8221; button_text_color__hover=&#8221;#ffffff&#8221; button_one_text_color__hover_enabled=&#8221;off&#8221; button_two_text_color__hover_enabled=&#8221;off&#8221; button_border_width__hover_enabled=&#8221;off&#8221; button_one_border_width__hover_enabled=&#8221;off&#8221; button_two_border_width__hover_enabled=&#8221;off&#8221; button_border_color__hover_enabled=&#8221;off&#8221; button_one_border_color__hover_enabled=&#8221;off&#8221; button_two_border_color__hover_enabled=&#8221;off&#8221; button_border_radius__hover_enabled=&#8221;on&#8221; button_border_radius__hover=&#8221;3px&#8221; button_one_border_radius__hover_enabled=&#8221;off&#8221; button_two_border_radius__hover_enabled=&#8221;off&#8221; button_letter_spacing__hover_enabled=&#8221;off&#8221; button_one_letter_spacing__hover_enabled=&#8221;off&#8221; button_two_letter_spacing__hover_enabled=&#8221;off&#8221; button_bg_color__hover_enabled=&#8221;on&#8221; button_bg_color__hover=&#8221;rgba(0,135,204,0.86)&#8221; button_one_bg_color__hover_enabled=&#8221;off&#8221; button_two_bg_color__hover_enabled=&#8221;off&#8221;]<\/p>\n<p><strong>Mit\u00e4 muita tulkkausmenetelmi\u00e4 puhetilaisuuksissa voidaan k\u00e4ytt\u00e4\u00e4?<\/strong><\/p>\n<p>Tutustu my\u00f6s muihin tulkkausvaihtoehtoihin, joita voit hy\u00f6dynt\u00e4\u00e4 monikielisess\u00e4 konferenssissa tai muussa puhetapahtumassa. Ammattitaitoiset tulkkimme auttavat sinua kaikissa tilanteissa. Jos tilaisuudessa on monikielist\u00e4 yleis\u00f6\u00e4 ja aikaa on rajatusti, valitse simultaanitulkkaus, jossa puhuja ja tulkki puhuvat yht\u00e4 aikaa ja k\u00e4\u00e4nn\u00f6s menee suoraan kuulijan kuulokkeisiin. Jos yleis\u00f6ss\u00e4 on vain muutama tulkkia tarvitseva ihminen, on kuiskaustulkkaus hyv\u00e4 valinta.<\/p>\n<p>&#8211; Simultaanitulkkaus (linkki)<\/p>\n<p>&#8211; Kuiskaustulkkaus (linkki)<\/p>\n<p>&nbsp;<\/p>\n<p>Tarvitsetko laadukasta ja ammattitaitoista konsekutiivitulkkausta?<\/p>\n<p>Klikkaa alla olevaa nappia ja kerro meille tulevasta tapahtumastasi. Teemme teille tarjouksen!<\/p>\n<p>[\/et_pb_button][\/et_pb_column][\/et_pb_row][\/et_pb_section]<\/p>\n","protected":false},"excerpt":{"rendered":"<p>Auktorisoitu k\u00e4\u00e4nt\u00e4j\u00e4N\u00e4iss\u00e4 tilanteissa tarvitset virallisen k\u00e4\u00e4nn\u00f6ksen, jonka tekee auktorisoitu k\u00e4\u00e4nt\u00e4j\u00e4 Kun eteen tulee tilanne, ett\u00e4 tarvitset laillisesti p\u00e4tev\u00e4n k\u00e4\u00e4nn\u00f6ksen tietyst\u00e4 dokumentista, on syyt\u00e4 k\u00e4\u00e4nty\u00e4 auktorisoidun k\u00e4\u00e4nt\u00e4j\u00e4n puoleen.\u00a0Auktorisoitu k\u00e4\u00e4nt\u00e4j\u00e4 vahvistaa k\u00e4\u00e4nn\u00f6ksen niin, ett\u00e4 se on laillisesti p\u00e4tev\u00e4 eli sill\u00e4 on sama todistusvoima kuin alkuper\u00e4isell\u00e4 asiakirjalla. Auktorisoitu k\u00e4\u00e4nt\u00e4j\u00e4 k\u00e4\u00e4nt\u00e4\u00e4 viralliset dokumentit kielelt\u00e4 toiselle. Yleisin tilanne on se, [&hellip;]<\/p>\n","protected":false},"author":1,"featured_media":0,"parent":0,"menu_order":0,"comment_status":"closed","ping_status":"closed","template":"","meta":{"_et_pb_use_builder":"on","_et_pb_old_content":"[searchandfilter fields=\"search,category,post_tag\"]","_et_gb_content_width":"","footnotes":""},"categories":[],"class_list":["post-3370","page","type-page","status-publish","hentry"],"_links":{"self":[{"href":"https:\/\/suomentulkkauspalvelu.fi\/en\/wp-json\/wp\/v2\/pages\/3370","targetHints":{"allow":["GET"]}}],"collection":[{"href":"https:\/\/suomentulkkauspalvelu.fi\/en\/wp-json\/wp\/v2\/pages"}],"about":[{"href":"https:\/\/suomentulkkauspalvelu.fi\/en\/wp-json\/wp\/v2\/types\/page"}],"author":[{"embeddable":true,"href":"https:\/\/suomentulkkauspalvelu.fi\/en\/wp-json\/wp\/v2\/users\/1"}],"replies":[{"embeddable":true,"href":"https:\/\/suomentulkkauspalvelu.fi\/en\/wp-json\/wp\/v2\/comments?post=3370"}],"version-history":[{"count":0,"href":"https:\/\/suomentulkkauspalvelu.fi\/en\/wp-json\/wp\/v2\/pages\/3370\/revisions"}],"wp:attachment":[{"href":"https:\/\/suomentulkkauspalvelu.fi\/en\/wp-json\/wp\/v2\/media?parent=3370"}],"wp:term":[{"taxonomy":"category","embeddable":true,"href":"https:\/\/suomentulkkauspalvelu.fi\/en\/wp-json\/wp\/v2\/categories?post=3370"}],"curies":[{"name":"wp","href":"https:\/\/api.w.org\/{rel}","templated":true}]}}