{"id":3544,"date":"2019-03-03T21:26:55","date_gmt":"2019-03-03T19:26:55","guid":{"rendered":"https:\/\/suomentulkkauspalvelu.fi\/?page_id=3544"},"modified":"2020-02-09T09:23:15","modified_gmt":"2020-02-09T07:23:15","slug":"simultaanitulkkaus-vai-konsekutiivitulkkaus","status":"publish","type":"page","link":"https:\/\/suomentulkkauspalvelu.fi\/en\/simultaanitulkkaus-vai-konsekutiivitulkkaus\/","title":{"rendered":"Simultaneous or consecutive interpretation?"},"content":{"rendered":"<p>[et_pb_section fb_built=&#8221;1&#8243; _builder_version=&#8221;4.2.1&#8243; background_image=&#8221;https:\/\/suomentulkkauspalvelu.fi\/wp-content\/uploads\/Simultaanitulkkaus_kuiskaustulkkaus_konsekutiivitulkkaus.jpg&#8221; background_position=&#8221;top_right&#8221; custom_margin=&#8221;||||false|false&#8221; custom_padding=&#8221;200px||200px||false|false&#8221;][et_pb_row _builder_version=&#8221;3.26.6&#8243; background_color=&#8221;rgba(12,12,12,0.4)&#8221;][et_pb_column type=&#8221;4_4&#8243; _builder_version=&#8221;3.26.6&#8243;][et_pb_text _builder_version=&#8221;4.2.1&#8243; header_font=&#8221;|700||on|||||&#8221; header_text_align=&#8221;center&#8221; header_text_color=&#8221;#ffffff&#8221; header_font_size=&#8221;52px&#8221;]<\/p>\n<h1>Simultaanitulkkaus,<br \/>kuiskaustulkkaus vai<br \/>konsekutiivitulkkaus?<\/h1>\n<p>[\/et_pb_text][\/et_pb_column][\/et_pb_row][\/et_pb_section][et_pb_section fb_built=&#8221;1&#8243; _builder_version=&#8221;3.22.3&#8243;][et_pb_row _builder_version=&#8221;3.25&#8243; custom_padding=&#8221;24px|0px|29px|0px|false|false&#8221;][et_pb_column type=&#8221;4_4&#8243; _builder_version=&#8221;3.25&#8243; custom_padding=&#8221;|||&#8221; custom_padding__hover=&#8221;|||&#8221;][et_pb_text _builder_version=&#8221;3.27.4&#8243; text_font=&#8221;||||||||&#8221; header_font=&#8221;||||||||&#8221; header_2_font=&#8221;||||||||&#8221;]<\/p>\n<h2><strong>Simultaanitulkkaus,\u00a0kuiskaustulkkaus vai konsekutiivitulkkaus \u2013 valitse oikea tulkkauspalvelu tilaisuuteesi!<\/strong><\/h2>\n<p><strong><\/strong><\/p>\n<p>Monikieliset tilaisuudet vaativat toisinaan tulkkausapua, jotta kaikki osallistujat ja puhujat kielest\u00e4 riippumatta saavat tilaisuudesta mahdollisimman paljon irti. Simultaanitulkkaus, konsekutiivitulkkaus vai kenties kuiskaustulkkaus \u2013 mik\u00e4 menetelm\u00e4 sopii tilaisuuteesi parhaiten?<\/p>\n<p>On selv\u00e4\u00e4, ett\u00e4 suurissa, monikielisiss\u00e4 konferensseissa kaikilla ei v\u00e4ltt\u00e4m\u00e4tt\u00e4 ole yht\u00e4 yhteist\u00e4 kielt\u00e4. On t\u00e4rke\u00e4\u00e4 ottaa kaikki kuulijat huomioon, jotta kokemus on kaikille tasapuolinen ja puhujan viesti ymm\u00e4rret\u00e4\u00e4n varmasti oikein. T\u00e4llaisiin tilaisuuksiin kannattaa valita samanaikais- eli <span><strong><a href=\"https:\/\/suomentulkkauspalvelu.fi\/simultaanitulkkaus\/\">simultaanitulkkaus.\u00a0<\/a><\/strong><\/span><span><\/span>Hieman pienemmiss\u00e4 tilaisuuksissa vaihtoehtona voi olla my\u00f6s <span><strong><a href=\"https:\/\/suomentulkkauspalvelu.fi\/kuiskaustulkkaus\/\">kuiskaustulkkaus<\/a><\/strong><\/span>.<\/p>\n<p>Tulkkausapua voidaan tarvita my\u00f6s esimerkiksi bisnesneuvotteluissa tai muissa muutaman henkil\u00f6n tilaisuuksissa, joissa osapuolet eiv\u00e4t puhu samaa kielt\u00e4. Pienempiin tilaisuuksiin sopii paremmin per\u00e4kk\u00e4is- eli <strong><span><a href=\"https:\/\/suomentulkkauspalvelu.fi\/konsekutiivitulkkaus\/\">konsekutiivitulkkaus<\/a><\/span><\/strong>.\u00a0Sit\u00e4 k\u00e4ytet\u00e4\u00e4n usein tilanteissa, joissa ei ole varsinaisesti puhujaa ja yleis\u00f6\u00e4, vaan kyseess\u00e4 on enemm\u00e4nkin vuorovaikutteinen tilanne.<\/p>\n<p>[\/et_pb_text][\/et_pb_column][\/et_pb_row][\/et_pb_section][et_pb_section fb_built=&#8221;1&#8243; _builder_version=&#8221;3.22.3&#8243; background_color=&#8221;#ff7e65&#8243;][et_pb_row column_structure=&#8221;1_2,1_2&#8243; _builder_version=&#8221;3.25&#8243;][et_pb_column type=&#8221;1_2&#8243; _builder_version=&#8221;3.25&#8243; custom_padding=&#8221;|||&#8221; custom_padding__hover=&#8221;|||&#8221;][et_pb_text _builder_version=&#8221;3.27.4&#8243; text_font=&#8221;||||||||&#8221; text_text_color=&#8221;#ffffff&#8221; header_font=&#8221;||||||||&#8221; header_2_font=&#8221;||||||||&#8221; header_3_font=&#8221;||||||||&#8221; header_3_text_color=&#8221;#ffffff&#8221;]<\/p>\n<h3><strong>Mit\u00e4 on simultaanitulkkaus?<\/strong><\/h3>\n<p>Simultaanitulkkaus on samanaikaistulkkausta, jota k\u00e4ytet\u00e4\u00e4n yleens\u00e4 isommissa puhujatilaisuuksissa, joissa on kymmeni\u00e4 tai satoja henkil\u00f6it\u00e4. Jos yleis\u00f6n joukossa on ihmisi\u00e4, jotka eiv\u00e4t ymm\u00e4rr\u00e4 esityskielt\u00e4, heille on mahdollista j\u00e4rjest\u00e4\u00e4 samanaikaistulkkausta. Se tarkoittaa sit\u00e4, ett\u00e4 tulkki istuu \u00e4\u00e4nieristetyss\u00e4 tulkkikopissa, ja k\u00e4\u00e4nt\u00e4\u00e4 puhetta samanaikaisesti mikrofoniin, josta k\u00e4\u00e4nn\u00f6s kulkeutuu sit\u00e4 tarvitsevien kuulijoiden korvanappeihin. N\u00e4in esityst\u00e4 voidaan tulkata usealle ihmiselle yht\u00e4 aikaa ilman, ett\u00e4 muu yleis\u00f6 h\u00e4iriintyy.<\/p>\n<p>Yhdess\u00e4 tulkkikopissa on kaksi tulkkia, jotka vuorottelevat, sill\u00e4 k\u00e4\u00e4nn\u00f6sty\u00f6 on raskasta ja vaatii keskittymist\u00e4. Yhdest\u00e4 kopista k\u00e4\u00e4nnet\u00e4\u00e4n yht\u00e4 kielt\u00e4, mutta koppeja voi olla my\u00f6s useampia, jolloin k\u00e4\u00e4nn\u00f6s onnistuu monelle eri kielelle.<\/p>\n<p>[\/et_pb_text][\/et_pb_column][et_pb_column type=&#8221;1_2&#8243; _builder_version=&#8221;3.25&#8243; custom_padding=&#8221;|||&#8221; custom_padding__hover=&#8221;|||&#8221;][et_pb_text _builder_version=&#8221;3.27.4&#8243; text_font=&#8221;||||||||&#8221; text_text_color=&#8221;#ffffff&#8221; header_font=&#8221;||||||||&#8221; header_5_font=&#8221;||||||||&#8221; header_5_text_color=&#8221;#ffffff&#8221;]<\/p>\n<h5><strong>Mit\u00e4 kannattaa huomioida?<\/strong><\/h5>\n<p>Simultaanitulkkaus on vaativa tulkkauksen muoto, joka vaatii perehtymist\u00e4. Se kannattaa siis tilata mahdollisimman hyviss\u00e4 ajoin, v\u00e4hint\u00e4\u00e4n 1-2 viikkoa ennen tapahtumaa. Pyyd\u00e4mme toimittamaan esitysmateriaalit mahdollisimman aikaisessa vaiheessa, jotta tulkit ehtiv\u00e4t perehty\u00e4 aiheeseen kunnolla.<\/p>\n<p>[\/et_pb_text][et_pb_text _builder_version=&#8221;3.27.4&#8243; text_font=&#8221;||||||||&#8221; text_text_color=&#8221;#ffffff&#8221; header_font=&#8221;||||||||&#8221; header_5_font=&#8221;||||||||&#8221; header_5_text_color=&#8221;#ffffff&#8221;]<\/p>\n<h5><strong>Simultaanitulkkauksen edut<\/strong><\/h5>\n<ul>\n<li>Voidaan k\u00e4ytt\u00e4\u00e4 suurissa puhe- ja yleis\u00f6tilaisuuksissa<\/li>\n<li>Muu yleis\u00f6 ei h\u00e4iriinny, sill\u00e4 tulkkauksen kuulevat vain sit\u00e4 tarvitsevat ihmiset<\/li>\n<li>Konferenssi tai muu tilaisuus pysyy alkuper\u00e4isess\u00e4 mitassaan<\/li>\n<li>Tulkkaus on laadukasta, sill\u00e4 tulkeilla on ty\u00f6rauha<\/li>\n<\/ul>\n<p>[\/et_pb_text][\/et_pb_column][\/et_pb_row][et_pb_row _builder_version=&#8221;3.25&#8243;][et_pb_column type=&#8221;4_4&#8243; _builder_version=&#8221;3.25&#8243; custom_padding=&#8221;|||&#8221; custom_padding__hover=&#8221;|||&#8221;][et_pb_button button_url=&#8221;https:\/\/suomentulkkauspalvelu.fi\/simultaanitulkkaus-laitteisto&#8221; button_text=&#8221;Pyyd\u00e4 maksuton tarjous&#8221; button_alignment=&#8221;center&#8221; _builder_version=&#8221;3.17.5&#8243; custom_button=&#8221;on&#8221; button_text_size=&#8221;18px&#8221; button_text_color=&#8221;#ffffff&#8221; button_bg_color=&#8221;#0088cc&#8221; button_border_width=&#8221;0px&#8221; button_border_color=&#8221;#0088cc&#8221; button_border_radius=&#8221;3px&#8221; button_font=&#8221;|700|||||||&#8221; button_use_icon=&#8221;off&#8221; custom_margin=&#8221;20px|||&#8221; custom_margin_tablet=&#8221;20px||50px|&#8221; custom_margin_phone=&#8221;10px||40px|&#8221; custom_margin_last_edited=&#8221;on|phone&#8221; custom_padding=&#8221;7px|30px|7px|30px&#8221; button_text_size_tablet=&#8221;&#8221; button_text_size_phone=&#8221;&#8221; button_text_size_last_edited=&#8221;on|desktop&#8221; box_shadow_style=&#8221;preset5&#8243; box_shadow_vertical=&#8221;5px&#8221; box_shadow_spread=&#8221;0px&#8221; box_shadow_color=&#8221;#36758c&#8221; button_text_color_hover=&#8221;#ffffff&#8221; button_border_radius_hover=&#8221;25px&#8221; button_bg_color_hover=&#8221;#0088cc&#8221; button_text_size__hover_enabled=&#8221;off&#8221; button_one_text_size__hover_enabled=&#8221;off&#8221; button_two_text_size__hover_enabled=&#8221;off&#8221; button_text_color__hover_enabled=&#8221;on&#8221; button_text_color__hover=&#8221;#ffffff&#8221; button_one_text_color__hover_enabled=&#8221;off&#8221; button_two_text_color__hover_enabled=&#8221;off&#8221; button_border_width__hover_enabled=&#8221;off&#8221; button_one_border_width__hover_enabled=&#8221;off&#8221; button_two_border_width__hover_enabled=&#8221;off&#8221; button_border_color__hover_enabled=&#8221;off&#8221; button_one_border_color__hover_enabled=&#8221;off&#8221; button_two_border_color__hover_enabled=&#8221;off&#8221; button_border_radius__hover_enabled=&#8221;on&#8221; button_border_radius__hover=&#8221;3px&#8221; button_one_border_radius__hover_enabled=&#8221;off&#8221; button_two_border_radius__hover_enabled=&#8221;off&#8221; button_letter_spacing__hover_enabled=&#8221;off&#8221; button_one_letter_spacing__hover_enabled=&#8221;off&#8221; button_two_letter_spacing__hover_enabled=&#8221;off&#8221; button_bg_color__hover_enabled=&#8221;on&#8221; button_bg_color__hover=&#8221;rgba(0,135,204,0.86)&#8221; button_one_bg_color__hover_enabled=&#8221;off&#8221; button_two_bg_color__hover_enabled=&#8221;off&#8221;][\/et_pb_button][\/et_pb_column][\/et_pb_row][\/et_pb_section][et_pb_section fb_built=&#8221;1&#8243; _builder_version=&#8221;3.22.3&#8243;][et_pb_row column_structure=&#8221;1_2,1_2&#8243; _builder_version=&#8221;3.25&#8243;][et_pb_column type=&#8221;1_2&#8243; _builder_version=&#8221;3.25&#8243; custom_padding=&#8221;|||&#8221; custom_padding__hover=&#8221;|||&#8221;][et_pb_text _builder_version=&#8221;3.27.4&#8243;]<\/p>\n<h3><strong>Mit\u00e4 on kuiskaustulkkaus?<\/strong><\/h3>\n<p>Kuiskaustulkkaus on yksi simultaanitulkkauksen muoto, joka tehd\u00e4\u00e4n kannettavalla <strong><a href=\"https:\/\/suomentulkkauspalvelu.fi\/tulkkauslaitteet\/\">laitteistolla<\/a><\/strong> tai ilman laitteita. Koska tulkkaus tapahtuu nimens\u00e4 mukaisesti kuiskaamalla, sit\u00e4 voidaan tarjota ilman laitteita enint\u00e4\u00e4n kahdelle yleis\u00f6ss\u00e4 istuvalle henkil\u00f6lle kerrallaan. Tulkki siis istuu yleis\u00f6n joukossa ja k\u00e4\u00e4nt\u00e4\u00e4 esiintyj\u00e4n puhetta samanaikaisesti l\u00e4hell\u00e4\u00e4n istuville henkil\u00f6ille. Kannettavalla laitteistolla tulkkaus voidaan tehd\u00e4 jopa kymmenille osallistujille.<\/p>\n<p>Kuiskaustulkkaus on simultaanitulkkausta edullisempi vaihtoehto, mutta sen ongelmana on se, ett\u00e4 se on puhujan \u00e4\u00e4nihuulille raskasta ja se voi h\u00e4irit\u00e4 l\u00e4hell\u00e4 istuvia henkil\u00f6it\u00e4. Vaihtoehtona on tehd\u00e4 kuiskaustulkkausta kannettavan laitteiston avulla, jolloin tulkki k\u00e4\u00e4nt\u00e4\u00e4 puheita matalalla ja hiljaisella \u00e4\u00e4nell\u00e4 mikrofoniin yleis\u00f6n seasta ja \u00e4\u00e4ni kulkeutuu tulkkausta tarvitsevien korvanappeihin. T\u00e4m\u00e4 menetelm\u00e4 sopii kuitenkin paremmin pienempiin yleis\u00f6tilaisuuksiin.<\/p>\n<p>[\/et_pb_text][\/et_pb_column][et_pb_column type=&#8221;1_2&#8243; _builder_version=&#8221;3.25&#8243; custom_padding=&#8221;|||&#8221; custom_padding__hover=&#8221;|||&#8221;][et_pb_text _builder_version=&#8221;3.27.4&#8243;]<\/p>\n<h5><strong>Mit\u00e4 kannattaa huomioida?<\/strong><\/h5>\n<p>Tulkkipalvelu kannattaa varata muutamaa viikkoa ennen tapahtumaa, jotta tulkille j\u00e4\u00e4 tarpeeksi aikaa perehty\u00e4 aiheisiin ja materiaaleihin. On t\u00e4rke\u00e4\u00e4, ett\u00e4 tulkilla on mahdollisimman hyv\u00e4t taustatiedot tapahtumasta, joten kaikki materiaalit kannattaa toimittaa tulkille hyviss\u00e4 ajoin<\/p>\n<p>[\/et_pb_text][et_pb_text _builder_version=&#8221;3.27.4&#8243;]<\/p>\n<h5><strong>Kuiskaustulkkauksen edut?<\/strong><\/h5>\n<ul>\n<li>Simultaanitulkkausta edullisempi vaihtoehto pienempiin tilaisuuksiin<\/li>\n<li>Tulkkaus tapahtuu samanaikaisesti, joten puhe- tai yleis\u00f6tilaisuus pysyy alkuper\u00e4isess\u00e4 mitassaan<\/li>\n<\/ul>\n<p>[\/et_pb_text][\/et_pb_column][\/et_pb_row][et_pb_row _builder_version=&#8221;3.25&#8243;][et_pb_column type=&#8221;4_4&#8243; _builder_version=&#8221;3.25&#8243; custom_padding=&#8221;|||&#8221; custom_padding__hover=&#8221;|||&#8221;][et_pb_button button_url=&#8221;https:\/\/suomentulkkauspalvelu.fi\/simultaanitulkkaus-laitteisto&#8221; button_text=&#8221;Pyyd\u00e4 maksuton tarjous&#8221; button_alignment=&#8221;center&#8221; _builder_version=&#8221;3.17.5&#8243; custom_button=&#8221;on&#8221; button_text_size=&#8221;18px&#8221; button_text_color=&#8221;#ffffff&#8221; button_bg_color=&#8221;#0088cc&#8221; button_border_width=&#8221;0px&#8221; button_border_color=&#8221;#0088cc&#8221; button_border_radius=&#8221;3px&#8221; button_font=&#8221;|700|||||||&#8221; button_use_icon=&#8221;off&#8221; custom_margin=&#8221;20px|||&#8221; custom_margin_tablet=&#8221;20px||50px|&#8221; custom_margin_phone=&#8221;10px||40px|&#8221; custom_margin_last_edited=&#8221;on|phone&#8221; custom_padding=&#8221;7px|30px|7px|30px&#8221; button_text_size_tablet=&#8221;&#8221; button_text_size_phone=&#8221;&#8221; button_text_size_last_edited=&#8221;on|desktop&#8221; box_shadow_style=&#8221;preset5&#8243; box_shadow_vertical=&#8221;5px&#8221; box_shadow_spread=&#8221;0px&#8221; box_shadow_color=&#8221;#36758c&#8221; button_text_color_hover=&#8221;#ffffff&#8221; button_border_radius_hover=&#8221;25px&#8221; button_bg_color_hover=&#8221;#0088cc&#8221; button_text_size__hover_enabled=&#8221;off&#8221; button_one_text_size__hover_enabled=&#8221;off&#8221; button_two_text_size__hover_enabled=&#8221;off&#8221; button_text_color__hover_enabled=&#8221;on&#8221; button_text_color__hover=&#8221;#ffffff&#8221; button_one_text_color__hover_enabled=&#8221;off&#8221; button_two_text_color__hover_enabled=&#8221;off&#8221; button_border_width__hover_enabled=&#8221;off&#8221; button_one_border_width__hover_enabled=&#8221;off&#8221; button_two_border_width__hover_enabled=&#8221;off&#8221; button_border_color__hover_enabled=&#8221;off&#8221; button_one_border_color__hover_enabled=&#8221;off&#8221; button_two_border_color__hover_enabled=&#8221;off&#8221; button_border_radius__hover_enabled=&#8221;on&#8221; button_border_radius__hover=&#8221;3px&#8221; button_one_border_radius__hover_enabled=&#8221;off&#8221; button_two_border_radius__hover_enabled=&#8221;off&#8221; button_letter_spacing__hover_enabled=&#8221;off&#8221; button_one_letter_spacing__hover_enabled=&#8221;off&#8221; button_two_letter_spacing__hover_enabled=&#8221;off&#8221; button_bg_color__hover_enabled=&#8221;on&#8221; button_bg_color__hover=&#8221;rgba(0,135,204,0.86)&#8221; button_one_bg_color__hover_enabled=&#8221;off&#8221; button_two_bg_color__hover_enabled=&#8221;off&#8221;][\/et_pb_button][\/et_pb_column][\/et_pb_row][\/et_pb_section][et_pb_section fb_built=&#8221;1&#8243; _builder_version=&#8221;3.22.3&#8243; background_color=&#8221;#0088cc&#8221;][et_pb_row column_structure=&#8221;2_5,3_5&#8243; _builder_version=&#8221;3.25&#8243;][et_pb_column type=&#8221;2_5&#8243; _builder_version=&#8221;3.25&#8243; custom_padding=&#8221;|||&#8221; custom_padding__hover=&#8221;|||&#8221;][et_pb_text _builder_version=&#8221;3.27.4&#8243; text_font=&#8221;||||||||&#8221; text_text_color=&#8221;#ffffff&#8221; header_font=&#8221;||||||||&#8221; header_3_font=&#8221;||||||||&#8221; header_3_text_color=&#8221;#ffffff&#8221;]<\/p>\n<h3><strong>Mit\u00e4 on konsekutiivitulkkaus?<\/strong><\/h3>\n<p>Konsekutiivitulkkaus on per\u00e4kk\u00e4istulkkausta, jolloin puhuja ja tulkki puhuvat vuorotellen. Tulkkausmenetelm\u00e4 sopii paremmin pieniin, vuorovaikutteisiin tilaisuuksiin, kuten neuvotteluihin, illallisiin, vierailuihin, bisnestapaamisiin tai yritysesittelyihin. Se sopii tilanteisiin, joissa ei ole virallista esityst\u00e4 tai puhujaa ja yleis\u00f6\u00e4, vaan tilaisuus on k\u00e4sikirjoittamaton ja vuorovaikutteinen. Konsekutiivitulkkaukseen ei tarvita laitteistoa ja yksi tulkki riitt\u00e4\u00e4.<\/p>\n<p>[\/et_pb_text][\/et_pb_column][et_pb_column type=&#8221;3_5&#8243; _builder_version=&#8221;3.25&#8243; custom_padding=&#8221;|||&#8221; custom_padding__hover=&#8221;|||&#8221;][et_pb_text _builder_version=&#8221;3.27.4&#8243; text_font=&#8221;||||||||&#8221; text_text_color=&#8221;#ffffff&#8221; header_font=&#8221;||||||||&#8221; header_5_font=&#8221;||||||||&#8221; header_5_text_color=&#8221;#ffffff&#8221;]<\/p>\n<h5><strong>Mit\u00e4 kannattaa huomioida?<\/strong><\/h5>\n<p>Tulkkaus kannattaa varata hyviss\u00e4 ajoin (1-2 viikkoa etuk\u00e4teen) ja antaa mahdollisimman laaja kuvaus tapahtuman luonteesta. Koska varsinaista esityst\u00e4 tai k\u00e4sikirjoitusta ei ole, tulkki ei voi perehty\u00e4 materiaaliin etuk\u00e4teen. Tulkille on kuitenkin hyv\u00e4 toimittaa esimerkiksi tilanteessa k\u00e4ytett\u00e4v\u00e4\u00e4 spesifi\u00e4 alaan liittyv\u00e4\u00e4 sanastoa tai muuta materiaalia, josta voi olla hy\u00f6ty\u00e4.<\/p>\n<p>[\/et_pb_text][et_pb_text _builder_version=&#8221;3.27.4&#8243; text_font=&#8221;||||||||&#8221; text_text_color=&#8221;#ffffff&#8221; header_font=&#8221;||||||||&#8221; header_3_font=&#8221;||||||||&#8221; header_5_font=&#8221;||||||||&#8221; header_5_text_color=&#8221;#ffffff&#8221;]<\/p>\n<h5><strong>Konsekutiivitulkkauksen edut:<\/strong><\/h5>\n<ul>\n<li>Sopii vuorovaikutteisiin, pienempiin tilaisuuksiin<\/li>\n<li>Ei tarvita laitteistoa<\/li>\n<li>Yksi tulkki riitt\u00e4\u00e4<\/li>\n<\/ul>\n<p>[\/et_pb_text][\/et_pb_column][\/et_pb_row][et_pb_row _builder_version=&#8221;3.25&#8243;][et_pb_column type=&#8221;4_4&#8243; _builder_version=&#8221;3.25&#8243; custom_padding=&#8221;|||&#8221; custom_padding__hover=&#8221;|||&#8221;][et_pb_button button_url=&#8221;https:\/\/suomentulkkauspalvelu.fi\/simultaanitulkkaus-laitteisto&#8221; button_text=&#8221;Pyyd\u00e4 maksuton tarjous&#8221; button_alignment=&#8221;center&#8221; _builder_version=&#8221;3.21.4&#8243; custom_button=&#8221;on&#8221; button_text_size=&#8221;18px&#8221; button_text_color=&#8221;#383838&#8243; button_bg_color=&#8221;#fafafa&#8221; button_border_width=&#8221;0px&#8221; button_border_color=&#8221;#ffffff&#8221; button_border_radius=&#8221;3px&#8221; button_font=&#8221;|700|||||||&#8221; button_use_icon=&#8221;off&#8221; custom_margin=&#8221;20px|||&#8221; custom_margin_tablet=&#8221;20px||50px|&#8221; custom_margin_phone=&#8221;10px||40px|&#8221; custom_margin_last_edited=&#8221;on|phone&#8221; custom_padding=&#8221;7px|30px|7px|30px&#8221; button_text_size_tablet=&#8221;&#8221; button_text_size_phone=&#8221;&#8221; button_text_size_last_edited=&#8221;on|desktop&#8221; box_shadow_style=&#8221;preset5&#8243; box_shadow_vertical=&#8221;5px&#8221; box_shadow_spread=&#8221;0px&#8221; box_shadow_color=&#8221;#36758c&#8221; button_text_color_hover=&#8221;#ffffff&#8221; button_border_radius_hover=&#8221;25px&#8221; button_bg_color_hover=&#8221;#0088cc&#8221; button_text_size__hover_enabled=&#8221;off&#8221; button_one_text_size__hover_enabled=&#8221;off&#8221; button_two_text_size__hover_enabled=&#8221;off&#8221; button_text_color__hover_enabled=&#8221;on&#8221; button_text_color__hover=&#8221;#383838&#8243; button_one_text_color__hover_enabled=&#8221;off&#8221; button_two_text_color__hover_enabled=&#8221;off&#8221; button_border_width__hover_enabled=&#8221;off&#8221; button_one_border_width__hover_enabled=&#8221;off&#8221; button_two_border_width__hover_enabled=&#8221;off&#8221; button_border_color__hover_enabled=&#8221;off&#8221; button_one_border_color__hover_enabled=&#8221;off&#8221; button_two_border_color__hover_enabled=&#8221;off&#8221; button_border_radius__hover_enabled=&#8221;on&#8221; button_border_radius__hover=&#8221;3px&#8221; button_one_border_radius__hover_enabled=&#8221;off&#8221; button_two_border_radius__hover_enabled=&#8221;off&#8221; button_letter_spacing__hover_enabled=&#8221;off&#8221; button_one_letter_spacing__hover_enabled=&#8221;off&#8221; button_two_letter_spacing__hover_enabled=&#8221;off&#8221; button_bg_color__hover_enabled=&#8221;on&#8221; button_bg_color__hover=&#8221;#ffffff&#8221; button_one_bg_color__hover_enabled=&#8221;off&#8221; button_two_bg_color__hover_enabled=&#8221;off&#8221;][\/et_pb_button][\/et_pb_column][\/et_pb_row][\/et_pb_section][et_pb_section fb_built=&#8221;1&#8243; _builder_version=&#8221;3.22.3&#8243;][et_pb_row _builder_version=&#8221;3.25&#8243;][et_pb_column type=&#8221;4_4&#8243; _builder_version=&#8221;3.25&#8243; custom_padding=&#8221;|||&#8221; custom_padding__hover=&#8221;|||&#8221;][et_pb_text _builder_version=&#8221;3.27.4&#8243;]<\/p>\n<p>Suomen Tulkkauspalvelu tarjoaa laadukkaan simultaani-, kuiskaus- ja konsekutiivitulkkauksen laajalla kielivalikoimalla. Lis\u00e4ksi tarjoamme simultaanitulkkaukseen tarvittavan laitteiston asennettuna paikan p\u00e4\u00e4lle, ja teknikon varmistamaan, ett\u00e4 laitteet toimivat tilaisuuden ajan.<strong> Jotta tulkkia tarvitsevat yleis\u00f6n j\u00e4senet saavat tapahtumasta mahdollisimman paljon irti<\/strong>, tarjoamme my\u00f6s <strong><a href=\"https:\/\/suomentulkkauspalvelu.fi\/kaannospalvelu\/\">k\u00e4\u00e4nn\u00f6spalvelua<\/a><\/strong>,<strong> jolloin kyseiset henkil\u00f6t saavat esitysmateriaalit printattuina omalla \u00e4idinkielell\u00e4\u00e4n.<\/strong><\/p>\n<p>[\/et_pb_text][\/et_pb_column][\/et_pb_row][\/et_pb_section]<\/p>\n","protected":false},"excerpt":{"rendered":"<p>Simultaanitulkkaus,kuiskaustulkkaus vaikonsekutiivitulkkaus?Simultaanitulkkaus,\u00a0kuiskaustulkkaus vai konsekutiivitulkkaus \u2013 valitse oikea tulkkauspalvelu tilaisuuteesi! Monikieliset tilaisuudet vaativat toisinaan tulkkausapua, jotta kaikki osallistujat ja puhujat kielest\u00e4 riippumatta saavat tilaisuudesta mahdollisimman paljon irti. Simultaanitulkkaus, konsekutiivitulkkaus vai kenties kuiskaustulkkaus \u2013 mik\u00e4 menetelm\u00e4 sopii tilaisuuteesi parhaiten? On selv\u00e4\u00e4, ett\u00e4 suurissa, monikielisiss\u00e4 konferensseissa kaikilla ei v\u00e4ltt\u00e4m\u00e4tt\u00e4 ole yht\u00e4 yhteist\u00e4 kielt\u00e4. On t\u00e4rke\u00e4\u00e4 ottaa kaikki kuulijat [&hellip;]<\/p>\n","protected":false},"author":1,"featured_media":0,"parent":0,"menu_order":0,"comment_status":"closed","ping_status":"closed","template":"","meta":{"_et_pb_use_builder":"on","_et_pb_old_content":"","_et_gb_content_width":"","footnotes":""},"categories":[],"class_list":["post-3544","page","type-page","status-publish","hentry"],"_links":{"self":[{"href":"https:\/\/suomentulkkauspalvelu.fi\/en\/wp-json\/wp\/v2\/pages\/3544","targetHints":{"allow":["GET"]}}],"collection":[{"href":"https:\/\/suomentulkkauspalvelu.fi\/en\/wp-json\/wp\/v2\/pages"}],"about":[{"href":"https:\/\/suomentulkkauspalvelu.fi\/en\/wp-json\/wp\/v2\/types\/page"}],"author":[{"embeddable":true,"href":"https:\/\/suomentulkkauspalvelu.fi\/en\/wp-json\/wp\/v2\/users\/1"}],"replies":[{"embeddable":true,"href":"https:\/\/suomentulkkauspalvelu.fi\/en\/wp-json\/wp\/v2\/comments?post=3544"}],"version-history":[{"count":0,"href":"https:\/\/suomentulkkauspalvelu.fi\/en\/wp-json\/wp\/v2\/pages\/3544\/revisions"}],"wp:attachment":[{"href":"https:\/\/suomentulkkauspalvelu.fi\/en\/wp-json\/wp\/v2\/media?parent=3544"}],"wp:term":[{"taxonomy":"category","embeddable":true,"href":"https:\/\/suomentulkkauspalvelu.fi\/en\/wp-json\/wp\/v2\/categories?post=3544"}],"curies":[{"name":"wp","href":"https:\/\/api.w.org\/{rel}","templated":true}]}}