{"id":49,"date":"2017-12-10T13:44:39","date_gmt":"2017-12-10T11:44:39","guid":{"rendered":"https:\/\/suomentulkkauspalvelut.fi\/?page_id=49"},"modified":"2022-10-18T09:35:50","modified_gmt":"2022-10-18T07:35:50","slug":"kaannospalvelu","status":"publish","type":"page","link":"https:\/\/suomentulkkauspalvelu.fi\/en\/kaannospalvelu\/","title":{"rendered":"Translation service"},"content":{"rendered":"<p>[et_pb_section fb_built=&#8221;1&#8243; _builder_version=&#8221;4.16&#8243; background_image=&#8221;https:\/\/suomentulkkauspalvelu.fi\/wp-content\/uploads\/kaannospalvelu.png&#8221; custom_margin=&#8221;|||&#8221; custom_padding=&#8221;120px||120px|&#8221; global_colors_info=&#8221;{}&#8221;][et_pb_row _builder_version=&#8221;4.16&#8243; background_color=&#8221;rgba(12,12,12,0.4)&#8221; module_alignment=&#8221;center&#8221; custom_margin=&#8221;|||&#8221; custom_margin_tablet=&#8221;50px||50px|&#8221; custom_margin_phone=&#8221;20px||20px|&#8221; custom_margin_last_edited=&#8221;on|phone&#8221; animation_direction=&#8221;bottom&#8221; global_colors_info=&#8221;{}&#8221;][et_pb_column type=&#8221;4_4&#8243; _builder_version=&#8221;4.16&#8243; custom_padding=&#8221;|||&#8221; global_colors_info=&#8221;{}&#8221; custom_padding__hover=&#8221;|||&#8221;][et_pb_text _builder_version=&#8221;4.16&#8243; text_font=&#8221;||||||||&#8221; link_font=&#8221;|600|||||||&#8221; link_text_color=&#8221;#494949&#8243; header_font=&#8221;|600||on|||||&#8221; header_font_size=&#8221;52px&#8221; header_2_font=&#8221;|600|||||||&#8221; header_2_text_color=&#8221;#ffffff&#8221; header_2_font_size=&#8221;50px&#8221; header_3_font=&#8221;||||||||&#8221; header_3_font_size=&#8221;25px&#8221; text_orientation=&#8221;center&#8221; background_layout=&#8221;dark&#8221; animation_style=&#8221;slide&#8221; animation_direction=&#8221;top&#8221; header_font_size_tablet=&#8221;35px&#8221; header_font_size_phone=&#8221;25px&#8221; header_font_size_last_edited=&#8221;on|phone&#8221; header_2_font_size_tablet=&#8221;&#8221; header_2_font_size_phone=&#8221;24px&#8221; header_2_font_size_last_edited=&#8221;on|phone&#8221; header_3_font_size_tablet=&#8221;21px&#8221; header_3_font_size_phone=&#8221;16px&#8221; header_3_font_size_last_edited=&#8221;on|tablet&#8221; global_colors_info=&#8221;{}&#8221;]<\/p>\n<h1><strong>K\u00e4\u00e4nn\u00f6spalvelu<\/strong><\/h1>\n<p>[\/et_pb_text][\/et_pb_column][\/et_pb_row][\/et_pb_section][et_pb_section fb_built=&#8221;1&#8243; _builder_version=&#8221;4.16&#8243; global_colors_info=&#8221;{}&#8221;][et_pb_row _builder_version=&#8221;4.18.0&#8243; _module_preset=&#8221;default&#8221; global_colors_info=&#8221;{}&#8221;][et_pb_column type=&#8221;4_4&#8243; _builder_version=&#8221;4.18.0&#8243; _module_preset=&#8221;default&#8221; global_colors_info=&#8221;{}&#8221;][et_pb_text _builder_version=&#8221;4.18.0&#8243; _module_preset=&#8221;default&#8221; hover_enabled=&#8221;0&#8243; global_colors_info=&#8221;{}&#8221; sticky_enabled=&#8221;0&#8243;]<\/p>\n<h2><strong>Laadukas k\u00e4\u00e4nn\u00f6spalvelu juuri sinun tarpeeseesi<\/strong><\/h2>\n<p><span style=\"font-weight: 400;\">Tarvitsetko suomenkielisest\u00e4 todistuksesta ruotsinkielisen k\u00e4\u00e4nn\u00f6ksen, arabiankielisest\u00e4 sopimuksesta englanninkielisen k\u00e4\u00e4nn\u00f6ksen tai jotakin aivan muuta? Etsitk\u00f6 tietyn erikoisalan osaamisella varustettua k\u00e4\u00e4nt\u00e4j\u00e4\u00e4? Tulisiko k\u00e4\u00e4nn\u00f6ksen kaiken lis\u00e4ksi olla auktorisoitu eli virallinen k\u00e4\u00e4nn\u00f6s? Kerro meille tarpeestasi \u2013 autamme sinua mielell\u00e4mme yksil\u00f6llisesti juuri sinulle sopivalla k\u00e4\u00e4nn\u00f6spalvelulla helposti ja laadukkaasti.<\/span><\/p>\n<p><span style=\"font-weight: 400;\">Olemme moderni ja ketter\u00e4 suomalainen k\u00e4\u00e4nn\u00f6spalvelu viranomaisille ja yrityksille, ja teemme laadukkaita k\u00e4\u00e4nn\u00f6ksi\u00e4 ja kielentarkistuksia monipuolisesti <\/span><a href=\"https:\/\/suomentulkkauspalvelu.fi\/kielivalikoima\/\"><span style=\"font-weight: 400;\">yli 80 kielell\u00e4<\/span><\/a><span style=\"font-weight: 400;\">. Oli kyseess\u00e4 mik\u00e4 tahansa teksti, verkkosivu, asiakirja tai esite, k\u00e4\u00e4nn\u00e4mme sen n\u00e4pp\u00e4r\u00e4sti ja luotettavasti yksil\u00f6llisten tarpeidesi mukaisesti. Monipuolinen k\u00e4\u00e4nn\u00f6spalvelumme toimii joustavasti 24\/7 ja on valmiina auttamaan kattavasti ymp\u00e4ri Suomen.<\/span><\/p>\n<p><span style=\"font-weight: 400;\">K\u00e4\u00e4nn\u00f6spalvelumme tarjoaa laadukkaat k\u00e4\u00e4nn\u00f6kset monipuolisesti muun muassa todistusten, sopimusten, huolinta-asiakirjojen, kauppakirjeenvaihdon, k\u00e4ytt\u00f6- ja huolto-ohjeiden sek\u00e4 maksuliikenneasiakirjojen osalta. K\u00e4\u00e4nn\u00e4mme my\u00f6s asiakaslehti\u00e4, raportteja, verkkosivuja, vuosikertomuksia, tiedotteita ja muita tekstej\u00e4.<\/span><\/p>\n<p><span style=\"font-weight: 400;\">Asiantuntevilla k\u00e4\u00e4nt\u00e4jill\u00e4mme on kokemusta monilta erikoisaloilta, kuten sijoittaja- ja markkinointiviestinn\u00e4st\u00e4, juridiikasta sek\u00e4 julkishallinnosta. Lis\u00e4ksi tekniikka, rakentaminen, ymp\u00e4rist\u00f6ala, l\u00e4\u00e4ketiede, biotekniikka sek\u00e4 lukuisat muut toimialat ovat meille tuttuja. Tarjoamme my\u00f6s auktorisoituja eli virallisia k\u00e4\u00e4nn\u00f6ksi\u00e4.<\/span><\/p>\n<p><span style=\"font-weight: 400;\">Valitsemme aina kuhunkin tarpeeseen parhaiten sopivan k\u00e4\u00e4nt\u00e4j\u00e4n laadukkaan ja asiantuntevan lopputuloksen takaamiseksi. Mink\u00e4laiselle k\u00e4\u00e4nn\u00f6kselle juuri sinulla on tarve?<\/span><\/p>\n<p>[\/et_pb_text][et_pb_button button_url=&#8221;https:\/\/suomentulkkauspalvelu.fi\/kaannostoimisto-tarjouspyynto\/&#8221; button_text=&#8221;PYYD\u00c4 TARJOUS&#8221; button_alignment=&#8221;center&#8221; _builder_version=&#8221;4.16&#8243; custom_button=&#8221;on&#8221; button_text_size=&#8221;16px&#8221; button_text_color=&#8221;#ffffff&#8221; button_bg_color=&#8221;#0088cc&#8221; button_border_width=&#8221;0px&#8221; button_border_color=&#8221;#0088cc&#8221; button_border_radius=&#8221;3px&#8221; button_font=&#8221;|700|||||||&#8221; button_use_icon=&#8221;off&#8221; custom_margin=&#8221;|||&#8221; custom_margin_tablet=&#8221;20px||50px|&#8221; custom_margin_phone=&#8221;10px||40px|&#8221; custom_margin_last_edited=&#8221;on|phone&#8221; custom_padding=&#8221;7px|20px|7px|20px&#8221; button_text_size_tablet=&#8221;14px&#8221; button_text_size_phone=&#8221;14px&#8221; button_text_size_last_edited=&#8221;on|phone&#8221; box_shadow_style=&#8221;preset5&#8243; box_shadow_vertical=&#8221;4px&#8221; box_shadow_blur=&#8221;1px&#8221; box_shadow_spread=&#8221;0px&#8221; box_shadow_color=&#8221;#36758c&#8221; button_text_color_hover=&#8221;#ffffff&#8221; button_border_radius_hover=&#8221;25px&#8221; button_bg_color_hover=&#8221;#0088cc&#8221; global_colors_info=&#8221;{}&#8221; button_text_size__hover_enabled=&#8221;off&#8221; button_one_text_size__hover_enabled=&#8221;off&#8221; button_two_text_size__hover_enabled=&#8221;off&#8221; button_text_color__hover_enabled=&#8221;on&#8221; button_text_color__hover=&#8221;#ffffff&#8221; button_one_text_color__hover_enabled=&#8221;off&#8221; button_two_text_color__hover_enabled=&#8221;off&#8221; button_border_width__hover_enabled=&#8221;off&#8221; button_one_border_width__hover_enabled=&#8221;off&#8221; button_two_border_width__hover_enabled=&#8221;off&#8221; button_border_color__hover_enabled=&#8221;off&#8221; button_one_border_color__hover_enabled=&#8221;off&#8221; button_two_border_color__hover_enabled=&#8221;off&#8221; button_border_radius__hover_enabled=&#8221;on&#8221; button_border_radius__hover=&#8221;3px&#8221; button_one_border_radius__hover_enabled=&#8221;off&#8221; button_two_border_radius__hover_enabled=&#8221;off&#8221; button_letter_spacing__hover_enabled=&#8221;off&#8221; button_one_letter_spacing__hover_enabled=&#8221;off&#8221; button_two_letter_spacing__hover_enabled=&#8221;off&#8221; button_bg_color__hover_enabled=&#8221;on&#8221; button_bg_color__hover=&#8221;rgba(0,135,204,0.86)&#8221; button_one_bg_color__hover_enabled=&#8221;off&#8221; button_two_bg_color__hover_enabled=&#8221;off&#8221;][\/et_pb_button][et_pb_text _builder_version=&#8221;4.18.0&#8243; _module_preset=&#8221;default&#8221; global_colors_info=&#8221;{}&#8221;]<\/p>\n<h3>K\u00e4\u00e4nn\u00f6spalvelumme k\u00e4\u00e4nt\u00e4\u00e4 sujuvasti esimerkiksi:<\/h3>\n<ul>\n<li>\u00a0todistuksia<\/li>\n<li>sopimuksia<\/li>\n<li>huolinta-asiakirjoja<\/li>\n<li>kauppakirjeenvaihtoa<\/li>\n<li>k\u00e4ytt\u00f6- ja huolto-ohjeita<\/li>\n<li>maksuliikenneasiakirjoja<\/li>\n<li>asiakaslehti\u00e4<\/li>\n<li>raportteja<\/li>\n<li>verkkosivuja<\/li>\n<li>vuosikertomuksia<\/li>\n<li>tiedotteita<\/li>\n<\/ul>\n<p>\u2026ja monipuolisesti muita tekstej\u00e4 laajalla kielivalikoimalla useiden erikoisalojen, kuten:<\/p>\n<ul>\n<li>sijoittaja- ja markkinointiviestinn\u00e4n<\/li>\n<li>juridiikan<\/li>\n<li>julkishallinnon<\/li>\n<li>tekniikan<\/li>\n<li>rakentamisen<\/li>\n<li>ymp\u00e4rist\u00f6alan<\/li>\n<li>l\u00e4\u00e4ketieteen<\/li>\n<li>biotekniikan<\/li>\n<\/ul>\n<p>\u2026sek\u00e4 monien muiden toimialojen osalta. Tarjoamme sinulle laadukkaan, ammattitaitoisen ja yksil\u00f6llisen k\u00e4\u00e4nn\u00f6spalvelun parhaiten tarpeeseesi sopivan, asiantuntevan k\u00e4\u00e4nt\u00e4j\u00e4mme toimesta.<\/p>\n<p>Ennen k\u00e4\u00e4nn\u00f6sty\u00f6n aloittamista saat meilt\u00e4 sitovan hintatarjouksen ja tiedon toimitusajasta. K\u00e4\u00e4nn\u00f6sp\u00e4ivystyksemme on tukenasi 24\/7, joten pystymme reagoimaan kyselyihin tarvittaessa hyvinkin nopealla aikataululla.<\/p>\n<p>K\u00e4\u00e4nn\u00f6spalvelumme on saanut asiakkailtamme kiitosta erityisesti k\u00e4\u00e4nn\u00f6stemme laadusta sek\u00e4 ihmisl\u00e4heisest\u00e4 toimintatavastamme.<\/p>\n<p>[\/et_pb_text][\/et_pb_column][\/et_pb_row][et_pb_row column_structure=&#8221;1_2,1_2&#8243; _builder_version=&#8221;4.18.0&#8243; _module_preset=&#8221;default&#8221; global_colors_info=&#8221;{}&#8221;][et_pb_column type=&#8221;1_2&#8243; _builder_version=&#8221;4.18.0&#8243; _module_preset=&#8221;default&#8221; global_colors_info=&#8221;{}&#8221;][et_pb_testimonial author=&#8221;Marko Isoj\u00e4rvi&#8221; company_name=&#8221;Steel-Kamet Oy&#8221; portrait_url=&#8221;https:\/\/suomentulkkauspalvelu.fi\/wp-content\/uploads\/steel-kamet.png&#8221; _builder_version=&#8221;4.16&#8243; animation_style=&#8221;fold&#8221; animation_delay=&#8221;1400ms&#8221; box_shadow_style=&#8221;preset1&#8243; global_colors_info=&#8221;{}&#8221;]<\/p>\n<p><span>\u201dTilaamamme ruotsi-suomi- ja suomi-ruotsi-k\u00e4\u00e4nn\u00f6kset olivat hyv\u00e4tasoisia, ja my\u00f6s vastapuoli on ollut tyytyv\u00e4inen. Yhteisty\u00f6 on ollut sujuvaa suuntaan ja toiseen, ja varsinaiset k\u00e4\u00e4nn\u00f6kset ovat saapuneet sovitun aikataulun mukaisesti. Erityisen tyytyv\u00e4isi\u00e4 olemme olleet k\u00e4\u00e4nn\u00f6sten laadukkuuteen.\u201d<\/span><\/p>\n<p>[\/et_pb_testimonial][et_pb_button button_url=&#8221;https:\/\/suomentulkkauspalvelu.fi\/kokemuksia\/&#8221; button_text=&#8221;Lue lis\u00e4\u00e4 asiakkaidemme kokemuksia&#8221; button_alignment=&#8221;center&#8221; _builder_version=&#8221;4.16&#8243; custom_button=&#8221;on&#8221; button_text_size=&#8221;17px&#8221; button_border_width=&#8221;2px&#8221; button_border_radius=&#8221;25px&#8221; button_use_icon=&#8221;off&#8221; custom_padding=&#8221;|30px||30px|false|false&#8221; box_shadow_style=&#8221;preset3&#8243; global_colors_info=&#8221;{}&#8221; button_text_color__hover_enabled=&#8221;on&#8221; button_text_color__hover=&#8221;#ffffff&#8221; button_bg_color__hover_enabled=&#8221;on&#8221; button_bg_color__hover=&#8221;#0088cc&#8221; button_bg_enable_color__hover=&#8221;on&#8221; button_border_color__hover_enabled=&#8221;on&#8221; button_border_color__hover=&#8221;#0088cc&#8221;][\/et_pb_button][\/et_pb_column][et_pb_column type=&#8221;1_2&#8243; _builder_version=&#8221;4.18.0&#8243; _module_preset=&#8221;default&#8221; global_colors_info=&#8221;{}&#8221;][et_pb_image src=&#8221;https:\/\/suomentulkkauspalvelu.fi\/wp-content\/uploads\/kaannospalvelu_.jpg&#8221; alt=&#8221;Laadukas k\u00e4\u00e4nn\u00f6spalvelu tarjoaa kuhunkin tarpeeseen sopivan k\u00e4\u00e4nn\u00f6ksen.&#8221; title_text=&#8221;Laadukas k\u00e4\u00e4nn\u00f6spalvelu tarjoaa kuhunkin tarpeeseen sopivan k\u00e4\u00e4nn\u00f6ksen.&#8221; _builder_version=&#8221;4.18.0&#8243; _module_preset=&#8221;default&#8221; global_colors_info=&#8221;{}&#8221;][\/et_pb_image][\/et_pb_column][\/et_pb_row][et_pb_row _builder_version=&#8221;4.16&#8243; custom_padding=&#8221;24px|0px|29px|0px|false|false&#8221; global_colors_info=&#8221;{}&#8221;][et_pb_column type=&#8221;4_4&#8243; _builder_version=&#8221;4.16&#8243; custom_padding=&#8221;|||&#8221; global_colors_info=&#8221;{}&#8221; custom_padding__hover=&#8221;|||&#8221;][et_pb_text _builder_version=&#8221;4.18.0&#8243; global_colors_info=&#8221;{}&#8221;]<\/p>\n<h4><a href=\"https:\/\/suomentulkkauspalvelu.fi\/auktorisoitu-kaantaja-viralliset-kaannokset\/\"><strong>Auktorisoitu k\u00e4\u00e4nt\u00e4j\u00e4 auttaa virallisissa yhteyksiss\u00e4<\/strong><\/a><\/h4>\n<p>Meid\u00e4n kauttamme saat my\u00f6s auktorisoidut k\u00e4\u00e4nn\u00f6kset eli viralliset k\u00e4\u00e4nn\u00f6kset, jotka ovat laillisesti p\u00e4tevi\u00e4. Auktorisoitu k\u00e4\u00e4nt\u00e4j\u00e4 on tutkinnon suorittanut k\u00e4\u00e4nt\u00e4misen asiantuntija, jolle on my\u00f6nnetty oikeus vahvistaa k\u00e4\u00e4nn\u00f6ksi\u00e4 laillisesti p\u00e4teviksi. Auktorisoitu k\u00e4\u00e4nt\u00e4j\u00e4 k\u00e4\u00e4nt\u00e4\u00e4 esimerkiksi todistuksia, viranomaisten p\u00e4\u00e4t\u00f6ksi\u00e4 tai muita viranomaisille toimitettavia asiakirjoja.<\/p>\n<p><strong><a href=\"https:\/\/suomentulkkauspalvelu.fi\/auktorisoitu-kaantaja-viralliset-kaannokset\/\">Lue lis\u00e4\u00e4 auktorisoiduista k\u00e4\u00e4nn\u00f6ksist\u00e4!<\/a><\/strong><\/p>\n<p>[\/et_pb_text][\/et_pb_column][\/et_pb_row][et_pb_row module_id=&#8221;alwaysontop&#8221; _builder_version=&#8221;4.16&#8243; custom_padding=&#8221;24px|0px|29px|0px|false|false&#8221; global_colors_info=&#8221;{}&#8221;][et_pb_column type=&#8221;4_4&#8243; _builder_version=&#8221;4.16&#8243; custom_padding=&#8221;|||&#8221; global_colors_info=&#8221;{}&#8221; custom_padding__hover=&#8221;|||&#8221;][et_pb_text _builder_version=&#8221;4.16&#8243; global_colors_info=&#8221;{}&#8221;]<\/p>\n<h5 style=\"text-align: left;\"><strong>Tarkista auktorisoidun k\u00e4\u00e4nn\u00f6ksen saatavuus<\/strong><\/h5>\n<p>[\/et_pb_text][et_pb_text _builder_version=&#8221;4.16&#8243; global_colors_info=&#8221;{}&#8221;]<\/p>\n<p style=\"text-align: left;\">[translators]<\/p>\n<p>[\/et_pb_text][\/et_pb_column][\/et_pb_row][et_pb_row _builder_version=&#8221;4.16&#8243; global_colors_info=&#8221;{}&#8221;][et_pb_column type=&#8221;4_4&#8243; _builder_version=&#8221;4.16&#8243; custom_padding=&#8221;|||&#8221; global_colors_info=&#8221;{}&#8221; custom_padding__hover=&#8221;|||&#8221;][et_pb_text _builder_version=&#8221;4.16&#8243; global_colors_info=&#8221;{}&#8221;]<\/p>\n<p>Ennen k\u00e4\u00e4nn\u00f6sty\u00f6n aloittamista saat meilt\u00e4 sitovan hintatarjouksen ja tiedon toimitusajasta. K\u00e4\u00e4nn\u00f6sp\u00e4ivystyksemme on tukenasi 24\/7, joten kykenemme reagoimaan kyselyihin nopeallakin aikataululla.<\/p>\n<p>[\/et_pb_text][et_pb_button button_url=&#8221;https:\/\/suomentulkkauspalvelu.fi\/kaannostoimisto-tarjouspyynto\/&#8221; button_text=&#8221;PYYD\u00c4 TARJOUS&#8221; button_alignment=&#8221;center&#8221; _builder_version=&#8221;4.16&#8243; custom_button=&#8221;on&#8221; button_text_size=&#8221;16px&#8221; button_text_color=&#8221;#ffffff&#8221; button_bg_color=&#8221;#0088cc&#8221; button_border_width=&#8221;0px&#8221; button_border_color=&#8221;#0088cc&#8221; button_border_radius=&#8221;3px&#8221; button_font=&#8221;|700|||||||&#8221; button_use_icon=&#8221;off&#8221; custom_margin=&#8221;|||&#8221; custom_margin_tablet=&#8221;20px||50px|&#8221; custom_margin_phone=&#8221;10px||40px|&#8221; custom_margin_last_edited=&#8221;on|phone&#8221; custom_padding=&#8221;7px|20px|7px|20px&#8221; button_text_size_tablet=&#8221;14px&#8221; button_text_size_phone=&#8221;14px&#8221; button_text_size_last_edited=&#8221;on|phone&#8221; box_shadow_style=&#8221;preset5&#8243; box_shadow_vertical=&#8221;4px&#8221; box_shadow_blur=&#8221;1px&#8221; box_shadow_spread=&#8221;0px&#8221; box_shadow_color=&#8221;#36758c&#8221; button_text_color_hover=&#8221;#ffffff&#8221; button_border_radius_hover=&#8221;25px&#8221; button_bg_color_hover=&#8221;#0088cc&#8221; global_colors_info=&#8221;{}&#8221; button_text_size__hover_enabled=&#8221;off&#8221; button_one_text_size__hover_enabled=&#8221;off&#8221; button_two_text_size__hover_enabled=&#8221;off&#8221; button_text_color__hover_enabled=&#8221;on&#8221; button_text_color__hover=&#8221;#ffffff&#8221; button_one_text_color__hover_enabled=&#8221;off&#8221; button_two_text_color__hover_enabled=&#8221;off&#8221; button_border_width__hover_enabled=&#8221;off&#8221; button_one_border_width__hover_enabled=&#8221;off&#8221; button_two_border_width__hover_enabled=&#8221;off&#8221; button_border_color__hover_enabled=&#8221;off&#8221; button_one_border_color__hover_enabled=&#8221;off&#8221; button_two_border_color__hover_enabled=&#8221;off&#8221; button_border_radius__hover_enabled=&#8221;on&#8221; button_border_radius__hover=&#8221;3px&#8221; button_one_border_radius__hover_enabled=&#8221;off&#8221; button_two_border_radius__hover_enabled=&#8221;off&#8221; button_letter_spacing__hover_enabled=&#8221;off&#8221; button_one_letter_spacing__hover_enabled=&#8221;off&#8221; button_two_letter_spacing__hover_enabled=&#8221;off&#8221; button_bg_color__hover_enabled=&#8221;on&#8221; button_bg_color__hover=&#8221;rgba(0,135,204,0.86)&#8221; button_one_bg_color__hover_enabled=&#8221;off&#8221; button_two_bg_color__hover_enabled=&#8221;off&#8221;][\/et_pb_button][\/et_pb_column][\/et_pb_row][et_pb_row _builder_version=&#8221;4.16&#8243; custom_padding=&#8221;24px|0px|50px|0px|false|false&#8221; global_colors_info=&#8221;{}&#8221;][et_pb_column type=&#8221;4_4&#8243; _builder_version=&#8221;4.16&#8243; custom_padding=&#8221;|||&#8221; global_colors_info=&#8221;{}&#8221; custom_padding__hover=&#8221;|||&#8221;][et_pb_text _builder_version=&#8221;4.18.0&#8243; global_colors_info=&#8221;{}&#8221;]<\/p>\n<h4><strong>Laadukas k\u00e4\u00e4nn\u00f6spalvelu kaikkiin sis\u00e4lt\u00f6ihin<\/strong><\/h4>\n<p>Olemme moderni ja ketter\u00e4 k\u00e4\u00e4nn\u00f6spalvelun tarjoaja, joka tekee laadukkaita k\u00e4\u00e4nn\u00f6ksi\u00e4 ja kielentarkistuksia yli <a href=\"https:\/\/suomentulkkauspalvelu.fi\/kielivalikoima\/\">80 kielell\u00e4<\/a>. Palvelumme on tarkoitettu viranomaisille ja yrityksille, joten olipa kyseess\u00e4 mik\u00e4 tahansa teksti, verkkosivu, asiakirja tai esite, k\u00e4\u00e4nn\u00e4mme sen tarpeidesi mukaan. K\u00e4\u00e4nn\u00f6spalvelumme toimii 24\/7, ja auttaa sinua joustavasti ymp\u00e4ri Suomen.<\/p>\n<p>Olemme suomalainen k\u00e4\u00e4nn\u00f6spalvelu, joka on saanut asiakkailta kiitosta laadusta ja ihmisl\u00e4heisest\u00e4 toimintatavasta. Meill\u00e4 on kokemusta monilta erikoisaloilta, kuten sijoittaja- ja markkinointiviestinn\u00e4st\u00e4, juridiikasta ja julkishallinnosta. Lis\u00e4ksi tekniikka, rakentaminen, ymp\u00e4rist\u00f6ala, l\u00e4\u00e4ketiede ja biotekniikka sek\u00e4 monet muut toimialat ovat meille tuttuja. Etsimme sinulle aina parhaiten sopivan ammattilaisen.<\/p>\n<p>Ota rohkeasti yhteytt\u00e4 ja kerro tarpeestasi, niin etsimme sinulle sopivan k\u00e4\u00e4nt\u00e4j\u00e4n!<\/p>\n<p>[\/et_pb_text][et_pb_text _builder_version=&#8221;4.18.0&#8243; _module_preset=&#8221;default&#8221; global_colors_info=&#8221;{}&#8221;]<\/p>\n<h4><strong>Miksi valita juuri meid\u00e4t?<\/strong><\/h4>\n<p>Tarjoamme sinulle laadukasta, asiantuntevaa ja yksil\u00f6llist\u00e4 k\u00e4\u00e4nn\u00f6spalvelua useiden eri tekstien, toimialojen ja kielten osalta helposti, nopeasti ja luotettavasti. Saat meilt\u00e4 tarvittaessa my\u00f6s auktorisoidut eli viralliset k\u00e4\u00e4nn\u00f6kset. Mink\u00e4laisen k\u00e4\u00e4nn\u00f6ksen juuri sin\u00e4 tarvitset?<\/p>\n<p>[\/et_pb_text][et_pb_button button_url=&#8221;https:\/\/suomentulkkauspalvelu.fi\/kaannostoimisto-tarjouspyynto\/&#8221; button_text=&#8221;KERRO TARPEESTASI JA PYYD\u00c4 YKSIL\u00d6ITY TARJOUS!&#8221; button_alignment=&#8221;center&#8221; _builder_version=&#8221;4.18.0&#8243; custom_button=&#8221;on&#8221; button_text_size=&#8221;16px&#8221; button_text_color=&#8221;#ffffff&#8221; button_bg_color=&#8221;#0088cc&#8221; button_border_width=&#8221;0px&#8221; button_border_color=&#8221;#0088cc&#8221; button_border_radius=&#8221;3px&#8221; button_font=&#8221;|700|||||||&#8221; button_use_icon=&#8221;off&#8221; custom_margin=&#8221;|||&#8221; custom_margin_tablet=&#8221;20px||50px|&#8221; custom_margin_phone=&#8221;10px||40px|&#8221; custom_margin_last_edited=&#8221;on|phone&#8221; custom_padding=&#8221;7px|20px|7px|20px&#8221; button_text_size_tablet=&#8221;14px&#8221; button_text_size_phone=&#8221;14px&#8221; button_text_size_last_edited=&#8221;on|phone&#8221; box_shadow_style=&#8221;preset5&#8243; box_shadow_vertical=&#8221;4px&#8221; box_shadow_blur=&#8221;1px&#8221; box_shadow_spread=&#8221;0px&#8221; box_shadow_color=&#8221;#36758c&#8221; button_text_color_hover=&#8221;#ffffff&#8221; button_border_radius_hover=&#8221;25px&#8221; button_bg_color_hover=&#8221;#0088cc&#8221; global_colors_info=&#8221;{}&#8221; button_text_size__hover_enabled=&#8221;off&#8221; button_one_text_size__hover_enabled=&#8221;off&#8221; button_two_text_size__hover_enabled=&#8221;off&#8221; button_text_color__hover_enabled=&#8221;on&#8221; button_text_color__hover=&#8221;#ffffff&#8221; button_one_text_color__hover_enabled=&#8221;off&#8221; button_two_text_color__hover_enabled=&#8221;off&#8221; button_border_width__hover_enabled=&#8221;off&#8221; button_one_border_width__hover_enabled=&#8221;off&#8221; button_two_border_width__hover_enabled=&#8221;off&#8221; button_border_color__hover_enabled=&#8221;off&#8221; button_one_border_color__hover_enabled=&#8221;off&#8221; button_two_border_color__hover_enabled=&#8221;off&#8221; button_border_radius__hover_enabled=&#8221;on&#8221; button_border_radius__hover=&#8221;3px&#8221; button_one_border_radius__hover_enabled=&#8221;off&#8221; button_two_border_radius__hover_enabled=&#8221;off&#8221; button_letter_spacing__hover_enabled=&#8221;off&#8221; button_one_letter_spacing__hover_enabled=&#8221;off&#8221; button_two_letter_spacing__hover_enabled=&#8221;off&#8221; button_bg_color__hover_enabled=&#8221;on&#8221; button_bg_color__hover=&#8221;rgba(0,135,204,0.86)&#8221; button_one_bg_color__hover_enabled=&#8221;off&#8221; button_two_bg_color__hover_enabled=&#8221;off&#8221;][\/et_pb_button][et_pb_testimonial author=&#8221;Tarja Vuolevi-Mykk\u00e4nen&#8221; company_name=&#8221;Honkarakenne Oyj&#8221; portrait_url=&#8221;https:\/\/suomentulkkauspalvelu.fi\/wp-content\/uploads\/Tarja_Honka_Asiakastyytyvaisyyskysely.png&#8221; _builder_version=&#8221;4.16&#8243; background_color=&#8221;#fafafa&#8221; animation_style=&#8221;bounce&#8221; animation_direction=&#8221;bottom&#8221; animation_delay=&#8221;1000ms&#8221; box_shadow_style=&#8221;preset1&#8243; global_colors_info=&#8221;{}&#8221;]<\/p>\n<p><span>\u201dTilasimme Suomen Tulkkauspalvelulta simultaanitulkkauksen ja oikolukupalvelun edustajatapahtumaan, mink\u00e4 ansiosta mahdollisimman moni p\u00e4\u00e4si osallistumaan tapahtumaan. Koko ajan tuntui olevan ammattitaitoinen tulkkaus k\u00e4ynniss\u00e4. Minulle tuli tunne, ett\u00e4 toiminta on hyvin ammattitaitoista ja kaikki toimi tapahtumassa hyvin.\u201d<\/span><\/p>\n<p>[\/et_pb_testimonial][et_pb_text _builder_version=&#8221;4.18.0&#8243; _module_preset=&#8221;default&#8221; global_colors_info=&#8221;{}&#8221;]<\/p>\n<p><span style=\"font-weight: 400;\">Asiakkaidemme tyytyv\u00e4isyys on meille syd\u00e4men asia. Ota yhteytt\u00e4, niin r\u00e4\u00e4t\u00e4l\u00f6id\u00e4\u00e4n juuri sinun tarpeisiisi sopiva kokonaisuus!<\/span><\/p>\n<p><span style=\"font-weight: 400;\">Onko sinulla k\u00e4\u00e4nn\u00f6spalvelun lis\u00e4ksi tarpeita my\u00f6s tulkkausavulle? Tutustu kattaviin ja monipuolisiin <\/span><a href=\"https:\/\/suomentulkkauspalvelu.fi\/tulkkipalvelu\/\"><span style=\"font-weight: 400;\">tulkkauspalveluihimme!<\/span><\/a><\/p>\n<p>[\/et_pb_text][\/et_pb_column][\/et_pb_row][\/et_pb_section]<\/p>\n","protected":false},"excerpt":{"rendered":"<p>K\u00e4\u00e4nn\u00f6spalvelu Laadukas k\u00e4\u00e4nn\u00f6spalvelu juuri sinun tarpeeseesi Tarvitsetko suomenkielisest\u00e4 todistuksesta ruotsinkielisen k\u00e4\u00e4nn\u00f6ksen, arabiankielisest\u00e4 sopimuksesta englanninkielisen k\u00e4\u00e4nn\u00f6ksen tai jotakin aivan muuta? Etsitk\u00f6 tietyn erikoisalan osaamisella varustettua k\u00e4\u00e4nt\u00e4j\u00e4\u00e4? Tulisiko k\u00e4\u00e4nn\u00f6ksen kaiken lis\u00e4ksi olla auktorisoitu eli virallinen k\u00e4\u00e4nn\u00f6s? Kerro meille tarpeestasi \u2013 autamme sinua mielell\u00e4mme yksil\u00f6llisesti juuri sinulle sopivalla k\u00e4\u00e4nn\u00f6spalvelulla helposti ja laadukkaasti. Olemme moderni ja ketter\u00e4 suomalainen k\u00e4\u00e4nn\u00f6spalvelu [&hellip;]<\/p>\n","protected":false},"author":1,"featured_media":0,"parent":0,"menu_order":0,"comment_status":"closed","ping_status":"closed","template":"","meta":{"_et_pb_use_builder":"on","_et_pb_old_content":"","_et_gb_content_width":"","footnotes":""},"categories":[],"class_list":["post-49","page","type-page","status-publish","hentry"],"_links":{"self":[{"href":"https:\/\/suomentulkkauspalvelu.fi\/en\/wp-json\/wp\/v2\/pages\/49","targetHints":{"allow":["GET"]}}],"collection":[{"href":"https:\/\/suomentulkkauspalvelu.fi\/en\/wp-json\/wp\/v2\/pages"}],"about":[{"href":"https:\/\/suomentulkkauspalvelu.fi\/en\/wp-json\/wp\/v2\/types\/page"}],"author":[{"embeddable":true,"href":"https:\/\/suomentulkkauspalvelu.fi\/en\/wp-json\/wp\/v2\/users\/1"}],"replies":[{"embeddable":true,"href":"https:\/\/suomentulkkauspalvelu.fi\/en\/wp-json\/wp\/v2\/comments?post=49"}],"version-history":[{"count":5,"href":"https:\/\/suomentulkkauspalvelu.fi\/en\/wp-json\/wp\/v2\/pages\/49\/revisions"}],"predecessor-version":[{"id":5122,"href":"https:\/\/suomentulkkauspalvelu.fi\/en\/wp-json\/wp\/v2\/pages\/49\/revisions\/5122"}],"wp:attachment":[{"href":"https:\/\/suomentulkkauspalvelu.fi\/en\/wp-json\/wp\/v2\/media?parent=49"}],"wp:term":[{"taxonomy":"category","embeddable":true,"href":"https:\/\/suomentulkkauspalvelu.fi\/en\/wp-json\/wp\/v2\/categories?post=49"}],"curies":[{"name":"wp","href":"https:\/\/api.w.org\/{rel}","templated":true}]}}