{"id":5053,"date":"2022-02-04T11:14:05","date_gmt":"2022-02-04T09:14:05","guid":{"rendered":"https:\/\/suomentulkkauspalvelu.fi\/?page_id=5053"},"modified":"2022-02-04T11:40:23","modified_gmt":"2022-02-04T09:40:23","slug":"simultaanitulkkaus-etana","status":"publish","type":"page","link":"https:\/\/suomentulkkauspalvelu.fi\/en\/simultaanitulkkaus-etana\/","title":{"rendered":"Simultaneous remote interpretation"},"content":{"rendered":"<p>[et_pb_section fb_built=&#8221;1&#8243; _builder_version=&#8221;4.9.0&#8243; _module_preset=&#8221;default&#8221;][et_pb_row _builder_version=&#8221;4.9.0&#8243; _module_preset=&#8221;default&#8221;][et_pb_column type=&#8221;4_4&#8243; _builder_version=&#8221;4.9.0&#8243; _module_preset=&#8221;default&#8221;][et_pb_text _builder_version=&#8221;4.9.0&#8243; _module_preset=&#8221;default&#8221; header_font=&#8221;|700|||||||&#8221; header_text_align=&#8221;center&#8221;]<\/p>\n<h1>Simultaanitulkkaus et\u00e4n\u00e4<\/h1>\n<p>[\/et_pb_text][et_pb_text _builder_version=&#8221;4.9.0&#8243; _module_preset=&#8221;default&#8221; text_font_size=&#8221;16px&#8221;]<\/p>\n<p>Simultaanitulkkaus eli samanaikaistulkkaus onnistuu ammattitaitoisten tulkkien toimesta, asianmukaisella tekniikalla varustettuna sek\u00e4 teknikon valvomana hyvin my\u00f6s et\u00e4n\u00e4.<\/p>\n<p>[\/et_pb_text][\/et_pb_column][\/et_pb_row][et_pb_row _builder_version=&#8221;4.9.0&#8243; _module_preset=&#8221;default&#8221;][et_pb_column type=&#8221;4_4&#8243; _builder_version=&#8221;4.9.0&#8243; _module_preset=&#8221;default&#8221;][et_pb_image src=&#8221;https:\/\/suomentulkkauspalvelu.fi\/wp-content\/uploads\/simultaanitulkkaus_eta\u0308na\u0308.jpg&#8221; alt=&#8221;Simultaanitulkkausta et\u00e4n\u00e4 &#8221; title_text=&#8221;simultaanitulkkaus_eta\u0308na\u0308&#8221; _builder_version=&#8221;4.9.0&#8243; _module_preset=&#8221;default&#8221;][\/et_pb_image][\/et_pb_column][\/et_pb_row][et_pb_row _builder_version=&#8221;4.9.0&#8243; _module_preset=&#8221;default&#8221;][et_pb_column type=&#8221;4_4&#8243; _builder_version=&#8221;4.9.0&#8243; _module_preset=&#8221;default&#8221;][et_pb_text _builder_version=&#8221;4.9.0&#8243; _module_preset=&#8221;default&#8221;]<\/p>\n<h2>Simultaanitulkkaus onnistuu et\u00e4n\u00e4 juuri sinun tarpeidesi mukaisesti<\/h2>\n<p>Mik\u00e4li suurten tilaisuuksien j\u00e4rjest\u00e4minen fyysisesti paikan p\u00e4\u00e4ll\u00e4 ei ole mahdollista, onnistuu samaan aikaan alkuper\u00e4isen puheen kanssa tapahtuva simultaanitulkkaus eli samanaikaistulkkaus k\u00e4tev\u00e4sti my\u00f6s et\u00e4n\u00e4! N\u00e4in ollen virtuaalitapahtuman j\u00e4rjest\u00e4j\u00e4, osallistujat, tulkki ja teknikko voivat olla kaikki tahoillaan et\u00e4n\u00e4.<\/p>\n<p>Virtuaalitapahtuman l\u00e4hetys voidaan striimata maailmalle my\u00f6s vain osan ollessa paikan p\u00e4\u00e4ll\u00e4: Esiintyjien ollessa studion lavalla, tulkit ja teknikot joko studiossa monitorilla varustetussa \u00e4\u00e4nieristetyss\u00e4 huoneessa tai esityslavalla n\u00e4k\u00f6et\u00e4isyydell\u00e4 \u00e4\u00e4nieristetyss\u00e4 tulkkauskopissa. Tapahtuman osallistujat voivat olla joko osittain paikan p\u00e4\u00e4ll\u00e4 tai kokonaan et\u00e4n\u00e4.<\/p>\n<p>Joka tapauksessa tulkki istuu aina \u00e4\u00e4nieristetyss\u00e4 tilassa joko asiakkaan tiloissa tai Suomen Tulkkauspalvelun studiossa. Parhaaseen lopputulokseen p\u00e4\u00e4st\u00e4\u00e4n silloin, kun tulkit voivat vuorotella samassa huoneessa tai tulkkauskopissa, sill\u00e4 muistiinpanojen jakaminen on t\u00e4ll\u00f6in sujuvampaa. Teknikko puolestaan voi olla joko samassa paikassa tulkkien kanssa tai et\u00e4n\u00e4.<\/p>\n<p>Teknisesti et\u00e4simultaanitulkkaus vaatii alustasta riippuen sopivan sovelluksen ja tietokoneen tai \u00e4lylaitteen sek\u00e4 vakaan internet-yhteyden. Tilaisuuden ja tulkkauksen onnistumisen kannalta on t\u00e4rke\u00e4\u00e4 varmistaa kaikkien osallistujien internet-yhteyden, alustan ja tekniikan toimivuus. Tulkkaus kulkeutuu tulkin laitteelta sit\u00e4 tarvitsevien, sovellukseen yhteyden muodostaneiden osallistujien laitteille, joista he voivat valita juuri itselleen sopivan kielikanavan sek\u00e4 kuulla tulkkauksen kuulokkeidensa kautta reaaliaikaisesti. T\u00e4ll\u00f6in kaikki osallistujat kuulevat tilaisuuden sis\u00e4ll\u00f6n vain omalla \u00e4idinkielell\u00e4\u00e4n.<\/p>\n<p>Samanaikaistulkkaus et\u00e4n\u00e4 mahdollistaa yh\u00e4 useampien henkil\u00f6iden osallistumisen tilaisuuksiin paikkariippumattomasti. Se on my\u00f6s erityisen ekologinen ja taloudellinen valinta. Lis\u00e4ksi et\u00e4tulkkaus mahdollistaa tilaisuuksien j\u00e4rjest\u00e4misen silloinkin, kun niiden j\u00e4rjest\u00e4minen paikan p\u00e4\u00e4ll\u00e4 ei syyst\u00e4 tai toisesta onnistu.<\/p>\n<p><strong>Et\u00e4simultaanitulkkauksen etuja ovat muun muassa:<\/strong><\/p>\n<ul>\n<li>Laajempi osallistumismahdollisuus: et\u00e4tulkkaus mahdollistaa entist\u00e4 laajemman osallistumisen kaupunkien ja maiden v\u00e4liset rajat ylitt\u00e4en.<\/li>\n<li>Ekologisuus: et\u00e4n\u00e4 tapahtuva samanaikaistulkkaus s\u00e4\u00e4st\u00e4\u00e4 luontoa, kun eri maissa olevien osallistujien ei tarvitse saapua tilaisuuteen paikan p\u00e4\u00e4lle.<\/li>\n<li>Taloudelliset s\u00e4\u00e4st\u00f6t: et\u00e4tulkkaus vaatii v\u00e4hemm\u00e4n taloudellisia investointeja kuin tulkkaus paikan p\u00e4\u00e4ll\u00e4 tapahtuvissa tilaisuuksissa.<\/li>\n<li>Varmuus: et\u00e4tulkkaus onnistuu my\u00f6s sellaisissa tilanteissa, joissa tilaisuuksien j\u00e4rjest\u00e4minen paikan p\u00e4\u00e4ll\u00e4 ei ole mahdollista. T\u00e4ll\u00f6in tilaisuutta ei tarvitse perua kokonaan, vaan sen voi muuttaa et\u00e4n\u00e4 tapahtuvaksi.<\/li>\n<\/ul>\n<p>Suomen Tulkkauspalvelu tarjoaa laadukasta samanaikaistulkkausta et\u00e4n\u00e4 mink\u00e4 tahansa alustan, kuten Microsoft Teamsin, Zoomin, Google Meetsin ym. avulla ja niin monella kielell\u00e4 kuin tarvitaan. K\u00e4ymme tarkasti l\u00e4pi tarpeesi ja toiveesi ja teemme t\u00e4m\u00e4n pohjalta juuri sinulle sopivan ratkaisuehdotuksen.<\/p>\n<p><strong>Meilt\u00e4 saatte koko paketin<\/strong>: laadukkaat tulkkauspalvelun laajalla kielivalikoimalla, kokeneet ja ammattitaitoiset tulkit, teknologian ja laitteet tulkkaukseen sek\u00e4 teknikon, joka valvoo koko tilaisuuden ajan, ett\u00e4 kaikki toimii varmasti juuri niin kuin pit\u00e4\u00e4kin. Meille on t\u00e4rke\u00e4\u00e4, ett\u00e4 sin\u00e4 voit keskitty\u00e4 rauhassa itse tapahtumaan ja sen osallistujiin.<\/p>\n<p>[\/et_pb_text][\/et_pb_column][\/et_pb_row][et_pb_row _builder_version=&#8221;4.9.0&#8243; _module_preset=&#8221;default&#8221;][et_pb_column type=&#8221;4_4&#8243; _builder_version=&#8221;4.9.0&#8243; _module_preset=&#8221;default&#8221;][et_pb_button button_url=&#8221;https:\/\/suomentulkkauspalvelu.fi\/simultaanitulkkaus-laitteisto\/&#8221; button_text=&#8221;Pyyd\u00e4 maksuton tarjous&#8221; button_alignment=&#8221;center&#8221; _builder_version=&#8221;4.9.0&#8243; custom_button=&#8221;on&#8221; button_text_size=&#8221;18px&#8221; button_text_color=&#8221;#ffffff&#8221; button_bg_color=&#8221;#0088cc&#8221; button_border_width=&#8221;0px&#8221; button_border_color=&#8221;#0088cc&#8221; button_border_radius=&#8221;3px&#8221; button_font=&#8221;|700|||||||&#8221; button_use_icon=&#8221;off&#8221; custom_margin=&#8221;20px|||&#8221; custom_margin_tablet=&#8221;20px||50px|&#8221; custom_margin_phone=&#8221;10px||40px|&#8221; custom_margin_last_edited=&#8221;on|phone&#8221; custom_padding=&#8221;7px|30px|7px|30px&#8221; button_text_size_tablet=&#8221;&#8221; button_text_size_phone=&#8221;&#8221; button_text_size_last_edited=&#8221;on|desktop&#8221; box_shadow_style=&#8221;preset5&#8243; box_shadow_vertical=&#8221;5px&#8221; box_shadow_spread=&#8221;0px&#8221; box_shadow_color=&#8221;#36758c&#8221; button_text_color_hover=&#8221;#ffffff&#8221; button_border_radius_hover=&#8221;25px&#8221; button_bg_color_hover=&#8221;#0088cc&#8221; button_text_size__hover_enabled=&#8221;off&#8221; button_one_text_size__hover_enabled=&#8221;off&#8221; button_two_text_size__hover_enabled=&#8221;off&#8221; button_text_color__hover_enabled=&#8221;on&#8221; button_text_color__hover=&#8221;#ffffff&#8221; button_one_text_color__hover_enabled=&#8221;off&#8221; button_two_text_color__hover_enabled=&#8221;off&#8221; button_border_width__hover_enabled=&#8221;off&#8221; button_one_border_width__hover_enabled=&#8221;off&#8221; button_two_border_width__hover_enabled=&#8221;off&#8221; button_border_color__hover_enabled=&#8221;off&#8221; button_one_border_color__hover_enabled=&#8221;off&#8221; button_two_border_color__hover_enabled=&#8221;off&#8221; button_border_radius__hover_enabled=&#8221;on&#8221; button_border_radius__hover=&#8221;3px&#8221; button_one_border_radius__hover_enabled=&#8221;off&#8221; button_two_border_radius__hover_enabled=&#8221;off&#8221; button_letter_spacing__hover_enabled=&#8221;off&#8221; button_one_letter_spacing__hover_enabled=&#8221;off&#8221; button_two_letter_spacing__hover_enabled=&#8221;off&#8221; button_bg_color__hover_enabled=&#8221;on&#8221; button_bg_color__hover=&#8221;rgba(0,135,204,0.86)&#8221; button_one_bg_color__hover_enabled=&#8221;off&#8221; button_two_bg_color__hover_enabled=&#8221;off&#8221;][\/et_pb_button][\/et_pb_column][\/et_pb_row][et_pb_row _builder_version=&#8221;4.9.0&#8243; _module_preset=&#8221;default&#8221;][et_pb_column type=&#8221;4_4&#8243; _builder_version=&#8221;4.9.0&#8243; _module_preset=&#8221;default&#8221;][et_pb_image src=&#8221;https:\/\/suomentulkkauspalvelu.fi\/wp-content\/uploads\/Simultaanitulkkaus-eli-samanaikaistulkkaus-eta\u0308na\u0308.jpg&#8221; alt=&#8221;Simultaanitulkkaus eli samanaikaistulkkaus eta\u0308na\u0308&#8221; title_text=&#8221;Simultaanitulkkaus eli samanaikaistulkkaus eta\u0308na\u0308&#8221; _builder_version=&#8221;4.9.0&#8243; _module_preset=&#8221;default&#8221;][\/et_pb_image][\/et_pb_column][\/et_pb_row][et_pb_row _builder_version=&#8221;4.9.0&#8243; _module_preset=&#8221;default&#8221;][et_pb_column type=&#8221;4_4&#8243; _builder_version=&#8221;4.9.0&#8243; _module_preset=&#8221;default&#8221;][et_pb_text _builder_version=&#8221;4.9.0&#8243; _module_preset=&#8221;default&#8221;]<\/p>\n<h2>Mit\u00e4 simultaanitulkkaus on, ja mit\u00e4 siihen tarvitaan?<\/h2>\n<p>Samanaikaisesti puhujan ja tulkin toimesta tapahtuva simultaanitulkkaus eli samanaikaistulkkaus sopii erityisesti suuriin ja useilla kielill\u00e4 puhuttuihin tilaisuuksiin, kuten konferensseihin. Perinteisesti tulkki istuu \u00e4\u00e4nieristetyss\u00e4 tulkkauskopissa \u2013 alkuper\u00e4inen puhe siirtyy h\u00e4nen kuulokkeisiinsa simultaanitulkkauslaitteiston avulla, ja k\u00e4\u00e4nn\u00f6s siirtyy mikrofonin kautta sit\u00e4 tarvitsevien osallistujien kuulokkeisiin.<\/p>\n<p>\u00a0Simultaanitulkkauslaitteissa on eri kielille omat kanavansa, jolloin kaikki osallistujat voivat seurata tilaisuuden kulkua reaaliaikaisesti omalla \u00e4idinkielell\u00e4\u00e4n. Tulkkaukseen ei tarvitse varata erikseen ylim\u00e4\u00e4r\u00e4ist\u00e4 aikaa, eik\u00e4 tulkkaus h\u00e4iritse muita osallistujia.<\/p>\n<p>Samanaikaistulkkaus on haastavaa, sill\u00e4 tulkin on tulkattava samalla sek\u00e4 nopeasti ett\u00e4 laadukkaasti. Onkin t\u00e4rke\u00e4\u00e4 varata tulkkaus ajoissa sek\u00e4 tarjota tulkille tai tulkeille tilaisuuden materiaali hyviss\u00e4 ajoin etuk\u00e4teen tutustuttavaksi. Jokaista kielt\u00e4 varten on varattava oma tulkkinsa, ja kunkin kielen osalta kannattaa varata kaksi kesken\u00e4\u00e4n vuorottelevaa tulkkia.<\/p>\n<p><strong>Lue lis\u00e4\u00e4 <span style=\"text-decoration: underline;\"><a href=\"https:\/\/suomentulkkauspalvelu.fi\/simultaanitulkkaus\/\">samanaikaistulkkauksesta<\/a><\/span>\u00a0ja siihen tarvittavista <span style=\"text-decoration: underline;\"><a href=\"https:\/\/suomentulkkauspalvelu.fi\/tulkkauslaitteet\/\">laitteista<\/a><\/span>!\u00a0<\/strong><\/p>\n<p>[\/et_pb_text][\/et_pb_column][\/et_pb_row][et_pb_row _builder_version=&#8221;4.9.0&#8243; _module_preset=&#8221;default&#8221;][et_pb_column type=&#8221;4_4&#8243; _builder_version=&#8221;4.9.0&#8243; _module_preset=&#8221;default&#8221;][et_pb_text _builder_version=&#8221;4.9.0&#8243; _module_preset=&#8221;default&#8221;]<\/p>\n<h2>Tarjoamme juuri sinun tarpeitasi vastaavan et\u00e4simultaanitulkkauskokemuksen<\/h2>\n<p>[\/et_pb_text][et_pb_text _builder_version=&#8221;4.9.0&#8243; _module_preset=&#8221;default&#8221;]<\/p>\n<p>J\u00e4rjest\u00e4t tilaisuutesi mill\u00e4 vain alustalla ja kuinka monella kielell\u00e4 tahansa, Suomen Tulkkauspalvelu tarjoaa laadukasta samanaikaistulkkausta et\u00e4n\u00e4!<\/p>\n<p>Miksi valita Suomen Tulkkauspalvelun et\u00e4simultaanitulkkaus?<\/p>\n<ul>\n<li>Suomen Tulkkauspalvelu tarjoaa et\u00e4tilaisuuttasi varten koko paketin<\/li>\n<li>Sopeudumme sinun tarpeisiisi ja toiveisiisi juuri k\u00e4yt\u00f6ss\u00e4si olevan alustan ja kielitarpeidesi mukaisesti.<\/li>\n<li>Kokeneet ja ammattitaitoiset tulkkimme pit\u00e4v\u00e4t huolen laadukkaasta tulkkauksesta paikkariippumattomasti.<\/li>\n<li>Tarjoamme tarvittavan teknologian ja asianmukaisen laitteiston.<\/li>\n<li>Teknikkomme valvoo tilaisuuden alusta loppuun asti, ett\u00e4 kaikki toimii kuten pit\u00e4\u00e4kin.<\/li>\n<li>Voitte keskitty\u00e4 rauhassa itse tapahtumaan ja sen osallistujiin!<\/li>\n<\/ul>\n<p>[\/et_pb_text][\/et_pb_column][\/et_pb_row][et_pb_row _builder_version=&#8221;4.9.0&#8243; _module_preset=&#8221;default&#8221;][et_pb_column type=&#8221;4_4&#8243; _builder_version=&#8221;4.9.0&#8243; _module_preset=&#8221;default&#8221;][et_pb_button button_url=&#8221;https:\/\/suomentulkkauspalvelu.fi\/simultaanitulkkaus-laitteisto\/&#8221; button_text=&#8221;Pyyd\u00e4 maksuton tarjous&#8221; button_alignment=&#8221;center&#8221; _builder_version=&#8221;4.9.0&#8243; custom_button=&#8221;on&#8221; button_text_size=&#8221;18px&#8221; button_text_color=&#8221;#ffffff&#8221; button_bg_color=&#8221;#0088cc&#8221; button_border_width=&#8221;0px&#8221; button_border_color=&#8221;#0088cc&#8221; button_border_radius=&#8221;3px&#8221; button_font=&#8221;|700|||||||&#8221; button_use_icon=&#8221;off&#8221; custom_margin=&#8221;20px|||&#8221; custom_margin_tablet=&#8221;20px||50px|&#8221; custom_margin_phone=&#8221;10px||40px|&#8221; custom_margin_last_edited=&#8221;on|phone&#8221; custom_padding=&#8221;7px|30px|7px|30px&#8221; button_text_size_tablet=&#8221;&#8221; button_text_size_phone=&#8221;&#8221; button_text_size_last_edited=&#8221;on|desktop&#8221; box_shadow_style=&#8221;preset5&#8243; box_shadow_vertical=&#8221;5px&#8221; box_shadow_spread=&#8221;0px&#8221; box_shadow_color=&#8221;#36758c&#8221; button_text_color_hover=&#8221;#ffffff&#8221; button_border_radius_hover=&#8221;25px&#8221; button_bg_color_hover=&#8221;#0088cc&#8221; button_text_size__hover_enabled=&#8221;off&#8221; button_one_text_size__hover_enabled=&#8221;off&#8221; button_two_text_size__hover_enabled=&#8221;off&#8221; button_text_color__hover_enabled=&#8221;on&#8221; button_text_color__hover=&#8221;#ffffff&#8221; button_one_text_color__hover_enabled=&#8221;off&#8221; button_two_text_color__hover_enabled=&#8221;off&#8221; button_border_width__hover_enabled=&#8221;off&#8221; button_one_border_width__hover_enabled=&#8221;off&#8221; button_two_border_width__hover_enabled=&#8221;off&#8221; button_border_color__hover_enabled=&#8221;off&#8221; button_one_border_color__hover_enabled=&#8221;off&#8221; button_two_border_color__hover_enabled=&#8221;off&#8221; button_border_radius__hover_enabled=&#8221;on&#8221; button_border_radius__hover=&#8221;3px&#8221; button_one_border_radius__hover_enabled=&#8221;off&#8221; button_two_border_radius__hover_enabled=&#8221;off&#8221; button_letter_spacing__hover_enabled=&#8221;off&#8221; button_one_letter_spacing__hover_enabled=&#8221;off&#8221; button_two_letter_spacing__hover_enabled=&#8221;off&#8221; button_bg_color__hover_enabled=&#8221;on&#8221; button_bg_color__hover=&#8221;rgba(0,135,204,0.86)&#8221; button_one_bg_color__hover_enabled=&#8221;off&#8221; button_two_bg_color__hover_enabled=&#8221;off&#8221;][\/et_pb_button][\/et_pb_column][\/et_pb_row][et_pb_row _builder_version=&#8221;4.9.0&#8243; _module_preset=&#8221;default&#8221;][et_pb_column type=&#8221;4_4&#8243; _builder_version=&#8221;4.9.0&#8243; _module_preset=&#8221;default&#8221;][et_pb_text _builder_version=&#8221;4.9.0&#8243; _module_preset=&#8221;default&#8221;]<\/p>\n<p><a href=\"https:\/\/suomentulkkauspalvelu.fi\/ota-yhteytta\/\"><strong>Ota yhteytt\u00e4<\/strong><\/a>, niin jutellaan lis\u00e4\u00e4 ja suunnitellaan juuri sinun tarpeitasi vastaava kokonaisuus ammattitaitoisten tulkkiemme ja teknikkomme sek\u00e4 asianmukaisten laitteidemme avulla!<\/p>\n<p>Tutustu tarkemmin koko <a href=\"https:\/\/suomentulkkauspalvelu.fi\/konferenssitulkkaus\/\">konferenssitulkkauksemme<\/a> kirjoon!<\/p>\n<p>[\/et_pb_text][\/et_pb_column][\/et_pb_row][\/et_pb_section]<\/p>\n","protected":false},"excerpt":{"rendered":"<p>Simultaanitulkkaus et\u00e4n\u00e4Simultaanitulkkaus eli samanaikaistulkkaus onnistuu ammattitaitoisten tulkkien toimesta, asianmukaisella tekniikalla varustettuna sek\u00e4 teknikon valvomana hyvin my\u00f6s et\u00e4n\u00e4.Simultaanitulkkaus onnistuu et\u00e4n\u00e4 juuri sinun tarpeidesi mukaisesti Mik\u00e4li suurten tilaisuuksien j\u00e4rjest\u00e4minen fyysisesti paikan p\u00e4\u00e4ll\u00e4 ei ole mahdollista, onnistuu samaan aikaan alkuper\u00e4isen puheen kanssa tapahtuva simultaanitulkkaus eli samanaikaistulkkaus k\u00e4tev\u00e4sti my\u00f6s et\u00e4n\u00e4! N\u00e4in ollen virtuaalitapahtuman j\u00e4rjest\u00e4j\u00e4, osallistujat, tulkki ja teknikko voivat [&hellip;]<\/p>\n","protected":false},"author":1,"featured_media":0,"parent":0,"menu_order":0,"comment_status":"closed","ping_status":"closed","template":"","meta":{"_et_pb_use_builder":"on","_et_pb_old_content":"","_et_gb_content_width":"","footnotes":""},"categories":[],"class_list":["post-5053","page","type-page","status-publish","hentry"],"_links":{"self":[{"href":"https:\/\/suomentulkkauspalvelu.fi\/en\/wp-json\/wp\/v2\/pages\/5053","targetHints":{"allow":["GET"]}}],"collection":[{"href":"https:\/\/suomentulkkauspalvelu.fi\/en\/wp-json\/wp\/v2\/pages"}],"about":[{"href":"https:\/\/suomentulkkauspalvelu.fi\/en\/wp-json\/wp\/v2\/types\/page"}],"author":[{"embeddable":true,"href":"https:\/\/suomentulkkauspalvelu.fi\/en\/wp-json\/wp\/v2\/users\/1"}],"replies":[{"embeddable":true,"href":"https:\/\/suomentulkkauspalvelu.fi\/en\/wp-json\/wp\/v2\/comments?post=5053"}],"version-history":[{"count":11,"href":"https:\/\/suomentulkkauspalvelu.fi\/en\/wp-json\/wp\/v2\/pages\/5053\/revisions"}],"predecessor-version":[{"id":5070,"href":"https:\/\/suomentulkkauspalvelu.fi\/en\/wp-json\/wp\/v2\/pages\/5053\/revisions\/5070"}],"wp:attachment":[{"href":"https:\/\/suomentulkkauspalvelu.fi\/en\/wp-json\/wp\/v2\/media?parent=5053"}],"wp:term":[{"taxonomy":"category","embeddable":true,"href":"https:\/\/suomentulkkauspalvelu.fi\/en\/wp-json\/wp\/v2\/categories?post=5053"}],"curies":[{"name":"wp","href":"https:\/\/api.w.org\/{rel}","templated":true}]}}