{"id":5251,"date":"2024-02-09T14:17:59","date_gmt":"2024-02-09T12:17:59","guid":{"rendered":"https:\/\/suomentulkkauspalvelu.fi\/?page_id=5251"},"modified":"2024-03-14T14:25:41","modified_gmt":"2024-03-14T12:25:41","slug":"tekstityspalvelu-videon-tekstitys-2","status":"publish","type":"page","link":"https:\/\/suomentulkkauspalvelu.fi\/en\/tekstityspalvelu-videon-tekstitys-2\/","title":{"rendered":"Subtitle service \u2013 Video subtitles"},"content":{"rendered":"<p>[et_pb_section fb_built=&#8221;1&#8243; admin_label=&#8221;Header&#8221; _builder_version=&#8221;4.24.0&#8243; _module_preset=&#8221;default&#8221; background_color=&#8221;#FFFFFF&#8221; collapsed=&#8221;on&#8221; global_colors_info=&#8221;{}&#8221;][et_pb_row _builder_version=&#8221;4.22.0&#8243; _module_preset=&#8221;default&#8221; global_colors_info=&#8221;{}&#8221;][et_pb_column type=&#8221;4_4&#8243; _builder_version=&#8221;4.22.0&#8243; _module_preset=&#8221;default&#8221; global_colors_info=&#8221;{}&#8221;][et_pb_text _builder_version=&#8221;4.22.0&#8243; _module_preset=&#8221;b906c1ec-55d7-4c92-b3f2-36e009c86acc&#8221; global_colors_info=&#8221;{}&#8221;]<\/p>\n<h1>Tekstityspalvelu \u2013 Videon tekstitys<\/h1>\n<p>[\/et_pb_text][\/et_pb_column][\/et_pb_row][et_pb_row column_structure=&#8221;3_5,2_5&#8243; _builder_version=&#8221;4.22.0&#8243; _module_preset=&#8221;default&#8221; global_colors_info=&#8221;{}&#8221;][et_pb_column type=&#8221;3_5&#8243; _builder_version=&#8221;4.22.0&#8243; _module_preset=&#8221;default&#8221; global_colors_info=&#8221;{}&#8221;][et_pb_text _builder_version=&#8221;4.24.0&#8243; _module_preset=&#8221;default&#8221; global_colors_info=&#8221;{}&#8221;]<\/p>\n<h3>Digitaalisessa maailmassa videosis\u00e4ll\u00f6n merkitys korostuu<\/h3>\n<p>[\/et_pb_text][et_pb_text _builder_version=&#8221;4.24.0&#8243; _module_preset=&#8221;2efbe1eb-dc25-4dd5-b71b-78fb444f8fa5&#8243; global_colors_info=&#8221;{}&#8221;]<\/p>\n<p>Nopeatempoisessa Internet-ajassa tehokas tapa v\u00e4litt\u00e4\u00e4 tietoa ovat sis\u00e4ll\u00f6lt\u00e4\u00e4n ter\u00e4v\u00e4t ja nopeat \u2013 tai vaihtoehtoisesti syv\u00e4luotaavat ja yksityiskohtaiset videot. Lokalisointi puhutulle kielelle on usein tarpeellista, mutta sen rinnalla ja vaihtoehtona tekstitys on edelleen tarpeellista.<\/p>\n<p>Tekstitys on vieraskieliselle videolle k\u00e4yt\u00e4nn\u00f6ss\u00e4 v\u00e4ltt\u00e4m\u00e4tt\u00f6myys, vaikka kielen perustaidot olisivatkin kohderyhm\u00e4ll\u00e4 hallussa. Esimerkiksi englanninkieliset videotkin on Pohjoismaissakin syyt\u00e4 tekstitt\u00e4\u00e4, vaikka v\u00e4est\u00f6 osaakin kielt\u00e4 keskim\u00e4\u00e4rin kohtuullisen hyvin, sill\u00e4 k\u00e4yt\u00e4nn\u00f6ss\u00e4 suuri osa ei pysty sujuvasti seuraamaan englanninkielist\u00e4 videota ilman tekstityst\u00e4.<\/p>\n<p>Suomen Tulkkauspalvelu Oy tarjoaa tekstityspalvelua monella eri kielell\u00e4. Palvelumme mahdollistaa monipuolisen sis\u00e4ll\u00f6n saavutettavuuden eri kohdeyleis\u00f6ille. Tekstitys tukee kielitaitoa ja auttaa ymm\u00e4rt\u00e4m\u00e4\u00e4n videoiden sis\u00e4lt\u00f6\u00e4 selke\u00e4sti ja helposti eri kieliryhmille. Laadukas tekstitys lis\u00e4\u00e4 katsojakokemuksen monimuotoisuutta ja tekee sis\u00e4ll\u00f6st\u00e4 saavutettavampaa laajalle yleis\u00f6lle.<\/p>\n<p>[\/et_pb_text][\/et_pb_column][et_pb_column type=&#8221;2_5&#8243; _builder_version=&#8221;4.22.0&#8243; _module_preset=&#8221;default&#8221; global_colors_info=&#8221;{}&#8221;][et_pb_image src=&#8221;https:\/\/suomentulkkauspalvelu.fi\/wp-content\/uploads\/Tekstityspalvelu-\u2013-Videon-tekstitys.jpg&#8221; alt=&#8221;Tekstityspalvelu \u2013 Videon tekstitys&#8221; title_text=&#8221;Tekstityspalvelu \u2013 Videon tekstitys&#8221; _builder_version=&#8221;4.24.0&#8243; _module_preset=&#8221;default&#8221; global_colors_info=&#8221;{}&#8221;][\/et_pb_image][\/et_pb_column][\/et_pb_row][\/et_pb_section][et_pb_section fb_built=&#8221;1&#8243; make_equal=&#8221;on&#8221; specialty=&#8221;on&#8221; background_color_1=&#8221;#FFFFFF&#8221; bg_img_2=&#8221;https:\/\/suomentulkkauspalvelu.fi\/wp-content\/uploads\/Tekstityspalvelu-\u2013-Videon-tekstitys_Suomen_Tulkkauspalvelu.jpg&#8221; admin_label=&#8221;Features&#8221; _builder_version=&#8221;4.24.0&#8243; _module_preset=&#8221;default&#8221; background_color=&#8221;gcid-3cfc8c0c-5557-4a5d-9dab-24e78d615311&#8243; saved_tabs=&#8221;all&#8221; collapsed=&#8221;on&#8221; global_colors_info=&#8221;{%22gcid-3cfc8c0c-5557-4a5d-9dab-24e78d615311%22:%91%22background_color%22%93}&#8221;][et_pb_column type=&#8221;2_3&#8243; specialty_columns=&#8221;2&#8243; _builder_version=&#8221;4.16&#8243; _module_preset=&#8221;default&#8221; custom_padding=&#8221;|||&#8221; global_colors_info=&#8221;{}&#8221; custom_padding__hover=&#8221;|||&#8221;][et_pb_row_inner custom_padding_last_edited=&#8221;on|tablet&#8221; _builder_version=&#8221;4.22.0&#8243; _module_preset=&#8221;default&#8221; custom_padding=&#8221;60px|60px|0px|60px|false|true&#8221; custom_padding_tablet=&#8221;30px|30px||30px|false|true&#8221; custom_padding_phone=&#8221;20px|20px||20px|false|true&#8221; global_colors_info=&#8221;{}&#8221;][et_pb_column_inner saved_specialty_column_type=&#8221;2_3&#8243; _builder_version=&#8221;4.22.0&#8243; _module_preset=&#8221;default&#8221; global_colors_info=&#8221;{}&#8221;][et_pb_text _builder_version=&#8221;4.24.0&#8243; _module_preset=&#8221;1069ec32-959e-4a84-a551-7709cc793637&#8243; global_colors_info=&#8221;{}&#8221;]<\/p>\n<h3>Erityisryhm\u00e4t ja saavutettavuus<\/h3>\n<p>[\/et_pb_text][\/et_pb_column_inner][\/et_pb_row_inner][et_pb_row_inner custom_padding_last_edited=&#8221;on|tablet&#8221; _builder_version=&#8221;4.22.0&#8243; _module_preset=&#8221;default&#8221; custom_padding=&#8221;|60px|60px|60px|false|true&#8221; custom_padding_tablet=&#8221;|30px|30px|30px|false|true&#8221; custom_padding_phone=&#8221;|20px|20px|20px|false|true&#8221; global_colors_info=&#8221;{}&#8221;][et_pb_column_inner saved_specialty_column_type=&#8221;2_3&#8243; _builder_version=&#8221;4.22.0&#8243; _module_preset=&#8221;default&#8221; global_colors_info=&#8221;{}&#8221;][et_pb_text _builder_version=&#8221;4.24.0&#8243; _module_preset=&#8221;b480717d-30f7-48e3-9910-f6b89106aff1&#8243; global_colors_info=&#8221;{}&#8221;]<\/p>\n<p>Saavutettavuuden kannalta tekstitt\u00e4minen on k\u00e4yt\u00e4nn\u00f6ss\u00e4 pakollista, sill\u00e4 kuulovammaiset tarvitsevat tekstityst\u00e4 ymm\u00e4rt\u00e4\u00e4kseen videon sis\u00e4ll\u00f6n. Videoita my\u00f6s seurataan usein esimerkiksi mobiililaitteella julkisella paikalla, eik\u00e4 \u00e4\u00e4nt\u00e4 v\u00e4ltt\u00e4m\u00e4tt\u00e4 voida tai haluta kuulla videon seuraamiseksi. Hakukoneet my\u00f6s lukevat tekstitystiedostosta videon sis\u00e4ll\u00f6n paremmin, mik\u00e4 parantaa verkkosivuilla olevien videosis\u00e4lt\u00f6jen hakukonel\u00f6ydett\u00e4vyytt\u00e4.<\/p>\n<p><span>Lis\u00e4ksi tekstitys mahdollistaa tehokkaan informaation jakamisen sosiaalisessa mediassa, miss\u00e4 \u00e4\u00e4ni ei aina ole k\u00e4yt\u00f6ss\u00e4.<\/span><\/p>\n<p>[\/et_pb_text][\/et_pb_column_inner][\/et_pb_row_inner][\/et_pb_column][et_pb_column type=&#8221;1_3&#8243; _builder_version=&#8221;4.16&#8243; _module_preset=&#8221;default&#8221; custom_padding=&#8221;|||&#8221; global_colors_info=&#8221;{}&#8221; custom_padding__hover=&#8221;|||&#8221;][et_pb_divider show_divider=&#8221;off&#8221; _builder_version=&#8221;4.22.0&#8243; _module_preset=&#8221;default&#8221; height_tablet=&#8221;40vw&#8221; height_phone=&#8221;40vw&#8221; height_last_edited=&#8221;on|desktop&#8221; global_colors_info=&#8221;{}&#8221;][\/et_pb_divider][\/et_pb_column][\/et_pb_section][et_pb_section fb_built=&#8221;1&#8243; admin_label=&#8221;Header&#8221; _builder_version=&#8221;4.24.0&#8243; _module_preset=&#8221;default&#8221; background_color=&#8221;#FFFFFF&#8221; collapsed=&#8221;on&#8221; global_colors_info=&#8221;{}&#8221;][et_pb_row column_structure=&#8221;2_5,3_5&#8243; _builder_version=&#8221;4.22.0&#8243; _module_preset=&#8221;default&#8221; global_colors_info=&#8221;{}&#8221;][et_pb_column type=&#8221;2_5&#8243; _builder_version=&#8221;4.22.0&#8243; _module_preset=&#8221;default&#8221; global_colors_info=&#8221;{}&#8221;][et_pb_image src=&#8221;https:\/\/suomentulkkauspalvelu.fi\/wp-content\/uploads\/Tekstityspalvelu-\u2013-Videon-tekstitys-edullisesti.jpg&#8221; alt=&#8221;Tekstityspalvelu \u2013 Videon tekstitys edullisesti&#8221; title_text=&#8221;Tekstityspalvelu \u2013 Videon tekstitys edullisesti&#8221; _builder_version=&#8221;4.24.0&#8243; _module_preset=&#8221;default&#8221; global_colors_info=&#8221;{}&#8221;][\/et_pb_image][\/et_pb_column][et_pb_column type=&#8221;3_5&#8243; _builder_version=&#8221;4.22.0&#8243; _module_preset=&#8221;default&#8221; global_colors_info=&#8221;{}&#8221;][et_pb_text _builder_version=&#8221;4.24.0&#8243; _module_preset=&#8221;default&#8221; global_colors_info=&#8221;{}&#8221;]<\/p>\n<h3>Kymmenen syyt\u00e4, miksi video kannattaa tekstitt\u00e4\u00e4<\/h3>\n<p>[\/et_pb_text][et_pb_text _builder_version=&#8221;4.24.0&#8243; _module_preset=&#8221;2efbe1eb-dc25-4dd5-b71b-78fb444f8fa5&#8243; global_colors_info=&#8221;{}&#8221;]<\/p>\n<ol>\n<li>Saavutettavuus kuulovammaisille ja kielivaikeuksista k\u00e4rsiville.<\/li>\n<li>Auttaa tilanteissa, joissa \u00e4\u00e4nen k\u00e4ytt\u00f6 ei ole mahdollista, kuten meluisissa ymp\u00e4rist\u00f6iss\u00e4 tai julkisissa kulkuneuvoissa.<\/li>\n<li>Parantaa sis\u00e4ll\u00f6n ymm\u00e4rrett\u00e4vyytt\u00e4 taustamelusta huolimatta.<\/li>\n<li>Helpottaa ei-\u00e4idinkielen\u00e4 puhutun kielen ymm\u00e4rt\u00e4mist\u00e4.<\/li>\n<li>Tukee lukivaikeuksista k\u00e4rsivi\u00e4 henkil\u00f6it\u00e4 sis\u00e4ll\u00f6n omaksumisessa.<\/li>\n<li>Selkeytt\u00e4\u00e4 videoiden viesti\u00e4 ja tekee sis\u00e4ll\u00f6st\u00e4 helpommin hahmotettavan.<\/li>\n<li>Mahdollistaa non-verbaalin viestinn\u00e4n ymm\u00e4rt\u00e4misen tapahtumien kuvailemisen kautta.<\/li>\n<li>Parantaa hakukonen\u00e4kyvyytt\u00e4 ja lis\u00e4\u00e4 sitoutumista sosiaalisessa mediassa.<\/li>\n<li>Tarjoaa vaihtoehdon \u00e4\u00e4nett\u00f6mille tai kuuroille katsojille.<\/li>\n<li>Edist\u00e4\u00e4 monipuolista ja inklusiivista viestint\u00e4\u00e4 eri kohdeyleis\u00f6ille.<\/li>\n<\/ol>\n<p>[\/et_pb_text][\/et_pb_column][\/et_pb_row][\/et_pb_section][et_pb_section fb_built=&#8221;1&#8243; admin_label=&#8221;Call to Action&#8221; _builder_version=&#8221;4.22.0&#8243; _module_preset=&#8221;default&#8221; background_color=&#8221;gcid-3cfc8c0c-5557-4a5d-9dab-24e78d615311&#8243; collapsed=&#8221;on&#8221; global_colors_info=&#8221;{%22gcid-3cfc8c0c-5557-4a5d-9dab-24e78d615311%22:%91%22background_color%22%93}&#8221;][et_pb_row column_structure=&#8221;1_3,2_3&#8243; _builder_version=&#8221;4.22.0&#8243; _module_preset=&#8221;default&#8221; global_colors_info=&#8221;{}&#8221;][et_pb_column type=&#8221;1_3&#8243; _builder_version=&#8221;4.22.0&#8243; _module_preset=&#8221;default&#8221; global_colors_info=&#8221;{}&#8221;][et_pb_text _builder_version=&#8221;4.24.0&#8243; _module_preset=&#8221;1069ec32-959e-4a84-a551-7709cc793637&#8243; global_colors_info=&#8221;{}&#8221;]<\/p>\n<h3>Miksi Suomen Tulkkauspalvelu<\/h3>\n<p>[\/et_pb_text][\/et_pb_column][et_pb_column type=&#8221;2_3&#8243; _builder_version=&#8221;4.22.0&#8243; _module_preset=&#8221;default&#8221; global_colors_info=&#8221;{}&#8221;][et_pb_text _builder_version=&#8221;4.24.0&#8243; _module_preset=&#8221;2efbe1eb-dc25-4dd5-b71b-78fb444f8fa5&#8243; global_colors_info=&#8221;{}&#8221;]<\/p>\n<p>Tarjoamme ammattitaitoista tekstityspalvelua vuosien kokemuksella, eritt\u00e4in laajalla kielivalikoimalla, tarkasti, nopeasti ja hyv\u00e4ll\u00e4 hinta-laatusuhteella. Olet sitten k\u00e4\u00e4nt\u00e4m\u00e4ss\u00e4 kansainv\u00e4list\u00e4 sis\u00e4lt\u00f6\u00e4 suomeksi tai suomenkielist\u00e4 sis\u00e4lt\u00f6\u00e4 useille kansainv\u00e4lisille kielille, olemme t\u00e4\u00e4ll\u00e4 auttamassa.<\/p>\n<p>Ota yhteytt\u00e4, niin katsotaan tekstityksellesi paras ratkaisu!<\/p>\n<p>[\/et_pb_text][et_pb_button button_url=&#8221;https:\/\/suomentulkkauspalvelu.fi\/tarjouspyynto-tekstitys\/&#8221; button_text=&#8221;Pyyd\u00e4 maksuton tarjous&#8221; _builder_version=&#8221;4.24.0&#8243; _module_preset=&#8221;5534cfa2-1cf8-4ed7-ac4e-823b70db3e8d&#8221; global_colors_info=&#8221;{}&#8221;][\/et_pb_button][\/et_pb_column][\/et_pb_row][\/et_pb_section]<\/p>\n","protected":false},"excerpt":{"rendered":"<p>Tekstityspalvelu \u2013 Videon tekstitysDigitaalisessa maailmassa videosis\u00e4ll\u00f6n merkitys korostuuNopeatempoisessa Internet-ajassa tehokas tapa v\u00e4litt\u00e4\u00e4 tietoa ovat sis\u00e4ll\u00f6lt\u00e4\u00e4n ter\u00e4v\u00e4t ja nopeat \u2013 tai vaihtoehtoisesti syv\u00e4luotaavat ja yksityiskohtaiset videot. Lokalisointi puhutulle kielelle on usein tarpeellista, mutta sen rinnalla ja vaihtoehtona tekstitys on edelleen tarpeellista. Tekstitys on vieraskieliselle videolle k\u00e4yt\u00e4nn\u00f6ss\u00e4 v\u00e4ltt\u00e4m\u00e4tt\u00f6myys, vaikka kielen perustaidot olisivatkin kohderyhm\u00e4ll\u00e4 hallussa. Esimerkiksi englanninkieliset videotkin [&hellip;]<\/p>\n","protected":false},"author":1,"featured_media":0,"parent":0,"menu_order":0,"comment_status":"closed","ping_status":"closed","template":"","meta":{"_et_pb_use_builder":"on","_et_pb_old_content":"","_et_gb_content_width":"","footnotes":""},"categories":[],"class_list":["post-5251","page","type-page","status-publish","hentry"],"_links":{"self":[{"href":"https:\/\/suomentulkkauspalvelu.fi\/en\/wp-json\/wp\/v2\/pages\/5251","targetHints":{"allow":["GET"]}}],"collection":[{"href":"https:\/\/suomentulkkauspalvelu.fi\/en\/wp-json\/wp\/v2\/pages"}],"about":[{"href":"https:\/\/suomentulkkauspalvelu.fi\/en\/wp-json\/wp\/v2\/types\/page"}],"author":[{"embeddable":true,"href":"https:\/\/suomentulkkauspalvelu.fi\/en\/wp-json\/wp\/v2\/users\/1"}],"replies":[{"embeddable":true,"href":"https:\/\/suomentulkkauspalvelu.fi\/en\/wp-json\/wp\/v2\/comments?post=5251"}],"version-history":[{"count":7,"href":"https:\/\/suomentulkkauspalvelu.fi\/en\/wp-json\/wp\/v2\/pages\/5251\/revisions"}],"predecessor-version":[{"id":5275,"href":"https:\/\/suomentulkkauspalvelu.fi\/en\/wp-json\/wp\/v2\/pages\/5251\/revisions\/5275"}],"wp:attachment":[{"href":"https:\/\/suomentulkkauspalvelu.fi\/en\/wp-json\/wp\/v2\/media?parent=5251"}],"wp:term":[{"taxonomy":"category","embeddable":true,"href":"https:\/\/suomentulkkauspalvelu.fi\/en\/wp-json\/wp\/v2\/categories?post=5251"}],"curies":[{"name":"wp","href":"https:\/\/api.w.org\/{rel}","templated":true}]}}