{"id":5287,"date":"2024-03-14T14:17:36","date_gmt":"2024-03-14T12:17:36","guid":{"rendered":"https:\/\/suomentulkkauspalvelu.fi\/?page_id=5287"},"modified":"2024-03-14T14:17:36","modified_gmt":"2024-03-14T12:17:36","slug":"kielikoulutus","status":"publish","type":"page","link":"https:\/\/suomentulkkauspalvelu.fi\/en\/kielikoulutus\/","title":{"rendered":"Language training"},"content":{"rendered":"<p>[et_pb_section fb_built=&#8221;1&#8243; admin_label=&#8221;Header&#8221; _builder_version=&#8221;4.24.0&#8243; _module_preset=&#8221;default&#8221; background_color=&#8221;#FFFFFF&#8221; collapsed=&#8221;on&#8221; global_colors_info=&#8221;{}&#8221;][et_pb_row _builder_version=&#8221;4.22.0&#8243; _module_preset=&#8221;default&#8221; global_colors_info=&#8221;{}&#8221;][et_pb_column type=&#8221;4_4&#8243; _builder_version=&#8221;4.22.0&#8243; _module_preset=&#8221;default&#8221; global_colors_info=&#8221;{}&#8221;][et_pb_text _builder_version=&#8221;4.24.2&#8243; _module_preset=&#8221;b906c1ec-55d7-4c92-b3f2-36e009c86acc&#8221; hover_enabled=&#8221;0&#8243; global_colors_info=&#8221;{}&#8221; header_font_size=&#8221;50px&#8221; sticky_enabled=&#8221;0&#8243;]<\/p>\n<h1>Kielikoulutus ulkomaalaisille ty\u00f6ntekij\u00f6ille: Nopea kotoutuminen on kaikkien etu<\/h1>\n<p>[\/et_pb_text][\/et_pb_column][\/et_pb_row][et_pb_row column_structure=&#8221;3_5,2_5&#8243; _builder_version=&#8221;4.22.0&#8243; _module_preset=&#8221;default&#8221; global_colors_info=&#8221;{}&#8221;][et_pb_column type=&#8221;3_5&#8243; _builder_version=&#8221;4.22.0&#8243; _module_preset=&#8221;default&#8221; global_colors_info=&#8221;{}&#8221;][et_pb_text _builder_version=&#8221;4.24.2&#8243; _module_preset=&#8221;default&#8221; hover_enabled=&#8221;0&#8243; global_colors_info=&#8221;{}&#8221; sticky_enabled=&#8221;0&#8243;]<\/p>\n<h3>Haasteet ja mahdollisuudet monikulttuurisessa ty\u00f6ymp\u00e4rist\u00f6ss\u00e4<\/h3>\n<p>[\/et_pb_text][et_pb_text _builder_version=&#8221;4.24.2&#8243; _module_preset=&#8221;2efbe1eb-dc25-4dd5-b71b-78fb444f8fa5&#8243; hover_enabled=&#8221;0&#8243; global_colors_info=&#8221;{}&#8221; sticky_enabled=&#8221;0&#8243;]<\/p>\n<p>Monikulttuurinen ty\u00f6ymp\u00e4rist\u00f6 on maailmanlaajuisesti yleistyv\u00e4 ja pysyv\u00e4 ilmi\u00f6. My\u00f6s Suomessa yritykset pyrkiv\u00e4t houkuttelemaan ja rekrytoimaan lahjakkaita ty\u00f6ntekij\u00f6it\u00e4 kaikista maailman kolkista, sill\u00e4 diverssi ty\u00f6yhteis\u00f6 osaa hy\u00f6dynt\u00e4\u00e4 useiden kulttuurien parhaita puolia \u2013 ja toisaalta yrityksill\u00e4 on arkinen haaste riitt\u00e4v\u00e4ss\u00e4 ty\u00f6voiman saannissa.<\/p>\n<p>Kuitenkin, kun ty\u00f6ntekij\u00e4t ovat per\u00e4isin eri kulttuureista ja puhuvat eri kieli\u00e4, viestinn\u00e4n esteet voivat muodostua ja vaikuttaa negatiivisesti tiimin tehokkuuteen ja tuottavuuteen. Kielimuuri on yksi suurimmista haasteista monikulttuurisissa ty\u00f6ymp\u00e4rist\u00f6iss\u00e4.<\/p>\n<p>Kielitaidottomuus voi johtaa v\u00e4\u00e4rinymm\u00e4rryksiin, tiedon menetykseen ja tehottomaan yhteisty\u00f6h\u00f6n. Tehokas ja tarkoitushakuinen kielikoulutus nopeuttaa kotoutumista ja sitouttaa ty\u00f6ntekij\u00e4\u00e4 uuteen kotimaahansa sek\u00e4 koulutuksen tarjoavaan yritykseen.<\/p>\n<p>Nopea kotoutuminen on kaikkien etu.<\/p>\n<p>[\/et_pb_text][\/et_pb_column][et_pb_column type=&#8221;2_5&#8243; _builder_version=&#8221;4.22.0&#8243; _module_preset=&#8221;default&#8221; global_colors_info=&#8221;{}&#8221;][et_pb_image src=&#8221;https:\/\/suomentulkkauspalvelu.fi\/wp-content\/uploads\/Tekstityspalvelu-\u2013-Videon-tekstitys.jpg&#8221; alt=&#8221;Tekstityspalvelu \u2013 Videon tekstitys&#8221; title_text=&#8221;Tekstityspalvelu \u2013 Videon tekstitys&#8221; _builder_version=&#8221;4.24.0&#8243; _module_preset=&#8221;default&#8221; global_colors_info=&#8221;{}&#8221;][\/et_pb_image][\/et_pb_column][\/et_pb_row][\/et_pb_section][et_pb_section fb_built=&#8221;1&#8243; make_equal=&#8221;on&#8221; specialty=&#8221;on&#8221; background_color_1=&#8221;#FFFFFF&#8221; bg_img_2=&#8221;https:\/\/suomentulkkauspalvelu.fi\/wp-content\/uploads\/Tekstityspalvelu-\u2013-Videon-tekstitys_Suomen_Tulkkauspalvelu.jpg&#8221; admin_label=&#8221;Features&#8221; _builder_version=&#8221;4.24.0&#8243; _module_preset=&#8221;default&#8221; background_color=&#8221;gcid-3cfc8c0c-5557-4a5d-9dab-24e78d615311&#8243; saved_tabs=&#8221;all&#8221; collapsed=&#8221;on&#8221; global_colors_info=&#8221;{%22gcid-3cfc8c0c-5557-4a5d-9dab-24e78d615311%22:%91%22background_color%22%93}&#8221;][et_pb_column type=&#8221;2_3&#8243; specialty_columns=&#8221;2&#8243; _builder_version=&#8221;4.16&#8243; _module_preset=&#8221;default&#8221; custom_padding=&#8221;|||&#8221; global_colors_info=&#8221;{}&#8221; custom_padding__hover=&#8221;|||&#8221;][et_pb_row_inner custom_padding_last_edited=&#8221;on|tablet&#8221; _builder_version=&#8221;4.22.0&#8243; _module_preset=&#8221;default&#8221; custom_padding=&#8221;60px|60px|0px|60px|false|true&#8221; custom_padding_tablet=&#8221;30px|30px||30px|false|true&#8221; custom_padding_phone=&#8221;20px|20px||20px|false|true&#8221; global_colors_info=&#8221;{}&#8221;][et_pb_column_inner saved_specialty_column_type=&#8221;2_3&#8243; _builder_version=&#8221;4.22.0&#8243; _module_preset=&#8221;default&#8221; global_colors_info=&#8221;{}&#8221;][et_pb_text _builder_version=&#8221;4.24.2&#8243; _module_preset=&#8221;1069ec32-959e-4a84-a551-7709cc793637&#8243; hover_enabled=&#8221;0&#8243; global_colors_info=&#8221;{}&#8221; sticky_enabled=&#8221;0&#8243;]<\/p>\n<h3>Kielikoulutuksella kilpailuetua<\/h3>\n<p>[\/et_pb_text][\/et_pb_column_inner][\/et_pb_row_inner][et_pb_row_inner custom_padding_last_edited=&#8221;on|tablet&#8221; _builder_version=&#8221;4.22.0&#8243; _module_preset=&#8221;default&#8221; custom_padding=&#8221;|60px|60px|60px|false|true&#8221; custom_padding_tablet=&#8221;|30px|30px|30px|false|true&#8221; custom_padding_phone=&#8221;|20px|20px|20px|false|true&#8221; global_colors_info=&#8221;{}&#8221;][et_pb_column_inner saved_specialty_column_type=&#8221;2_3&#8243; _builder_version=&#8221;4.22.0&#8243; _module_preset=&#8221;default&#8221; global_colors_info=&#8221;{}&#8221;][et_pb_text _builder_version=&#8221;4.24.2&#8243; _module_preset=&#8221;b480717d-30f7-48e3-9910-f6b89106aff1&#8243; hover_enabled=&#8221;0&#8243; global_colors_info=&#8221;{}&#8221; sticky_enabled=&#8221;0&#8243;]<\/p>\n<p>Tavoitteellinen ja alusta alkaen todellista kielitaidon kohentumista tavoitteleva, mutta kulttuurin my\u00f6s kokonaisuutena k\u00e4sittelev\u00e4 koulutus antaa yritykselle monenlaisia kilpailuetuja:<\/p>\n<p>&nbsp;<\/p>\n<ol>\n<li><strong>Tehokas viestint\u00e4:<\/strong> Kielikoulutus mahdollistaa selke\u00e4n ja avoimen viestinn\u00e4n kaikkien tiimin j\u00e4senten v\u00e4lill\u00e4. Kun ty\u00f6ntekij\u00e4t ymm\u00e4rt\u00e4v\u00e4t toistensa kielt\u00e4, ideat ja ajatukset voivat virtailla esteett\u00f6m\u00e4sti.<\/li>\n<li><strong>Tiimity\u00f6 ja yhteisty\u00f6:<\/strong> Kielitaito edist\u00e4\u00e4 parempaa tiimity\u00f6t\u00e4 ja yhteisty\u00f6t\u00e4. Ty\u00f6ntekij\u00e4t tuntevat olonsa mukavammaksi jakaa n\u00e4k\u00f6kulmiaan ja ty\u00f6skennell\u00e4 yhdess\u00e4 kohti yhteisi\u00e4 tavoitteita.<\/li>\n<li><strong>Kulttuurinen herkkyys:<\/strong> Kielikoulutus opettaa my\u00f6s kulttuurista herkkyytt\u00e4 ja ymm\u00e4rryst\u00e4. Kun ty\u00f6ntekij\u00e4t oppivat kielen lis\u00e4ksi kulttuurisia k\u00e4yt\u00e4nt\u00f6j\u00e4, he pystyv\u00e4t paremmin sopeutumaan uuteen ty\u00f6ymp\u00e4rist\u00f6\u00f6n.<\/li>\n<li><strong>Ty\u00f6tyytyv\u00e4isyys:<\/strong> Tarjoamalla kielikoulutusta yritys osoittaa v\u00e4litt\u00e4v\u00e4ns\u00e4 ty\u00f6ntekij\u00f6idens\u00e4 tarpeista. Tyytyv\u00e4iset ty\u00f6ntekij\u00e4t ovat todenn\u00e4k\u00f6isemmin sitoutuneita ja motivoituneita.<\/li>\n<li><strong>Kansainv\u00e4linen liiketoiminta:<\/strong> Kielitaitoisten ty\u00f6ntekij\u00f6iden avulla yritys voi laajentua kansainv\u00e4lisille markkinoille ja vuorovaikutuksessa asiakkaiden kanssa eri kielill\u00e4.<\/li>\n<\/ol>\n<p>[\/et_pb_text][\/et_pb_column_inner][\/et_pb_row_inner][\/et_pb_column][et_pb_column type=&#8221;1_3&#8243; _builder_version=&#8221;4.16&#8243; _module_preset=&#8221;default&#8221; custom_padding=&#8221;|||&#8221; global_colors_info=&#8221;{}&#8221; custom_padding__hover=&#8221;|||&#8221;][et_pb_divider show_divider=&#8221;off&#8221; _builder_version=&#8221;4.22.0&#8243; _module_preset=&#8221;default&#8221; height_tablet=&#8221;40vw&#8221; height_phone=&#8221;40vw&#8221; height_last_edited=&#8221;on|desktop&#8221; global_colors_info=&#8221;{}&#8221;][\/et_pb_divider][\/et_pb_column][\/et_pb_section][et_pb_section fb_built=&#8221;1&#8243; admin_label=&#8221;Header&#8221; _builder_version=&#8221;4.24.0&#8243; _module_preset=&#8221;default&#8221; background_color=&#8221;#FFFFFF&#8221; collapsed=&#8221;on&#8221; global_colors_info=&#8221;{}&#8221;][et_pb_row column_structure=&#8221;2_5,3_5&#8243; _builder_version=&#8221;4.22.0&#8243; _module_preset=&#8221;default&#8221; global_colors_info=&#8221;{}&#8221;][et_pb_column type=&#8221;2_5&#8243; _builder_version=&#8221;4.22.0&#8243; _module_preset=&#8221;default&#8221; global_colors_info=&#8221;{}&#8221;][et_pb_image src=&#8221;https:\/\/suomentulkkauspalvelu.fi\/wp-content\/uploads\/Tekstityspalvelu-\u2013-Videon-tekstitys-edullisesti.jpg&#8221; alt=&#8221;Tekstityspalvelu \u2013 Videon tekstitys edullisesti&#8221; title_text=&#8221;Tekstityspalvelu \u2013 Videon tekstitys edullisesti&#8221; _builder_version=&#8221;4.24.0&#8243; _module_preset=&#8221;default&#8221; global_colors_info=&#8221;{}&#8221;][\/et_pb_image][\/et_pb_column][et_pb_column type=&#8221;3_5&#8243; _builder_version=&#8221;4.22.0&#8243; _module_preset=&#8221;default&#8221; global_colors_info=&#8221;{}&#8221;][et_pb_text _builder_version=&#8221;4.24.2&#8243; _module_preset=&#8221;default&#8221; hover_enabled=&#8221;0&#8243; global_colors_info=&#8221;{}&#8221; sticky_enabled=&#8221;0&#8243;]<\/p>\n<h3>Koulutuspolkumme rakennetaan yleens\u00e4 seuraavista palikoista:<\/h3>\n<p>[\/et_pb_text][et_pb_text _builder_version=&#8221;4.24.2&#8243; _module_preset=&#8221;2efbe1eb-dc25-4dd5-b71b-78fb444f8fa5&#8243; hover_enabled=&#8221;0&#8243; global_colors_info=&#8221;{}&#8221; sticky_enabled=&#8221;0&#8243;]<\/p>\n<ol>\n<li><strong>Kielitaitotasojen arviointi:<\/strong> Alkuvaiheessa on t\u00e4rke\u00e4\u00e4 arvioida jokaisen ty\u00f6ntekij\u00e4n kielitaitotaso. T\u00e4m\u00e4 auttaa suunnittelemaan r\u00e4\u00e4t\u00e4l\u00f6ityj\u00e4 koulutusohjelmia. K\u00e4yt\u00e4nn\u00f6ss\u00e4 t\u00e4m\u00e4 tarkoittaa kokonaisuuden suunnittelua yhdess\u00e4 tilaajayrityksen kanssa.<\/li>\n<li><strong>R\u00e4\u00e4t\u00e4l\u00f6idyt kurssit:<\/strong> Tarjoamme kielikursseja, jotka on r\u00e4\u00e4t\u00e4l\u00f6ity ammatin ja teht\u00e4v\u00e4n mukaan. Esimerkiksi, jos joku ty\u00f6skentelee ravintolan keitti\u00f6ss\u00e4, kielitaito keskittyy keitti\u00f6ss\u00e4 k\u00e4ytett\u00e4viin fraaseihin ja sanastoon.<\/li>\n<li><strong>K\u00e4yt\u00e4nn\u00f6n harjoitukset:<\/strong> Koulutus sis\u00e4lt\u00e4\u00e4 aina paljon k\u00e4yt\u00e4nn\u00f6n harjoituksia. Rohkaiseva tunnelma on t\u00e4ss\u00e4 t\u00e4rke\u00e4: kielt\u00e4 voi oppia vain k\u00e4ytt\u00e4m\u00e4ll\u00e4 sit\u00e4.<\/li>\n<li><strong>Kulttuurinen oppiminen:<\/strong> Kielikoulutuksen ohella opetamme aina kulttuurisia seikkoja sek\u00e4 suomalaisesta kulttuurista yleisesti, mutta my\u00f6s toimialasidonnaisesti.<\/li>\n<li><strong>Polku eteenp\u00e4in:<\/strong> Kun kielikoulutuksemme p\u00e4\u00e4ttyy, olemme osoittaneet kullekin ty\u00f6ntekij\u00e4lle selv\u00e4n polun, jolla jatkaa kehittymist\u00e4.<\/li>\n<\/ol>\n<p>[\/et_pb_text][\/et_pb_column][\/et_pb_row][\/et_pb_section][et_pb_section fb_built=&#8221;1&#8243; admin_label=&#8221;Call to Action&#8221; _builder_version=&#8221;4.22.0&#8243; _module_preset=&#8221;default&#8221; background_color=&#8221;gcid-3cfc8c0c-5557-4a5d-9dab-24e78d615311&#8243; collapsed=&#8221;on&#8221; global_colors_info=&#8221;{%22gcid-3cfc8c0c-5557-4a5d-9dab-24e78d615311%22:%91%22background_color%22%93}&#8221;][et_pb_row column_structure=&#8221;1_3,2_3&#8243; _builder_version=&#8221;4.22.0&#8243; _module_preset=&#8221;default&#8221; global_colors_info=&#8221;{}&#8221;][et_pb_column type=&#8221;1_3&#8243; _builder_version=&#8221;4.22.0&#8243; _module_preset=&#8221;default&#8221; global_colors_info=&#8221;{}&#8221;][et_pb_text _builder_version=&#8221;4.24.2&#8243; _module_preset=&#8221;1069ec32-959e-4a84-a551-7709cc793637&#8243; hover_enabled=&#8221;0&#8243; global_colors_info=&#8221;{}&#8221; sticky_enabled=&#8221;0&#8243;]<\/p>\n<h3>Suomen Tulkkauspalvelu kielikoulutuksen tarjoajana<\/h3>\n<p>[\/et_pb_text][\/et_pb_column][et_pb_column type=&#8221;2_3&#8243; _builder_version=&#8221;4.22.0&#8243; _module_preset=&#8221;default&#8221; global_colors_info=&#8221;{}&#8221;][et_pb_text _builder_version=&#8221;4.24.2&#8243; _module_preset=&#8221;2efbe1eb-dc25-4dd5-b71b-78fb444f8fa5&#8243; hover_enabled=&#8221;0&#8243; global_colors_info=&#8221;{}&#8221; sticky_enabled=&#8221;0&#8243;]<\/p>\n<p>Ota meihin yhteytt\u00e4, niin r\u00e4\u00e4t\u00e4l\u00f6id\u00e4\u00e4n juuri teid\u00e4n yrityksellenne sopiva koulutuskokonaisuus. Kouluttajamme ovat pedagogiikan ammattilaisia, ja sitoutuneet Suomen Tulkkauspalvelun yleiseen filosofiaan: jokaisella on oikeus tulla ymm\u00e4rretyksi \u2013 eli koulutuksen t\u00e4ytyy tuottaa todellista kyky\u00e4 ymm\u00e4rrykseen. Koulutusta ei j\u00e4rjestet\u00e4 koulutuksen vuoksi.<\/p>\n<p>[\/et_pb_text][et_pb_button button_url=&#8221;https:\/\/suomentulkkauspalvelu.fi\/tarjouspyynto-tekstitys\/&#8221; button_text=&#8221;Pyyd\u00e4 maksuton tarjous&#8221; _builder_version=&#8221;4.24.0&#8243; _module_preset=&#8221;5534cfa2-1cf8-4ed7-ac4e-823b70db3e8d&#8221; global_colors_info=&#8221;{}&#8221;][\/et_pb_button][\/et_pb_column][\/et_pb_row][\/et_pb_section]<\/p>\n","protected":false},"excerpt":{"rendered":"<p>Kielikoulutus ulkomaalaisille ty\u00f6ntekij\u00f6ille: Nopea kotoutuminen on kaikkien etuHaasteet ja mahdollisuudet monikulttuurisessa ty\u00f6ymp\u00e4rist\u00f6ss\u00e4Monikulttuurinen ty\u00f6ymp\u00e4rist\u00f6 on maailmanlaajuisesti yleistyv\u00e4 ja pysyv\u00e4 ilmi\u00f6. My\u00f6s Suomessa yritykset pyrkiv\u00e4t houkuttelemaan ja rekrytoimaan lahjakkaita ty\u00f6ntekij\u00f6it\u00e4 kaikista maailman kolkista, sill\u00e4 diverssi ty\u00f6yhteis\u00f6 osaa hy\u00f6dynt\u00e4\u00e4 useiden kulttuurien parhaita puolia \u2013 ja toisaalta yrityksill\u00e4 on arkinen haaste riitt\u00e4v\u00e4ss\u00e4 ty\u00f6voiman saannissa. Kuitenkin, kun ty\u00f6ntekij\u00e4t ovat per\u00e4isin [&hellip;]<\/p>\n","protected":false},"author":1,"featured_media":0,"parent":0,"menu_order":0,"comment_status":"closed","ping_status":"closed","template":"","meta":{"_et_pb_use_builder":"on","_et_pb_old_content":"","_et_gb_content_width":"","footnotes":""},"categories":[],"class_list":["post-5287","page","type-page","status-publish","hentry"],"_links":{"self":[{"href":"https:\/\/suomentulkkauspalvelu.fi\/en\/wp-json\/wp\/v2\/pages\/5287","targetHints":{"allow":["GET"]}}],"collection":[{"href":"https:\/\/suomentulkkauspalvelu.fi\/en\/wp-json\/wp\/v2\/pages"}],"about":[{"href":"https:\/\/suomentulkkauspalvelu.fi\/en\/wp-json\/wp\/v2\/types\/page"}],"author":[{"embeddable":true,"href":"https:\/\/suomentulkkauspalvelu.fi\/en\/wp-json\/wp\/v2\/users\/1"}],"replies":[{"embeddable":true,"href":"https:\/\/suomentulkkauspalvelu.fi\/en\/wp-json\/wp\/v2\/comments?post=5287"}],"version-history":[{"count":3,"href":"https:\/\/suomentulkkauspalvelu.fi\/en\/wp-json\/wp\/v2\/pages\/5287\/revisions"}],"predecessor-version":[{"id":5290,"href":"https:\/\/suomentulkkauspalvelu.fi\/en\/wp-json\/wp\/v2\/pages\/5287\/revisions\/5290"}],"wp:attachment":[{"href":"https:\/\/suomentulkkauspalvelu.fi\/en\/wp-json\/wp\/v2\/media?parent=5287"}],"wp:term":[{"taxonomy":"category","embeddable":true,"href":"https:\/\/suomentulkkauspalvelu.fi\/en\/wp-json\/wp\/v2\/categories?post=5287"}],"curies":[{"name":"wp","href":"https:\/\/api.w.org\/{rel}","templated":true}]}}