{"id":662,"date":"2018-02-18T14:24:27","date_gmt":"2018-02-18T12:24:27","guid":{"rendered":"https:\/\/suomentulkkauspalvelut.fi\/?page_id=662"},"modified":"2019-01-14T10:44:28","modified_gmt":"2019-01-14T08:44:28","slug":"palvelut","status":"publish","type":"page","link":"https:\/\/suomentulkkauspalvelu.fi\/en\/palvelut\/","title":{"rendered":"Services"},"content":{"rendered":"<p>[et_pb_section fb_built=&#8221;1&#8243; _builder_version=&#8221;3.18.2&#8243; background_image=&#8221;https:\/\/suomentulkkauspalvelut.fi\/wp-content\/uploads\/Suomen-Tulkkauspalvelut-Oy.jpg&#8221; background_color=&#8221;#0088cc&#8221;][et_pb_row custom_margin=&#8221;|||&#8221; _builder_version=&#8221;3.18.2&#8243; module_alignment=&#8221;center&#8221; custom_margin_tablet=&#8221;50px||50px|&#8221; custom_margin_phone=&#8221;20px||20px|&#8221; custom_margin_last_edited=&#8221;on|phone&#8221; animation_direction=&#8221;bottom&#8221;][et_pb_column type=&#8221;4_4&#8243; _builder_version=&#8221;3.0.47&#8243; parallax=&#8221;off&#8221; parallax_method=&#8221;on&#8221;][et_pb_text _builder_version=&#8221;3.18.2&#8243; text_font=&#8221;||||||||&#8221; link_font=&#8221;|600|||||||&#8221; link_text_color=&#8221;#494949&#8243; header_font=&#8221;|600|||||||&#8221; header_font_size=&#8221;52px&#8221; header_font_size_tablet=&#8221;35px&#8221; header_font_size_phone=&#8221;25px&#8221; header_font_size_last_edited=&#8221;on|phone&#8221; header_2_font=&#8221;|600|||||||&#8221; header_2_text_color=&#8221;#ffffff&#8221; header_2_font_size=&#8221;50px&#8221; header_2_font_size_phone=&#8221;24px&#8221; header_2_font_size_last_edited=&#8221;on|phone&#8221; header_3_font=&#8221;||||||||&#8221; header_3_font_size=&#8221;25px&#8221; header_3_font_size_tablet=&#8221;21px&#8221; header_3_font_size_phone=&#8221;16px&#8221; header_3_font_size_last_edited=&#8221;on|tablet&#8221; text_orientation=&#8221;center&#8221; background_layout=&#8221;dark&#8221; animation_style=&#8221;slide&#8221; animation_direction=&#8221;top&#8221;]<\/p>\n<h1>PALVELUT<\/h1>\n<p>[\/et_pb_text][\/et_pb_column][\/et_pb_row][\/et_pb_section][et_pb_section fb_built=&#8221;1&#8243; _builder_version=&#8221;3.0.105&#8243;][et_pb_row _builder_version=&#8221;3.0.105&#8243;][et_pb_column type=&#8221;1_2&#8243; _builder_version=&#8221;3.0.105&#8243; parallax=&#8221;off&#8221; parallax_method=&#8221;on&#8221;][et_pb_text _builder_version=&#8221;3.18.2&#8243; text_font=&#8221;||||||||&#8221; header_font=&#8221;|700|||||||&#8221; header_text_align=&#8221;center&#8221; header_text_color=&#8221;#ffffff&#8221; header_font_size=&#8221;40px&#8221; header_font_size_last_edited=&#8221;on|phone&#8221; header_2_font=&#8221;|800||on|||||&#8221; header_2_text_align=&#8221;center&#8221; header_2_text_color=&#8221;#ffffff&#8221; header_2_font_size=&#8221;40px&#8221; background_color=&#8221;rgba(0,0,0,0.5)&#8221; background_image=&#8221;https:\/\/suomentulkkauspalvelu.fi\/wp-content\/uploads\/kaannospalvelu.png&#8221; background_blend=&#8221;darken&#8221; box_shadow_style=&#8221;preset1&#8243; box_shadow_color=&#8221;#0088cc&#8221; custom_padding=&#8221;100px||100px|&#8221; animation_style=&#8221;bounce&#8221;]<\/p>\n<h2><a href=\"https:\/\/suomentulkkauspalvelu.fi\/kaannospalvelu\/\">K\u00c4\u00c4NN\u00d6S<\/a><\/h2>\n<p>[\/et_pb_text][\/et_pb_column][et_pb_column type=&#8221;1_2&#8243; _builder_version=&#8221;3.0.105&#8243; parallax=&#8221;off&#8221; parallax_method=&#8221;on&#8221;][et_pb_text _builder_version=&#8221;3.18.2&#8243; text_font=&#8221;||||||||&#8221; header_font=&#8221;|700|||||||&#8221; header_text_align=&#8221;center&#8221; header_text_color=&#8221;#ffffff&#8221; header_font_size=&#8221;40px&#8221; header_2_font=&#8221;|800||on|||||&#8221; header_2_text_align=&#8221;center&#8221; header_2_text_color=&#8221;#ffffff&#8221; header_2_font_size=&#8221;40px&#8221; background_color=&#8221;rgba(0,0,0,0.5)&#8221; background_image=&#8221;https:\/\/suomentulkkauspalvelu.fi\/wp-content\/uploads\/Suomen-Tulkkauspalvelu_Oy_.png&#8221; background_blend=&#8221;darken&#8221; box_shadow_style=&#8221;preset1&#8243; box_shadow_color=&#8221;#0088cc&#8221; custom_padding=&#8221;100px||100px|&#8221; animation_style=&#8221;bounce&#8221;]<\/p>\n<h2><a href=\"https:\/\/suomentulkkauspalvelu.fi\/tulkkipalvelu\/\">TULKKAUS<\/a><\/h2>\n<p>[\/et_pb_text][\/et_pb_column][\/et_pb_row][\/et_pb_section]<\/p>\n","protected":false},"excerpt":{"rendered":"<p>PALVELUTK\u00c4\u00c4NN\u00d6S TULKKAUS<\/p>","protected":false},"author":1,"featured_media":0,"parent":0,"menu_order":0,"comment_status":"closed","ping_status":"closed","template":"","meta":{"_et_pb_use_builder":"on","_et_pb_old_content":"","_et_gb_content_width":"","footnotes":""},"categories":[],"class_list":["post-662","page","type-page","status-publish","hentry"],"_links":{"self":[{"href":"https:\/\/suomentulkkauspalvelu.fi\/en\/wp-json\/wp\/v2\/pages\/662","targetHints":{"allow":["GET"]}}],"collection":[{"href":"https:\/\/suomentulkkauspalvelu.fi\/en\/wp-json\/wp\/v2\/pages"}],"about":[{"href":"https:\/\/suomentulkkauspalvelu.fi\/en\/wp-json\/wp\/v2\/types\/page"}],"author":[{"embeddable":true,"href":"https:\/\/suomentulkkauspalvelu.fi\/en\/wp-json\/wp\/v2\/users\/1"}],"replies":[{"embeddable":true,"href":"https:\/\/suomentulkkauspalvelu.fi\/en\/wp-json\/wp\/v2\/comments?post=662"}],"version-history":[{"count":0,"href":"https:\/\/suomentulkkauspalvelu.fi\/en\/wp-json\/wp\/v2\/pages\/662\/revisions"}],"wp:attachment":[{"href":"https:\/\/suomentulkkauspalvelu.fi\/en\/wp-json\/wp\/v2\/media?parent=662"}],"wp:term":[{"taxonomy":"category","embeddable":true,"href":"https:\/\/suomentulkkauspalvelu.fi\/en\/wp-json\/wp\/v2\/categories?post=662"}],"curies":[{"name":"wp","href":"https:\/\/api.w.org\/{rel}","templated":true}]}}